{"id":13125,"date":"2026-03-04T19:49:46","date_gmt":"2026-03-04T18:49:46","guid":{"rendered":"https:\/\/weinhundert.styleinc.eu\/?post_type=product&#038;p=13125"},"modified":"2026-03-10T21:24:10","modified_gmt":"2026-03-10T20:24:10","slug":"farnese-primo-2013-075-l","status":"publish","type":"product","link":"https:\/\/weinhundert.styleinc.eu\/da\/produkt\/farnese-primo-2013-075-l\/","title":{"rendered":"Farnese Primo 2013 0,75 l"},"content":{"rendered":"<p>Der Farnese Primo aus den Abruzzen ist ein unkomplizierter Rotwein mit echtem Charakter \u2013 genau das Richtige, wenn du nicht zu viel Ged\u00f6ns um ein gutes Glas Wein machen m\u00f6chtest. Der Montepulciano besticht mit w\u00fcrzigen Noten, reifen roten Fr\u00fcchten und einer angenehmen Frische, die ihn herrlich unkompliziert macht. Mit 13,5 Prozent Alkohol sitzt er perfekt im Sweetspot: nicht zu schwer, nicht zu leicht. Er schmeckt dir pur genauso gut wie zum Essen \u2013 probier ihn zu mediterrane Pasta mit Tomatensauce oder zu gegrilltem Fleisch.<\/p>\n","protected":false},"excerpt":{"rendered":"<p>W\u00fcrziger Montepulciano aus den Abruzzen mit roten Fr\u00fcchten und feiner Frische. Unkompliziert, lecker, immer eine gute Wahl.<\/p>\n","protected":false},"featured_media":13126,"comment_status":"open","ping_status":"closed","template":"","meta":{"_acf_changed":false,"_et_pb_use_builder":"","_et_pb_old_content":"","_et_gb_content_width":"","inline_featured_image":false,"_price":"4.99","_stock":"-1","_tribe_ticket_header":"","_tribe_default_ticket_provider":"","_ticket_start_date":"","_ticket_end_date":"","_tribe_ticket_show_description":"","_tribe_ticket_show_not_going":false,"_tribe_ticket_use_global_stock":"","_tribe_ticket_global_stock_level":"","_global_stock_mode":"","_global_stock_cap":"","_tribe_rsvp_for_event":"","_tribe_ticket_going_count":"","_tribe_ticket_not_going_count":"","_tribe_tickets_list":"[]","_tribe_ticket_has_attendee_info_fields":false},"product_brand":[],"product_cat":[119],"product_tag":[],"class_list":{"0":"post-13125","1":"product","2":"type-product","3":"status-publish","4":"has-post-thumbnail","6":"product_cat-rotwein","8":"first","9":"outofstock","10":"taxable","11":"shipping-taxable","12":"purchasable","13":"product-type-simple"},"acf":[],"_links":{"self":[{"href":"https:\/\/weinhundert.styleinc.eu\/da\/wp-json\/wp\/v2\/product\/13125","targetHints":{"allow":["GET"]}}],"collection":[{"href":"https:\/\/weinhundert.styleinc.eu\/da\/wp-json\/wp\/v2\/product"}],"about":[{"href":"https:\/\/weinhundert.styleinc.eu\/da\/wp-json\/wp\/v2\/types\/product"}],"replies":[{"embeddable":true,"href":"https:\/\/weinhundert.styleinc.eu\/da\/wp-json\/wp\/v2\/comments?post=13125"}],"wp:featuredmedia":[{"embeddable":true,"href":"https:\/\/weinhundert.styleinc.eu\/da\/wp-json\/wp\/v2\/media\/13126"}],"wp:attachment":[{"href":"https:\/\/weinhundert.styleinc.eu\/da\/wp-json\/wp\/v2\/media?parent=13125"}],"wp:term":[{"taxonomy":"product_brand","embeddable":true,"href":"https:\/\/weinhundert.styleinc.eu\/da\/wp-json\/wp\/v2\/product_brand?post=13125"},{"taxonomy":"product_cat","embeddable":true,"href":"https:\/\/weinhundert.styleinc.eu\/da\/wp-json\/wp\/v2\/product_cat?post=13125"},{"taxonomy":"product_tag","embeddable":true,"href":"https:\/\/weinhundert.styleinc.eu\/da\/wp-json\/wp\/v2\/product_tag?post=13125"}],"curies":[{"name":"wp","href":"https:\/\/api.w.org\/{rel}","templated":true}]}}