{"id":13110,"date":"2026-03-04T19:49:28","date_gmt":"2026-03-04T18:49:28","guid":{"rendered":"https:\/\/weinhundert.styleinc.eu\/?post_type=product&#038;p=13110"},"modified":"2026-03-10T21:24:04","modified_gmt":"2026-03-10T20:24:04","slug":"greyrock-pinot-noir-2013-075-l","status":"publish","type":"product","link":"https:\/\/weinhundert.styleinc.eu\/da\/produkt\/greyrock-pinot-noir-2013-075-l\/","title":{"rendered":"Greyrock Pinot Noir 2013 0,75 l"},"content":{"rendered":"<p>Dieser Pinot Noir aus Marlborough zeigt dir, warum Neuseeland bei Rotweinen immer mehr punktet. Mit feinen Noten von roten Beeren, leicht w\u00fcrzigen Nuancen und einer angenehmen Frische im Mund ist er der perfekte Begleiter f\u00fcr deine n\u00e4chste Weinrunde \u2013 nicht zu schwer, nicht zu leicht. Der 2013er hat schon sch\u00f6ne Reife entwickelt und schmeckt jetzt einfach richtig gut. Passt hervorragend zu Ente, gegrilltem Fisch oder auch zu kr\u00e4ftigen Pasta-Gerichten.<\/p>\n","protected":false},"excerpt":{"rendered":"<p>Neuseel\u00e4ndischer Pinot Noir mit Charme \u2013 reif, w\u00fcrzig und erfrischend zugleich.<\/p>\n","protected":false},"featured_media":13111,"comment_status":"open","ping_status":"closed","template":"","meta":{"_acf_changed":false,"_et_pb_use_builder":"","_et_pb_old_content":"","_et_gb_content_width":"","inline_featured_image":false,"_price":"5.99","_stock":"-1","_tribe_ticket_header":"","_tribe_default_ticket_provider":"","_ticket_start_date":"","_ticket_end_date":"","_tribe_ticket_show_description":"","_tribe_ticket_show_not_going":false,"_tribe_ticket_use_global_stock":"","_tribe_ticket_global_stock_level":"","_global_stock_mode":"","_global_stock_cap":"","_tribe_rsvp_for_event":"","_tribe_ticket_going_count":"","_tribe_ticket_not_going_count":"","_tribe_tickets_list":"[]","_tribe_ticket_has_attendee_info_fields":false},"product_brand":[],"product_cat":[119],"product_tag":[],"class_list":{"0":"post-13110","1":"product","2":"type-product","3":"status-publish","4":"has-post-thumbnail","6":"product_cat-rotwein","8":"first","9":"outofstock","10":"taxable","11":"shipping-taxable","12":"purchasable","13":"product-type-simple"},"acf":[],"_links":{"self":[{"href":"https:\/\/weinhundert.styleinc.eu\/da\/wp-json\/wp\/v2\/product\/13110","targetHints":{"allow":["GET"]}}],"collection":[{"href":"https:\/\/weinhundert.styleinc.eu\/da\/wp-json\/wp\/v2\/product"}],"about":[{"href":"https:\/\/weinhundert.styleinc.eu\/da\/wp-json\/wp\/v2\/types\/product"}],"replies":[{"embeddable":true,"href":"https:\/\/weinhundert.styleinc.eu\/da\/wp-json\/wp\/v2\/comments?post=13110"}],"wp:featuredmedia":[{"embeddable":true,"href":"https:\/\/weinhundert.styleinc.eu\/da\/wp-json\/wp\/v2\/media\/13111"}],"wp:attachment":[{"href":"https:\/\/weinhundert.styleinc.eu\/da\/wp-json\/wp\/v2\/media?parent=13110"}],"wp:term":[{"taxonomy":"product_brand","embeddable":true,"href":"https:\/\/weinhundert.styleinc.eu\/da\/wp-json\/wp\/v2\/product_brand?post=13110"},{"taxonomy":"product_cat","embeddable":true,"href":"https:\/\/weinhundert.styleinc.eu\/da\/wp-json\/wp\/v2\/product_cat?post=13110"},{"taxonomy":"product_tag","embeddable":true,"href":"https:\/\/weinhundert.styleinc.eu\/da\/wp-json\/wp\/v2\/product_tag?post=13110"}],"curies":[{"name":"wp","href":"https:\/\/api.w.org\/{rel}","templated":true}]}}