{"id":13095,"date":"2026-03-04T19:49:09","date_gmt":"2026-03-04T18:49:09","guid":{"rendered":"https:\/\/weinhundert.styleinc.eu\/?post_type=product&#038;p=13095"},"modified":"2026-03-10T21:23:58","modified_gmt":"2026-03-10T20:23:58","slug":"terlan-gewuerztraminer-2013-2013-075-l","status":"publish","type":"product","link":"https:\/\/weinhundert.styleinc.eu\/da\/produkt\/terlan-gewuerztraminer-2013-2013-075-l\/","title":{"rendered":"Terlan Gew\u00fcrztraminer 2013 2013 0,75 l"},"content":{"rendered":"<p>Dieser S\u00fcdtiroler Gew\u00fcrztraminer von Terlan \u00fcberrascht dich mit intensiven Aromen von Litschi und exotischen Fr\u00fcchten, die sofort ins Glas springen. Der Wein hat Kraft und Pers\u00f6nlichkeit, ohne dabei aufdringlich zu wirken \u2013 eine seltene Kombination, die du so nicht \u00fcberall findest. Mit 14,5 % Alkohol sitzt er perfekt im Gleichgewicht und l\u00e4sst sich herrlich zu asiatischen Gerichten, w\u00fcrzigem Curry oder auch zu kr\u00e4ftigem K\u00e4se genie\u00dfen. Ein echtes S\u00fcdtirol-Erlebnis mit Geschichte, denn dieser Jahrgang hat sich wunderbar entwickelt.<\/p>\n","protected":false},"excerpt":{"rendered":"<p>Intensiver S\u00fcdtiroler mit Litschi und exotischen Fr\u00fcchten. Kraftvoll und zeitlos zu asiatischen Speisen.<\/p>\n","protected":false},"featured_media":13096,"comment_status":"open","ping_status":"closed","template":"","meta":{"_acf_changed":false,"_et_pb_use_builder":"","_et_pb_old_content":"","_et_gb_content_width":"","inline_featured_image":false,"_price":"9.99","_stock":"-1","_tribe_ticket_header":"","_tribe_default_ticket_provider":"","_ticket_start_date":"","_ticket_end_date":"","_tribe_ticket_show_description":"","_tribe_ticket_show_not_going":false,"_tribe_ticket_use_global_stock":"","_tribe_ticket_global_stock_level":"","_global_stock_mode":"","_global_stock_cap":"","_tribe_rsvp_for_event":"","_tribe_ticket_going_count":"","_tribe_ticket_not_going_count":"","_tribe_tickets_list":"[]","_tribe_ticket_has_attendee_info_fields":false},"product_brand":[],"product_cat":[120],"product_tag":[],"class_list":{"0":"post-13095","1":"product","2":"type-product","3":"status-publish","4":"has-post-thumbnail","6":"product_cat-weisswein","8":"first","9":"outofstock","10":"taxable","11":"shipping-taxable","12":"purchasable","13":"product-type-simple"},"acf":[],"_links":{"self":[{"href":"https:\/\/weinhundert.styleinc.eu\/da\/wp-json\/wp\/v2\/product\/13095","targetHints":{"allow":["GET"]}}],"collection":[{"href":"https:\/\/weinhundert.styleinc.eu\/da\/wp-json\/wp\/v2\/product"}],"about":[{"href":"https:\/\/weinhundert.styleinc.eu\/da\/wp-json\/wp\/v2\/types\/product"}],"replies":[{"embeddable":true,"href":"https:\/\/weinhundert.styleinc.eu\/da\/wp-json\/wp\/v2\/comments?post=13095"}],"wp:featuredmedia":[{"embeddable":true,"href":"https:\/\/weinhundert.styleinc.eu\/da\/wp-json\/wp\/v2\/media\/13096"}],"wp:attachment":[{"href":"https:\/\/weinhundert.styleinc.eu\/da\/wp-json\/wp\/v2\/media?parent=13095"}],"wp:term":[{"taxonomy":"product_brand","embeddable":true,"href":"https:\/\/weinhundert.styleinc.eu\/da\/wp-json\/wp\/v2\/product_brand?post=13095"},{"taxonomy":"product_cat","embeddable":true,"href":"https:\/\/weinhundert.styleinc.eu\/da\/wp-json\/wp\/v2\/product_cat?post=13095"},{"taxonomy":"product_tag","embeddable":true,"href":"https:\/\/weinhundert.styleinc.eu\/da\/wp-json\/wp\/v2\/product_tag?post=13095"}],"curies":[{"name":"wp","href":"https:\/\/api.w.org\/{rel}","templated":true}]}}