{"id":13092,"date":"2026-03-04T19:49:04","date_gmt":"2026-03-04T18:49:04","guid":{"rendered":"https:\/\/weinhundert.styleinc.eu\/produkt\/argiano-solengo-2020-075-l\/"},"modified":"2026-03-10T21:23:56","modified_gmt":"2026-03-10T20:23:56","slug":"argiano-solengo-2020-075-l","status":"publish","type":"product","link":"https:\/\/weinhundert.styleinc.eu\/da\/produkt\/argiano-solengo-2020-075-l\/","title":{"rendered":"Argiano Solengo  2020 0,75 l"},"content":{"rendered":"<p>Dieser Rotwein aus dem Herzen der Toskana zeigt dir, warum Argiano im Montalcino so beliebt ist. Die Mischung aus Cabernet Sauvignon, Petit Verdot, Syrah und Merlot bringt dir w\u00fcrzige Noten, saftige Beeren und eine angenehme Frische ins Glas \u2013 perfekt, um nicht zu schwer zu werden. Der 2020er Jahrgang hat genug Charakter, um neben deftigen Speisen gl\u00e4nzen, aber auch so leicht zu trinken, dass du ihn einfach genie\u00dfen kannst. Passt hervorragend zu gegrilltem Fleisch, Pasta mit Wildrag\u00f9 oder w\u00fcrzigen K\u00e4sesorten.<\/p>\n","protected":false},"excerpt":{"rendered":"<p>Toskanischer Klassiker mit Biss: Argiano Solengo verbindet W\u00fcrze und Frucht zu einem unkomplizierten Genuss f\u00fcr jeden Tag.<\/p>\n","protected":false},"featured_media":13093,"comment_status":"open","ping_status":"closed","template":"","meta":{"_acf_changed":false,"_et_pb_use_builder":"","_et_pb_old_content":"","_et_gb_content_width":"","inline_featured_image":false,"_price":"59.90","_stock":"85","_tribe_ticket_header":"","_tribe_default_ticket_provider":"","_ticket_start_date":"","_ticket_end_date":"","_tribe_ticket_show_description":"","_tribe_ticket_show_not_going":false,"_tribe_ticket_use_global_stock":"","_tribe_ticket_global_stock_level":"","_global_stock_mode":"","_global_stock_cap":"","_tribe_rsvp_for_event":"","_tribe_ticket_going_count":"","_tribe_ticket_not_going_count":"","_tribe_tickets_list":"[]","_tribe_ticket_has_attendee_info_fields":false},"product_brand":[],"product_cat":[119],"product_tag":[],"class_list":{"0":"post-13092","1":"product","2":"type-product","3":"status-publish","4":"has-post-thumbnail","6":"product_cat-rotwein","8":"first","9":"instock","10":"taxable","11":"shipping-taxable","12":"purchasable","13":"product-type-simple"},"acf":[],"_links":{"self":[{"href":"https:\/\/weinhundert.styleinc.eu\/da\/wp-json\/wp\/v2\/product\/13092","targetHints":{"allow":["GET"]}}],"collection":[{"href":"https:\/\/weinhundert.styleinc.eu\/da\/wp-json\/wp\/v2\/product"}],"about":[{"href":"https:\/\/weinhundert.styleinc.eu\/da\/wp-json\/wp\/v2\/types\/product"}],"replies":[{"embeddable":true,"href":"https:\/\/weinhundert.styleinc.eu\/da\/wp-json\/wp\/v2\/comments?post=13092"}],"wp:featuredmedia":[{"embeddable":true,"href":"https:\/\/weinhundert.styleinc.eu\/da\/wp-json\/wp\/v2\/media\/13093"}],"wp:attachment":[{"href":"https:\/\/weinhundert.styleinc.eu\/da\/wp-json\/wp\/v2\/media?parent=13092"}],"wp:term":[{"taxonomy":"product_brand","embeddable":true,"href":"https:\/\/weinhundert.styleinc.eu\/da\/wp-json\/wp\/v2\/product_brand?post=13092"},{"taxonomy":"product_cat","embeddable":true,"href":"https:\/\/weinhundert.styleinc.eu\/da\/wp-json\/wp\/v2\/product_cat?post=13092"},{"taxonomy":"product_tag","embeddable":true,"href":"https:\/\/weinhundert.styleinc.eu\/da\/wp-json\/wp\/v2\/product_tag?post=13092"}],"curies":[{"name":"wp","href":"https:\/\/api.w.org\/{rel}","templated":true}]}}