{"id":13074,"date":"2026-03-04T19:48:27","date_gmt":"2026-03-04T18:48:27","guid":{"rendered":"https:\/\/weinhundert.styleinc.eu\/produkt\/la-scolca-gavi-valentino-2013-075-l\/"},"modified":"2026-03-10T21:23:48","modified_gmt":"2026-03-10T20:23:48","slug":"la-scolca-gavi-valentino-2013-075-l","status":"publish","type":"product","link":"https:\/\/weinhundert.styleinc.eu\/da\/produkt\/la-scolca-gavi-valentino-2013-075-l\/","title":{"rendered":"La Scolca Gavi Valentino  2013 0,75 l"},"content":{"rendered":"<p>Dieser Gavi aus dem Piemont ist ein echtes Arbeitstier am Weintisch \u2013 frisch, unkompliziert und immer zur Stelle, wenn es z\u00e4hlt. Die Cortese-Traube schenkt dir mineralische Noten mit feiner S\u00e4ure, die den Wein lebendig und erfrischend macht. Der Valentino von La Scolca \u00fcberzeugt mit seiner zeitlosen Authentizit\u00e4t und passt perfekt zu Meeresfr\u00fcchten, leichten Pasta-Gerichten oder einfach so beim Aperitif. Ein Klassiker, der nicht aus der Mode kommt.<\/p>\n","protected":false},"excerpt":{"rendered":"<p>Frischer piemontesischer Klassiker mit mineralischer Eleganz. Perfekt zu Fisch und Meeresfr\u00fcchten.<\/p>\n","protected":false},"featured_media":13075,"comment_status":"open","ping_status":"closed","template":"","meta":{"_acf_changed":false,"_et_pb_use_builder":"","_et_pb_old_content":"","_et_gb_content_width":"","inline_featured_image":false,"_price":"7.99","_stock":"6","_tribe_ticket_header":"","_tribe_default_ticket_provider":"","_ticket_start_date":"","_ticket_end_date":"","_tribe_ticket_show_description":"","_tribe_ticket_show_not_going":false,"_tribe_ticket_use_global_stock":"","_tribe_ticket_global_stock_level":"","_global_stock_mode":"","_global_stock_cap":"","_tribe_rsvp_for_event":"","_tribe_ticket_going_count":"","_tribe_ticket_not_going_count":"","_tribe_tickets_list":"[]","_tribe_ticket_has_attendee_info_fields":false},"product_brand":[],"product_cat":[120],"product_tag":[],"class_list":{"0":"post-13074","1":"product","2":"type-product","3":"status-publish","4":"has-post-thumbnail","6":"product_cat-weisswein","8":"first","9":"instock","10":"taxable","11":"shipping-taxable","12":"purchasable","13":"product-type-simple"},"acf":[],"_links":{"self":[{"href":"https:\/\/weinhundert.styleinc.eu\/da\/wp-json\/wp\/v2\/product\/13074","targetHints":{"allow":["GET"]}}],"collection":[{"href":"https:\/\/weinhundert.styleinc.eu\/da\/wp-json\/wp\/v2\/product"}],"about":[{"href":"https:\/\/weinhundert.styleinc.eu\/da\/wp-json\/wp\/v2\/types\/product"}],"replies":[{"embeddable":true,"href":"https:\/\/weinhundert.styleinc.eu\/da\/wp-json\/wp\/v2\/comments?post=13074"}],"wp:featuredmedia":[{"embeddable":true,"href":"https:\/\/weinhundert.styleinc.eu\/da\/wp-json\/wp\/v2\/media\/13075"}],"wp:attachment":[{"href":"https:\/\/weinhundert.styleinc.eu\/da\/wp-json\/wp\/v2\/media?parent=13074"}],"wp:term":[{"taxonomy":"product_brand","embeddable":true,"href":"https:\/\/weinhundert.styleinc.eu\/da\/wp-json\/wp\/v2\/product_brand?post=13074"},{"taxonomy":"product_cat","embeddable":true,"href":"https:\/\/weinhundert.styleinc.eu\/da\/wp-json\/wp\/v2\/product_cat?post=13074"},{"taxonomy":"product_tag","embeddable":true,"href":"https:\/\/weinhundert.styleinc.eu\/da\/wp-json\/wp\/v2\/product_tag?post=13074"}],"curies":[{"name":"wp","href":"https:\/\/api.w.org\/{rel}","templated":true}]}}