{"id":13068,"date":"2026-03-04T19:48:16","date_gmt":"2026-03-04T18:48:16","guid":{"rendered":"https:\/\/weinhundert.styleinc.eu\/?post_type=product&#038;p=13068"},"modified":"2026-03-10T21:23:47","modified_gmt":"2026-03-10T20:23:47","slug":"terlan-monticol-2011-075-l","status":"publish","type":"product","link":"https:\/\/weinhundert.styleinc.eu\/da\/produkt\/terlan-monticol-2011-075-l\/","title":{"rendered":"Terlan Monticol  2011 0,75 l"},"content":{"rendered":"<p>Dieser Pinot Noir aus S\u00fcdtirol zeigt dir, wie verfeinert italienische Rotweine sein k\u00f6nnen \u2013 ohne dabei steif zu wirken. Der 2011er Monticol von Terlan hat eine sch\u00f6ne Tiefenwirkung mit roten Beeren und feinen Kr\u00e4uternoten, die dich Schluck f\u00fcr Schluck \u00fcberraschen. Mit seinen 14,5% Alkohol sitzt er perfekt im Gleichgewicht und trinkt sich wunderbar geschmeidig weg. Lass ihn zu Wildgefl\u00fcgel, Pilzrisotto oder auch zu einer guten K\u00e4seplatte laufen \u2013 dieser Wein ist dein perfekter Begleiter f\u00fcr gesellige Abende.<\/p>\n","protected":false},"excerpt":{"rendered":"<p>S\u00fcdtiroler Pinot Noir mit Charakter \u2013 w\u00fcrzig, saftig, absolut trinkfreudig.<\/p>\n","protected":false},"featured_media":13069,"comment_status":"open","ping_status":"closed","template":"","meta":{"_acf_changed":false,"_et_pb_use_builder":"","_et_pb_old_content":"","_et_gb_content_width":"","inline_featured_image":false,"_price":"14.61","_stock":"-1","_tribe_ticket_header":"","_tribe_default_ticket_provider":"","_ticket_start_date":"","_ticket_end_date":"","_tribe_ticket_show_description":"","_tribe_ticket_show_not_going":false,"_tribe_ticket_use_global_stock":"","_tribe_ticket_global_stock_level":"","_global_stock_mode":"","_global_stock_cap":"","_tribe_rsvp_for_event":"","_tribe_ticket_going_count":"","_tribe_ticket_not_going_count":"","_tribe_tickets_list":"[]","_tribe_ticket_has_attendee_info_fields":false},"product_brand":[],"product_cat":[119],"product_tag":[],"class_list":{"0":"post-13068","1":"product","2":"type-product","3":"status-publish","4":"has-post-thumbnail","6":"product_cat-rotwein","8":"first","9":"outofstock","10":"taxable","11":"shipping-taxable","12":"purchasable","13":"product-type-simple"},"acf":[],"_links":{"self":[{"href":"https:\/\/weinhundert.styleinc.eu\/da\/wp-json\/wp\/v2\/product\/13068","targetHints":{"allow":["GET"]}}],"collection":[{"href":"https:\/\/weinhundert.styleinc.eu\/da\/wp-json\/wp\/v2\/product"}],"about":[{"href":"https:\/\/weinhundert.styleinc.eu\/da\/wp-json\/wp\/v2\/types\/product"}],"replies":[{"embeddable":true,"href":"https:\/\/weinhundert.styleinc.eu\/da\/wp-json\/wp\/v2\/comments?post=13068"}],"wp:featuredmedia":[{"embeddable":true,"href":"https:\/\/weinhundert.styleinc.eu\/da\/wp-json\/wp\/v2\/media\/13069"}],"wp:attachment":[{"href":"https:\/\/weinhundert.styleinc.eu\/da\/wp-json\/wp\/v2\/media?parent=13068"}],"wp:term":[{"taxonomy":"product_brand","embeddable":true,"href":"https:\/\/weinhundert.styleinc.eu\/da\/wp-json\/wp\/v2\/product_brand?post=13068"},{"taxonomy":"product_cat","embeddable":true,"href":"https:\/\/weinhundert.styleinc.eu\/da\/wp-json\/wp\/v2\/product_cat?post=13068"},{"taxonomy":"product_tag","embeddable":true,"href":"https:\/\/weinhundert.styleinc.eu\/da\/wp-json\/wp\/v2\/product_tag?post=13068"}],"curies":[{"name":"wp","href":"https:\/\/api.w.org\/{rel}","templated":true}]}}