{"id":13038,"date":"2026-03-04T19:47:35","date_gmt":"2026-03-04T18:47:35","guid":{"rendered":"https:\/\/weinhundert.styleinc.eu\/?post_type=product&#038;p=13038"},"modified":"2026-03-10T21:23:40","modified_gmt":"2026-03-10T20:23:40","slug":"lunae-colli-di-luni-vermentino-etichetta-grigia-2014-075-l","status":"publish","type":"product","link":"https:\/\/weinhundert.styleinc.eu\/da\/produkt\/lunae-colli-di-luni-vermentino-etichetta-grigia-2014-075-l\/","title":{"rendered":"Lunae Colli di Luni Vermentino Etichetta Grigia 2014 0,75 l"},"content":{"rendered":"<p>Dieser Vermentino aus Ligurien ist genau dein Typ, wenn du salzige, mineralische Wei\u00dfweine magst, die nach Meer schmecken. Die Etichetta Grigia von Cantine Lunae punktet mit ihrer frischen Pers\u00f6nlichkeit und dem angenehmen K\u00f6rper \u2013 nicht zu d\u00fcnn, nicht zu schwer, einfach gut trinkbar. Der 2014er Jahrgang hat sich sch\u00f6n entwickelt und zeigt jetzt seine volle Charakterst\u00e4rke: Zitrusaromen treffen auf w\u00fcrzige Noten und ein herrliches Salzige im Abgang. Perfekt zu Fischgerichten, Meeresfr\u00fcchten oder leichten Pastas mit Gem\u00fcse.<\/p>\n","protected":false},"excerpt":{"rendered":"<p>Ligurischer Vermentino mit Salzigkeit und mineralischem Flair \u2013 nach Meer schmeckender Klassiker f\u00fcr jeden Tag.<\/p>\n","protected":false},"featured_media":13039,"comment_status":"open","ping_status":"closed","template":"","meta":{"_acf_changed":false,"_et_pb_use_builder":"","_et_pb_old_content":"","_et_gb_content_width":"","inline_featured_image":false,"_price":"7.49","_stock":"-1","_tribe_ticket_header":"","_tribe_default_ticket_provider":"","_ticket_start_date":"","_ticket_end_date":"","_tribe_ticket_show_description":"","_tribe_ticket_show_not_going":false,"_tribe_ticket_use_global_stock":"","_tribe_ticket_global_stock_level":"","_global_stock_mode":"","_global_stock_cap":"","_tribe_rsvp_for_event":"","_tribe_ticket_going_count":"","_tribe_ticket_not_going_count":"","_tribe_tickets_list":"[]","_tribe_ticket_has_attendee_info_fields":false},"product_brand":[],"product_cat":[120],"product_tag":[],"class_list":{"0":"post-13038","1":"product","2":"type-product","3":"status-publish","4":"has-post-thumbnail","6":"product_cat-weisswein","8":"first","9":"outofstock","10":"taxable","11":"shipping-taxable","12":"purchasable","13":"product-type-simple"},"acf":[],"_links":{"self":[{"href":"https:\/\/weinhundert.styleinc.eu\/da\/wp-json\/wp\/v2\/product\/13038","targetHints":{"allow":["GET"]}}],"collection":[{"href":"https:\/\/weinhundert.styleinc.eu\/da\/wp-json\/wp\/v2\/product"}],"about":[{"href":"https:\/\/weinhundert.styleinc.eu\/da\/wp-json\/wp\/v2\/types\/product"}],"replies":[{"embeddable":true,"href":"https:\/\/weinhundert.styleinc.eu\/da\/wp-json\/wp\/v2\/comments?post=13038"}],"wp:featuredmedia":[{"embeddable":true,"href":"https:\/\/weinhundert.styleinc.eu\/da\/wp-json\/wp\/v2\/media\/13039"}],"wp:attachment":[{"href":"https:\/\/weinhundert.styleinc.eu\/da\/wp-json\/wp\/v2\/media?parent=13038"}],"wp:term":[{"taxonomy":"product_brand","embeddable":true,"href":"https:\/\/weinhundert.styleinc.eu\/da\/wp-json\/wp\/v2\/product_brand?post=13038"},{"taxonomy":"product_cat","embeddable":true,"href":"https:\/\/weinhundert.styleinc.eu\/da\/wp-json\/wp\/v2\/product_cat?post=13038"},{"taxonomy":"product_tag","embeddable":true,"href":"https:\/\/weinhundert.styleinc.eu\/da\/wp-json\/wp\/v2\/product_tag?post=13038"}],"curies":[{"name":"wp","href":"https:\/\/api.w.org\/{rel}","templated":true}]}}