{"id":13002,"date":"2026-03-04T19:47:07","date_gmt":"2026-03-04T18:47:07","guid":{"rendered":"https:\/\/weinhundert.styleinc.eu\/?post_type=product&#038;p=13002"},"modified":"2026-03-10T21:23:32","modified_gmt":"2026-03-10T20:23:32","slug":"masi-mazzano-amarone-della-valpolicella-classico-2009-075-l","status":"publish","type":"product","link":"https:\/\/weinhundert.styleinc.eu\/da\/produkt\/masi-mazzano-amarone-della-valpolicella-classico-2009-075-l\/","title":{"rendered":"Masi Mazzano Amarone della Valpolicella Classico 2009 0,75 l"},"content":{"rendered":"<p>Dieser Amarone aus der Valpolicella zeigt dir, warum diese italienische Region Kultstatus hat \u2013 kr\u00e4ftig, w\u00fcrzig und mit einer Tiefe, die sich \u00fcber den ganzen Gaumen ausbreitet. Die getrockneten Trauben bringen konzentrierte Noten von dunklen Kirschen, Kakao und w\u00fcrzigen Gew\u00fcrzen mit sich, w\u00e4hrend die 16 Prozent Alkohol dem Wein eine w\u00e4rmende Pr\u00e4senz geben. Ein Wein mit Charakter, der nicht einfach nur s\u00fcffig ist, sondern echte Substanz hat und zu kr\u00e4ftigen Fleischgerichten, w\u00fcrzigen Rag\u00f9 oder reifem K\u00e4se passt.<\/p>\n","protected":false},"excerpt":{"rendered":"<p>Konzentrierter italienischer Klassiker mit Kirsche, Kakao und Gew\u00fcrz. F\u00fcr Liebhaber von kr\u00e4ftigen Rotweinen.<\/p>\n","protected":false},"featured_media":13003,"comment_status":"open","ping_status":"closed","template":"","meta":{"_acf_changed":false,"_et_pb_use_builder":"","_et_pb_old_content":"","_et_gb_content_width":"","inline_featured_image":false,"_price":"99.90","_stock":"-1","_tribe_ticket_header":"","_tribe_default_ticket_provider":"","_ticket_start_date":"","_ticket_end_date":"","_tribe_ticket_show_description":"","_tribe_ticket_show_not_going":false,"_tribe_ticket_use_global_stock":"","_tribe_ticket_global_stock_level":"","_global_stock_mode":"","_global_stock_cap":"","_tribe_rsvp_for_event":"","_tribe_ticket_going_count":"","_tribe_ticket_not_going_count":"","_tribe_tickets_list":"[]","_tribe_ticket_has_attendee_info_fields":false},"product_brand":[],"product_cat":[119],"product_tag":[],"class_list":{"0":"post-13002","1":"product","2":"type-product","3":"status-publish","4":"has-post-thumbnail","6":"product_cat-rotwein","8":"first","9":"outofstock","10":"taxable","11":"shipping-taxable","12":"purchasable","13":"product-type-simple"},"acf":[],"_links":{"self":[{"href":"https:\/\/weinhundert.styleinc.eu\/da\/wp-json\/wp\/v2\/product\/13002","targetHints":{"allow":["GET"]}}],"collection":[{"href":"https:\/\/weinhundert.styleinc.eu\/da\/wp-json\/wp\/v2\/product"}],"about":[{"href":"https:\/\/weinhundert.styleinc.eu\/da\/wp-json\/wp\/v2\/types\/product"}],"replies":[{"embeddable":true,"href":"https:\/\/weinhundert.styleinc.eu\/da\/wp-json\/wp\/v2\/comments?post=13002"}],"wp:featuredmedia":[{"embeddable":true,"href":"https:\/\/weinhundert.styleinc.eu\/da\/wp-json\/wp\/v2\/media\/13003"}],"wp:attachment":[{"href":"https:\/\/weinhundert.styleinc.eu\/da\/wp-json\/wp\/v2\/media?parent=13002"}],"wp:term":[{"taxonomy":"product_brand","embeddable":true,"href":"https:\/\/weinhundert.styleinc.eu\/da\/wp-json\/wp\/v2\/product_brand?post=13002"},{"taxonomy":"product_cat","embeddable":true,"href":"https:\/\/weinhundert.styleinc.eu\/da\/wp-json\/wp\/v2\/product_cat?post=13002"},{"taxonomy":"product_tag","embeddable":true,"href":"https:\/\/weinhundert.styleinc.eu\/da\/wp-json\/wp\/v2\/product_tag?post=13002"}],"curies":[{"name":"wp","href":"https:\/\/api.w.org\/{rel}","templated":true}]}}