{"id":12987,"date":"2026-03-04T19:46:51","date_gmt":"2026-03-04T18:46:51","guid":{"rendered":"https:\/\/weinhundert.styleinc.eu\/?post_type=product&#038;p=12987"},"modified":"2026-03-10T21:23:28","modified_gmt":"2026-03-10T20:23:28","slug":"mauro-terreus-2008-075-l","status":"publish","type":"product","link":"https:\/\/weinhundert.styleinc.eu\/da\/produkt\/mauro-terreus-2008-075-l\/","title":{"rendered":"Mauro Terreus  2008 0,75 l"},"content":{"rendered":"<p>Der Mauro Terreus 2008 aus Kastilien zeigt dir, wie gut spanischer Tempranillo sein kann \u2013 reife dunkle Fr\u00fcchte treffen auf w\u00fcrzige Noten, die Struktur ist klar und pr\u00e4sent ohne dabei anstrengend zu werden. Das ist ein Wein mit Charakter und Geschichte, der \u00fcber Jahre gereift ist und jetzt seine volle Kraft ausspielt. Mit 14,5 % Alkohol sitzt er perfekt in der Balance zwischen Kraft und Frische. Ein echter Begleiter f\u00fcr deftige Braten, kr\u00e4ftige Tapas oder einfach ein gutes Steak am Wochenende.<\/p>\n","protected":false},"excerpt":{"rendered":"<p>Spanischer Klassiker mit Reife: Mauro Terreus 2008 \u2013 dunkle Fr\u00fcchte, w\u00fcrzige Struktur und Charakter seit 2008.<\/p>\n","protected":false},"featured_media":12988,"comment_status":"open","ping_status":"closed","template":"","meta":{"_acf_changed":false,"_et_pb_use_builder":"","_et_pb_old_content":"","_et_gb_content_width":"","inline_featured_image":false,"_price":"79.90","_stock":"-1","_tribe_ticket_header":"","_tribe_default_ticket_provider":"","_ticket_start_date":"","_ticket_end_date":"","_tribe_ticket_show_description":"","_tribe_ticket_show_not_going":false,"_tribe_ticket_use_global_stock":"","_tribe_ticket_global_stock_level":"","_global_stock_mode":"","_global_stock_cap":"","_tribe_rsvp_for_event":"","_tribe_ticket_going_count":"","_tribe_ticket_not_going_count":"","_tribe_tickets_list":"[]","_tribe_ticket_has_attendee_info_fields":false},"product_brand":[],"product_cat":[119],"product_tag":[],"class_list":{"0":"post-12987","1":"product","2":"type-product","3":"status-publish","4":"has-post-thumbnail","6":"product_cat-rotwein","8":"first","9":"outofstock","10":"taxable","11":"shipping-taxable","12":"purchasable","13":"product-type-simple"},"acf":[],"_links":{"self":[{"href":"https:\/\/weinhundert.styleinc.eu\/da\/wp-json\/wp\/v2\/product\/12987","targetHints":{"allow":["GET"]}}],"collection":[{"href":"https:\/\/weinhundert.styleinc.eu\/da\/wp-json\/wp\/v2\/product"}],"about":[{"href":"https:\/\/weinhundert.styleinc.eu\/da\/wp-json\/wp\/v2\/types\/product"}],"replies":[{"embeddable":true,"href":"https:\/\/weinhundert.styleinc.eu\/da\/wp-json\/wp\/v2\/comments?post=12987"}],"wp:featuredmedia":[{"embeddable":true,"href":"https:\/\/weinhundert.styleinc.eu\/da\/wp-json\/wp\/v2\/media\/12988"}],"wp:attachment":[{"href":"https:\/\/weinhundert.styleinc.eu\/da\/wp-json\/wp\/v2\/media?parent=12987"}],"wp:term":[{"taxonomy":"product_brand","embeddable":true,"href":"https:\/\/weinhundert.styleinc.eu\/da\/wp-json\/wp\/v2\/product_brand?post=12987"},{"taxonomy":"product_cat","embeddable":true,"href":"https:\/\/weinhundert.styleinc.eu\/da\/wp-json\/wp\/v2\/product_cat?post=12987"},{"taxonomy":"product_tag","embeddable":true,"href":"https:\/\/weinhundert.styleinc.eu\/da\/wp-json\/wp\/v2\/product_tag?post=12987"}],"curies":[{"name":"wp","href":"https:\/\/api.w.org\/{rel}","templated":true}]}}