{"id":12969,"date":"2026-03-04T19:46:29","date_gmt":"2026-03-04T18:46:29","guid":{"rendered":"https:\/\/weinhundert.styleinc.eu\/produkt\/ramey-pedregal-cabernet-sauvignon-2008-075-l\/"},"modified":"2026-03-10T21:23:22","modified_gmt":"2026-03-10T20:23:22","slug":"ramey-pedregal-cabernet-sauvignon-2008-075-l","status":"publish","type":"product","link":"https:\/\/weinhundert.styleinc.eu\/da\/produkt\/ramey-pedregal-cabernet-sauvignon-2008-075-l\/","title":{"rendered":"Ramey Pedregal Cabernet Sauvignon 2008 0,75 l"},"content":{"rendered":"<p>Dieser Kalifornier aus dem Jahr 2008 zeigt dir, warum Ramey zu den Klassikern des Napa Valley geh\u00f6rt. Der Pedregal Cabernet Sauvignon vereint kr\u00e4ftige dunkle Fr\u00fcchte mit w\u00fcrzigen Noten und l\u00e4sst dabei eine gewisse Kraft und Struktur durchscheinen, die zum Altern einl\u00e4dt. Mit 14,5% Alkohol sitzt er perfekt im Saft und \u00fcberzeugt durch Ausgewogenheit statt \u00dcberpower. Ein Wein, der sich richtig Zeit genommen hat und jetzt bereit ist, dein Abendessen mit grilliertem Roastbeef oder deftiger Pasta zu bereichern.<\/p>\n","protected":false},"excerpt":{"rendered":"<p>Reifer kalifornischer Cabernet mit Kraft und W\u00fcrze. Ein Klassiker aus 2008, der perfekt zu Fleisch passt.<\/p>\n","protected":false},"featured_media":12970,"comment_status":"open","ping_status":"closed","template":"","meta":{"_acf_changed":false,"_et_pb_use_builder":"","_et_pb_old_content":"","_et_gb_content_width":"","inline_featured_image":false,"_price":"189.00","_stock":"1","_tribe_ticket_header":"","_tribe_default_ticket_provider":"","_ticket_start_date":"","_ticket_end_date":"","_tribe_ticket_show_description":"","_tribe_ticket_show_not_going":false,"_tribe_ticket_use_global_stock":"","_tribe_ticket_global_stock_level":"","_global_stock_mode":"","_global_stock_cap":"","_tribe_rsvp_for_event":"","_tribe_ticket_going_count":"","_tribe_ticket_not_going_count":"","_tribe_tickets_list":"[]","_tribe_ticket_has_attendee_info_fields":false},"product_brand":[],"product_cat":[119],"product_tag":[],"class_list":{"0":"post-12969","1":"product","2":"type-product","3":"status-publish","4":"has-post-thumbnail","6":"product_cat-rotwein","8":"first","9":"instock","10":"taxable","11":"shipping-taxable","12":"purchasable","13":"product-type-simple"},"acf":[],"_links":{"self":[{"href":"https:\/\/weinhundert.styleinc.eu\/da\/wp-json\/wp\/v2\/product\/12969","targetHints":{"allow":["GET"]}}],"collection":[{"href":"https:\/\/weinhundert.styleinc.eu\/da\/wp-json\/wp\/v2\/product"}],"about":[{"href":"https:\/\/weinhundert.styleinc.eu\/da\/wp-json\/wp\/v2\/types\/product"}],"replies":[{"embeddable":true,"href":"https:\/\/weinhundert.styleinc.eu\/da\/wp-json\/wp\/v2\/comments?post=12969"}],"wp:featuredmedia":[{"embeddable":true,"href":"https:\/\/weinhundert.styleinc.eu\/da\/wp-json\/wp\/v2\/media\/12970"}],"wp:attachment":[{"href":"https:\/\/weinhundert.styleinc.eu\/da\/wp-json\/wp\/v2\/media?parent=12969"}],"wp:term":[{"taxonomy":"product_brand","embeddable":true,"href":"https:\/\/weinhundert.styleinc.eu\/da\/wp-json\/wp\/v2\/product_brand?post=12969"},{"taxonomy":"product_cat","embeddable":true,"href":"https:\/\/weinhundert.styleinc.eu\/da\/wp-json\/wp\/v2\/product_cat?post=12969"},{"taxonomy":"product_tag","embeddable":true,"href":"https:\/\/weinhundert.styleinc.eu\/da\/wp-json\/wp\/v2\/product_tag?post=12969"}],"curies":[{"name":"wp","href":"https:\/\/api.w.org\/{rel}","templated":true}]}}