{"id":12951,"date":"2026-03-04T19:46:05","date_gmt":"2026-03-04T18:46:05","guid":{"rendered":"https:\/\/weinhundert.styleinc.eu\/produkt\/caymus-conundrum-white-2015-075-l\/"},"modified":"2026-03-10T21:23:17","modified_gmt":"2026-03-10T20:23:17","slug":"caymus-conundrum-white-2015-075-l","status":"publish","type":"product","link":"https:\/\/weinhundert.styleinc.eu\/da\/produkt\/caymus-conundrum-white-2015-075-l\/","title":{"rendered":"Caymus Conundrum White 2015 0,75 l"},"content":{"rendered":"<p>Dieser kalifornische Wei\u00dfwein aus dem Napa Valley \u00fcberrascht mit einer spannenden Cuv\u00e9e aus Chardonnay und anderen wei\u00dfen Rebsorten, die Caymus da reingemixt hat \u2013 deshalb auch der Name &#8220;Conundrum&#8221;. Das Ergebnis ist ein frischer, unkomplizierter Wein mit tropischen Noten, feiner S\u00e4ure und einer angenehmen Rundheit, der einfach Spa\u00df macht. Mit 13,5% Alkohol sitzt er gut im K\u00f6rper, ohne dich zu beschweren. Perfekt zu Fisch, leichten Pastakreationen oder knackigem Gefl\u00fcgel.<\/p>\n","protected":false},"excerpt":{"rendered":"<p>Frischer California-Klassiker mit tropischen Noten und \u00fcberraschend guter S\u00e4ure \u2013 unkompliziert und lecker.<\/p>\n","protected":false},"featured_media":12952,"comment_status":"open","ping_status":"closed","template":"","meta":{"_acf_changed":false,"_et_pb_use_builder":"","_et_pb_old_content":"","_et_gb_content_width":"","inline_featured_image":false,"_price":"28.90","_stock":"11","_tribe_ticket_header":"","_tribe_default_ticket_provider":"","_ticket_start_date":"","_ticket_end_date":"","_tribe_ticket_show_description":"","_tribe_ticket_show_not_going":false,"_tribe_ticket_use_global_stock":"","_tribe_ticket_global_stock_level":"","_global_stock_mode":"","_global_stock_cap":"","_tribe_rsvp_for_event":"","_tribe_ticket_going_count":"","_tribe_ticket_not_going_count":"","_tribe_tickets_list":"[]","_tribe_ticket_has_attendee_info_fields":false},"product_brand":[],"product_cat":[120],"product_tag":[],"class_list":{"0":"post-12951","1":"product","2":"type-product","3":"status-publish","4":"has-post-thumbnail","6":"product_cat-weisswein","8":"first","9":"instock","10":"taxable","11":"shipping-taxable","12":"purchasable","13":"product-type-simple"},"acf":[],"_links":{"self":[{"href":"https:\/\/weinhundert.styleinc.eu\/da\/wp-json\/wp\/v2\/product\/12951","targetHints":{"allow":["GET"]}}],"collection":[{"href":"https:\/\/weinhundert.styleinc.eu\/da\/wp-json\/wp\/v2\/product"}],"about":[{"href":"https:\/\/weinhundert.styleinc.eu\/da\/wp-json\/wp\/v2\/types\/product"}],"replies":[{"embeddable":true,"href":"https:\/\/weinhundert.styleinc.eu\/da\/wp-json\/wp\/v2\/comments?post=12951"}],"wp:featuredmedia":[{"embeddable":true,"href":"https:\/\/weinhundert.styleinc.eu\/da\/wp-json\/wp\/v2\/media\/12952"}],"wp:attachment":[{"href":"https:\/\/weinhundert.styleinc.eu\/da\/wp-json\/wp\/v2\/media?parent=12951"}],"wp:term":[{"taxonomy":"product_brand","embeddable":true,"href":"https:\/\/weinhundert.styleinc.eu\/da\/wp-json\/wp\/v2\/product_brand?post=12951"},{"taxonomy":"product_cat","embeddable":true,"href":"https:\/\/weinhundert.styleinc.eu\/da\/wp-json\/wp\/v2\/product_cat?post=12951"},{"taxonomy":"product_tag","embeddable":true,"href":"https:\/\/weinhundert.styleinc.eu\/da\/wp-json\/wp\/v2\/product_tag?post=12951"}],"curies":[{"name":"wp","href":"https:\/\/api.w.org\/{rel}","templated":true}]}}