{"id":12936,"date":"2026-03-04T19:45:47","date_gmt":"2026-03-04T18:45:47","guid":{"rendered":"https:\/\/weinhundert.styleinc.eu\/?post_type=product&#038;p=12936"},"modified":"2026-03-10T21:23:13","modified_gmt":"2026-03-10T20:23:13","slug":"insoglio-del-cinghiale-campo-di-sasso-2015-075-l","status":"publish","type":"product","link":"https:\/\/weinhundert.styleinc.eu\/da\/produkt\/insoglio-del-cinghiale-campo-di-sasso-2015-075-l\/","title":{"rendered":"Insoglio del Cinghiale Campo di Sasso 2015 0,75 l"},"content":{"rendered":"<p>Dieser Rotwein aus der Toskana zeigt, was vier Rebsorten zusammen k\u00f6nnen: Syrah bringt Kraft und W\u00fcrze, w\u00e4hrend Merlot und Cabernet Franc f\u00fcr Frucht und Tiefe sorgen, Petit Verdot gibt dem Ganzen noch eine sch\u00f6ne Struktur. Der 2015er aus dem Tenuta di Biserno hat Charakter ohne dabei aufdringlich zu sein \u2013 intensiv und gleichzeitig trinkbar. Mit 14 % Alkohol sitzt er im perfekten Mittelpunkt f\u00fcr unkompliziertes Weingenie\u00dfen. Dazu passt ein saftiges Steak genauso wie Wild oder eine gute Pasta mit Rag\u00f9.<\/p>\n","protected":false},"excerpt":{"rendered":"<p>Toskanischer Rotwein-Blend mit Syrah-W\u00fcrze und fruchtiger Tiefe \u2013 straight und unkompliziert.<\/p>\n","protected":false},"featured_media":12937,"comment_status":"open","ping_status":"closed","template":"","meta":{"_acf_changed":false,"_et_pb_use_builder":"","_et_pb_old_content":"","_et_gb_content_width":"","inline_featured_image":false,"_price":"24.90","_stock":"-1","_tribe_ticket_header":"","_tribe_default_ticket_provider":"","_ticket_start_date":"","_ticket_end_date":"","_tribe_ticket_show_description":"","_tribe_ticket_show_not_going":false,"_tribe_ticket_use_global_stock":"","_tribe_ticket_global_stock_level":"","_global_stock_mode":"","_global_stock_cap":"","_tribe_rsvp_for_event":"","_tribe_ticket_going_count":"","_tribe_ticket_not_going_count":"","_tribe_tickets_list":"[]","_tribe_ticket_has_attendee_info_fields":false},"product_brand":[],"product_cat":[119],"product_tag":[],"class_list":{"0":"post-12936","1":"product","2":"type-product","3":"status-publish","4":"has-post-thumbnail","6":"product_cat-rotwein","8":"first","9":"outofstock","10":"taxable","11":"shipping-taxable","12":"purchasable","13":"product-type-simple"},"acf":[],"_links":{"self":[{"href":"https:\/\/weinhundert.styleinc.eu\/da\/wp-json\/wp\/v2\/product\/12936","targetHints":{"allow":["GET"]}}],"collection":[{"href":"https:\/\/weinhundert.styleinc.eu\/da\/wp-json\/wp\/v2\/product"}],"about":[{"href":"https:\/\/weinhundert.styleinc.eu\/da\/wp-json\/wp\/v2\/types\/product"}],"replies":[{"embeddable":true,"href":"https:\/\/weinhundert.styleinc.eu\/da\/wp-json\/wp\/v2\/comments?post=12936"}],"wp:featuredmedia":[{"embeddable":true,"href":"https:\/\/weinhundert.styleinc.eu\/da\/wp-json\/wp\/v2\/media\/12937"}],"wp:attachment":[{"href":"https:\/\/weinhundert.styleinc.eu\/da\/wp-json\/wp\/v2\/media?parent=12936"}],"wp:term":[{"taxonomy":"product_brand","embeddable":true,"href":"https:\/\/weinhundert.styleinc.eu\/da\/wp-json\/wp\/v2\/product_brand?post=12936"},{"taxonomy":"product_cat","embeddable":true,"href":"https:\/\/weinhundert.styleinc.eu\/da\/wp-json\/wp\/v2\/product_cat?post=12936"},{"taxonomy":"product_tag","embeddable":true,"href":"https:\/\/weinhundert.styleinc.eu\/da\/wp-json\/wp\/v2\/product_tag?post=12936"}],"curies":[{"name":"wp","href":"https:\/\/api.w.org\/{rel}","templated":true}]}}