{"id":12924,"date":"2026-03-04T19:45:30","date_gmt":"2026-03-04T18:45:30","guid":{"rendered":"https:\/\/weinhundert.styleinc.eu\/?post_type=product&#038;p=12924"},"modified":"2026-03-10T21:23:08","modified_gmt":"2026-03-10T20:23:08","slug":"carmen-weinmakers-reserve-1998-075-l","status":"publish","type":"product","link":"https:\/\/weinhundert.styleinc.eu\/da\/produkt\/carmen-weinmakers-reserve-1998-075-l\/","title":{"rendered":"Carmen Weinmaker&#8217;s Reserve 1998 0,75 l"},"content":{"rendered":"<p>Dieser chilenische Cabernet Sauvignon aus dem Maipo Valley zeigt, warum Carmen zu den innovativsten Weing\u00fctern S\u00fcdamerikas geh\u00f6rt. Die Weinmaker&#8217;s Reserve besticht mit ihrer Tiefe und Saftigkeit \u2013 dunkle Beeren, ein Hauch Lakritze und feines Holzspiel bilden eine wirklich angenehme Kombination. Nach \u00fcber zwei Jahrzehnten in der Flasche hat sich dieser Kerl wunderbar entwickelt und offenbart jetzt seine volle Entfaltung. Perfekt zu gegrilltem Fleisch, dunklen Saucen oder auch einfach pur genie\u00dfen.<\/p>\n","protected":false},"excerpt":{"rendered":"<p>Gereifter chilenischer Klassiker aus 1998 \u2013 w\u00fcrzig, saftig und bereit zum Geniessen.<\/p>\n","protected":false},"featured_media":12925,"comment_status":"open","ping_status":"closed","template":"","meta":{"_acf_changed":false,"_et_pb_use_builder":"","_et_pb_old_content":"","_et_gb_content_width":"","inline_featured_image":false,"_price":"19.99","_stock":"-1","_tribe_ticket_header":"","_tribe_default_ticket_provider":"","_ticket_start_date":"","_ticket_end_date":"","_tribe_ticket_show_description":"","_tribe_ticket_show_not_going":false,"_tribe_ticket_use_global_stock":"","_tribe_ticket_global_stock_level":"","_global_stock_mode":"","_global_stock_cap":"","_tribe_rsvp_for_event":"","_tribe_ticket_going_count":"","_tribe_ticket_not_going_count":"","_tribe_tickets_list":"[]","_tribe_ticket_has_attendee_info_fields":false},"product_brand":[],"product_cat":[119],"product_tag":[],"class_list":{"0":"post-12924","1":"product","2":"type-product","3":"status-publish","4":"has-post-thumbnail","6":"product_cat-rotwein","8":"first","9":"outofstock","10":"taxable","11":"shipping-taxable","12":"purchasable","13":"product-type-simple"},"acf":[],"_links":{"self":[{"href":"https:\/\/weinhundert.styleinc.eu\/da\/wp-json\/wp\/v2\/product\/12924","targetHints":{"allow":["GET"]}}],"collection":[{"href":"https:\/\/weinhundert.styleinc.eu\/da\/wp-json\/wp\/v2\/product"}],"about":[{"href":"https:\/\/weinhundert.styleinc.eu\/da\/wp-json\/wp\/v2\/types\/product"}],"replies":[{"embeddable":true,"href":"https:\/\/weinhundert.styleinc.eu\/da\/wp-json\/wp\/v2\/comments?post=12924"}],"wp:featuredmedia":[{"embeddable":true,"href":"https:\/\/weinhundert.styleinc.eu\/da\/wp-json\/wp\/v2\/media\/12925"}],"wp:attachment":[{"href":"https:\/\/weinhundert.styleinc.eu\/da\/wp-json\/wp\/v2\/media?parent=12924"}],"wp:term":[{"taxonomy":"product_brand","embeddable":true,"href":"https:\/\/weinhundert.styleinc.eu\/da\/wp-json\/wp\/v2\/product_brand?post=12924"},{"taxonomy":"product_cat","embeddable":true,"href":"https:\/\/weinhundert.styleinc.eu\/da\/wp-json\/wp\/v2\/product_cat?post=12924"},{"taxonomy":"product_tag","embeddable":true,"href":"https:\/\/weinhundert.styleinc.eu\/da\/wp-json\/wp\/v2\/product_tag?post=12924"}],"curies":[{"name":"wp","href":"https:\/\/api.w.org\/{rel}","templated":true}]}}