{"id":12817,"date":"2026-03-03T22:37:17","date_gmt":"2026-03-03T21:37:17","guid":{"rendered":"https:\/\/weinhundert.styleinc.eu\/?post_type=product&#038;p=12817"},"modified":"2026-03-10T21:28:18","modified_gmt":"2026-03-10T20:28:18","slug":"treana-red-cuvee-2014-075-l","status":"publish","type":"product","link":"https:\/\/weinhundert.styleinc.eu\/da\/produkt\/treana-red-cuvee-2014-075-l\/","title":{"rendered":"Treana Red Cuve\u00e9  2014 0,75 l"},"content":{"rendered":"<p>Dieser kalifornische Wein aus Paso Robles vereint das beste aus Cabernet Sauvignon und Syrah zu einer richtig stimmigen Cuv\u00e9e. Der 2014er zeigt kr\u00e4ftige Schwarzfruchtnoten, w\u00fcrzige Nuancen und eine angenehme Wucht, die dir beim Trinken Lust auf mehr macht. Mit 15% Alkohol bringt er Pr\u00e4senz ins Glas, ohne dabei zu \u00fcbertreiben. Perfekt zu gegrilltem Fleisch, dunklem Braten oder auch zu einem guten Steak \u2013 dieser Wein schmei\u00dft sich einfach rein.<\/p>\n","protected":false},"excerpt":{"rendered":"<p>Kalifornische Power-Cuv\u00e9e mit Cabernet und Syrah \u2013 w\u00fcrzig, fruchtig und immer Lust auf Wiederholung.<\/p>\n","protected":false},"featured_media":12818,"comment_status":"open","ping_status":"closed","template":"","meta":{"_acf_changed":false,"_et_pb_use_builder":"","_et_pb_old_content":"","_et_gb_content_width":"","inline_featured_image":false,"_price":"42.50","_stock":"-1","_tribe_ticket_header":"","_tribe_default_ticket_provider":"","_ticket_start_date":"","_ticket_end_date":"","_tribe_ticket_show_description":"","_tribe_ticket_show_not_going":false,"_tribe_ticket_use_global_stock":"","_tribe_ticket_global_stock_level":"","_global_stock_mode":"","_global_stock_cap":"","_tribe_rsvp_for_event":"","_tribe_ticket_going_count":"","_tribe_ticket_not_going_count":"","_tribe_tickets_list":"[]","_tribe_ticket_has_attendee_info_fields":false},"product_brand":[],"product_cat":[119],"product_tag":[],"class_list":{"0":"post-12817","1":"product","2":"type-product","3":"status-publish","4":"has-post-thumbnail","6":"product_cat-rotwein","8":"first","9":"outofstock","10":"taxable","11":"shipping-taxable","12":"purchasable","13":"product-type-simple"},"acf":[],"_links":{"self":[{"href":"https:\/\/weinhundert.styleinc.eu\/da\/wp-json\/wp\/v2\/product\/12817","targetHints":{"allow":["GET"]}}],"collection":[{"href":"https:\/\/weinhundert.styleinc.eu\/da\/wp-json\/wp\/v2\/product"}],"about":[{"href":"https:\/\/weinhundert.styleinc.eu\/da\/wp-json\/wp\/v2\/types\/product"}],"replies":[{"embeddable":true,"href":"https:\/\/weinhundert.styleinc.eu\/da\/wp-json\/wp\/v2\/comments?post=12817"}],"wp:featuredmedia":[{"embeddable":true,"href":"https:\/\/weinhundert.styleinc.eu\/da\/wp-json\/wp\/v2\/media\/12818"}],"wp:attachment":[{"href":"https:\/\/weinhundert.styleinc.eu\/da\/wp-json\/wp\/v2\/media?parent=12817"}],"wp:term":[{"taxonomy":"product_brand","embeddable":true,"href":"https:\/\/weinhundert.styleinc.eu\/da\/wp-json\/wp\/v2\/product_brand?post=12817"},{"taxonomy":"product_cat","embeddable":true,"href":"https:\/\/weinhundert.styleinc.eu\/da\/wp-json\/wp\/v2\/product_cat?post=12817"},{"taxonomy":"product_tag","embeddable":true,"href":"https:\/\/weinhundert.styleinc.eu\/da\/wp-json\/wp\/v2\/product_tag?post=12817"}],"curies":[{"name":"wp","href":"https:\/\/api.w.org\/{rel}","templated":true}]}}