{"id":12793,"date":"2026-03-03T22:36:59","date_gmt":"2026-03-03T21:36:59","guid":{"rendered":"https:\/\/weinhundert.styleinc.eu\/?post_type=product&#038;p=12793"},"modified":"2026-03-10T21:28:12","modified_gmt":"2026-03-10T20:28:12","slug":"ramey-syrah-2014-075-l","status":"publish","type":"product","link":"https:\/\/weinhundert.styleinc.eu\/da\/produkt\/ramey-syrah-2014-075-l\/","title":{"rendered":"Ramey Syrah  2014 0,75 l"},"content":{"rendered":"<p>Dieser kalifornische Syrah aus dem Hause Ramey zeigt dir, was in dieser Rebsorte wirklich steckt \u2013 kraftvoll, w\u00fcrzig und mit einer angenehmen Saftigkeit, die nicht zu schwer wirkt. Die dunklen Beeren spielen wunderbar mit Noten von schwarzem Pfeffer und feinen Kr\u00e4utern, w\u00e4hrend die 14,5 Prozent Alkohol perfekt im Hintergrund bleiben und f\u00fcr gute Balance sorgen. Das ist ein Wein, der sich nicht zu ernst nimmt und trotzdem \u00fcberzeugt. Perfekt zu gegrilltem Fleisch, w\u00fcrzigen Pasta-Gerichten oder einfach als genussvoller Begleiter zu K\u00e4se und guten Gespr\u00e4chen.<\/p>\n","protected":false},"excerpt":{"rendered":"<p>W\u00fcrziger California Syrah mit Kraft und Saft \u2013 unkompliziert lecker und vielseitig einsetzbar.<\/p>\n","protected":false},"featured_media":12794,"comment_status":"open","ping_status":"closed","template":"","meta":{"_acf_changed":false,"_et_pb_use_builder":"","_et_pb_old_content":"","_et_gb_content_width":"","inline_featured_image":false,"_price":"39.90","_stock":"-1","_tribe_ticket_header":"","_tribe_default_ticket_provider":"","_ticket_start_date":"","_ticket_end_date":"","_tribe_ticket_show_description":"","_tribe_ticket_show_not_going":false,"_tribe_ticket_use_global_stock":"","_tribe_ticket_global_stock_level":"","_global_stock_mode":"","_global_stock_cap":"","_tribe_rsvp_for_event":"","_tribe_ticket_going_count":"","_tribe_ticket_not_going_count":"","_tribe_tickets_list":"[]","_tribe_ticket_has_attendee_info_fields":false},"product_brand":[],"product_cat":[119],"product_tag":[],"class_list":{"0":"post-12793","1":"product","2":"type-product","3":"status-publish","4":"has-post-thumbnail","6":"product_cat-rotwein","8":"first","9":"outofstock","10":"taxable","11":"shipping-taxable","12":"purchasable","13":"product-type-simple"},"acf":[],"_links":{"self":[{"href":"https:\/\/weinhundert.styleinc.eu\/da\/wp-json\/wp\/v2\/product\/12793","targetHints":{"allow":["GET"]}}],"collection":[{"href":"https:\/\/weinhundert.styleinc.eu\/da\/wp-json\/wp\/v2\/product"}],"about":[{"href":"https:\/\/weinhundert.styleinc.eu\/da\/wp-json\/wp\/v2\/types\/product"}],"replies":[{"embeddable":true,"href":"https:\/\/weinhundert.styleinc.eu\/da\/wp-json\/wp\/v2\/comments?post=12793"}],"wp:featuredmedia":[{"embeddable":true,"href":"https:\/\/weinhundert.styleinc.eu\/da\/wp-json\/wp\/v2\/media\/12794"}],"wp:attachment":[{"href":"https:\/\/weinhundert.styleinc.eu\/da\/wp-json\/wp\/v2\/media?parent=12793"}],"wp:term":[{"taxonomy":"product_brand","embeddable":true,"href":"https:\/\/weinhundert.styleinc.eu\/da\/wp-json\/wp\/v2\/product_brand?post=12793"},{"taxonomy":"product_cat","embeddable":true,"href":"https:\/\/weinhundert.styleinc.eu\/da\/wp-json\/wp\/v2\/product_cat?post=12793"},{"taxonomy":"product_tag","embeddable":true,"href":"https:\/\/weinhundert.styleinc.eu\/da\/wp-json\/wp\/v2\/product_tag?post=12793"}],"curies":[{"name":"wp","href":"https:\/\/api.w.org\/{rel}","templated":true}]}}