{"id":12745,"date":"2026-03-03T22:36:13","date_gmt":"2026-03-03T21:36:13","guid":{"rendered":"https:\/\/weinhundert.styleinc.eu\/?post_type=product&#038;p=12745"},"modified":"2026-03-10T21:27:57","modified_gmt":"2026-03-10T20:27:57","slug":"trimbach-gewuerztraminer-cuvee-des-seigneures-de-ri-2011-075-l","status":"publish","type":"product","link":"https:\/\/weinhundert.styleinc.eu\/da\/produkt\/trimbach-gewuerztraminer-cuvee-des-seigneures-de-ri-2011-075-l\/","title":{"rendered":"Trimbach Gew\u00fcrztraminer Cuv\u00e9e des Seigneures de Ri 2011 0,75 l"},"content":{"rendered":"<p>Dieser Alsace-Klassiker von Trimbach zeigt dir, warum Gew\u00fcrztraminer so verdammt reizvoll sein kann. Mit intensivem Rosenduft, Lychee und feinen Gew\u00fcrzakzenten bet\u00f6rt der 2011er deine Sinne, ohne dabei aufdringlich zu wirken \u2013 eine Gratwanderung, die hier meisterhaft gelingt. Die reife Struktur und der nat\u00fcrliche K\u00f6rper verleihen ihm Pr\u00e4senz am Gaumen, w\u00e4hrend die Frische alles zusammenh\u00e4lt. Ein Wein, der sich genauso gut solo genie\u00dfen l\u00e4sst wie zu asiatischen Gerichten, Thai-Curry oder w\u00fcrzigen Fischgerichten.<\/p>\n","protected":false},"excerpt":{"rendered":"<p>Intensiv, bet\u00f6rend und voller Rosenduft \u2013 dieser Gew\u00fcrztraminer aus dem Elsass ist gro\u00dfes Kino und passt perfekt zu exotischen Aromen.<\/p>\n","protected":false},"featured_media":12746,"comment_status":"open","ping_status":"closed","template":"","meta":{"_acf_changed":false,"_et_pb_use_builder":"","_et_pb_old_content":"","_et_gb_content_width":"","inline_featured_image":false,"_price":"28.90","_stock":"-1","_tribe_ticket_header":"","_tribe_default_ticket_provider":"","_ticket_start_date":"","_ticket_end_date":"","_tribe_ticket_show_description":"","_tribe_ticket_show_not_going":false,"_tribe_ticket_use_global_stock":"","_tribe_ticket_global_stock_level":"","_global_stock_mode":"","_global_stock_cap":"","_tribe_rsvp_for_event":"","_tribe_ticket_going_count":"","_tribe_ticket_not_going_count":"","_tribe_tickets_list":"[]","_tribe_ticket_has_attendee_info_fields":false},"product_brand":[],"product_cat":[120],"product_tag":[],"class_list":{"0":"post-12745","1":"product","2":"type-product","3":"status-publish","4":"has-post-thumbnail","6":"product_cat-weisswein","8":"first","9":"outofstock","10":"taxable","11":"shipping-taxable","12":"purchasable","13":"product-type-simple"},"acf":[],"_links":{"self":[{"href":"https:\/\/weinhundert.styleinc.eu\/da\/wp-json\/wp\/v2\/product\/12745","targetHints":{"allow":["GET"]}}],"collection":[{"href":"https:\/\/weinhundert.styleinc.eu\/da\/wp-json\/wp\/v2\/product"}],"about":[{"href":"https:\/\/weinhundert.styleinc.eu\/da\/wp-json\/wp\/v2\/types\/product"}],"replies":[{"embeddable":true,"href":"https:\/\/weinhundert.styleinc.eu\/da\/wp-json\/wp\/v2\/comments?post=12745"}],"wp:featuredmedia":[{"embeddable":true,"href":"https:\/\/weinhundert.styleinc.eu\/da\/wp-json\/wp\/v2\/media\/12746"}],"wp:attachment":[{"href":"https:\/\/weinhundert.styleinc.eu\/da\/wp-json\/wp\/v2\/media?parent=12745"}],"wp:term":[{"taxonomy":"product_brand","embeddable":true,"href":"https:\/\/weinhundert.styleinc.eu\/da\/wp-json\/wp\/v2\/product_brand?post=12745"},{"taxonomy":"product_cat","embeddable":true,"href":"https:\/\/weinhundert.styleinc.eu\/da\/wp-json\/wp\/v2\/product_cat?post=12745"},{"taxonomy":"product_tag","embeddable":true,"href":"https:\/\/weinhundert.styleinc.eu\/da\/wp-json\/wp\/v2\/product_tag?post=12745"}],"curies":[{"name":"wp","href":"https:\/\/api.w.org\/{rel}","templated":true}]}}