{"id":12733,"date":"2026-03-03T22:36:03","date_gmt":"2026-03-03T21:36:03","guid":{"rendered":"https:\/\/weinhundert.styleinc.eu\/?post_type=product&#038;p=12733"},"modified":"2026-03-10T21:27:52","modified_gmt":"2026-03-10T20:27:52","slug":"moet-chandon-ice-075-l","status":"publish","type":"product","link":"https:\/\/weinhundert.styleinc.eu\/da\/produkt\/moet-chandon-ice-075-l\/","title":{"rendered":"Moet &amp; Chandon Ice 0,75 l"},"content":{"rendered":"<p>Dieser Champagner ist dein perfekter Begleiter f\u00fcr entspannte Momente mit Freunden oder als Aperitif vor dem Dinner. Die Cuv\u00e9e aus Chardonnay, Pinot Noir und Pinot Meunier bringt eine erfrischende S\u00e4ure mit feinen Perlen und einer fruchtigen Nase \u2013 nichts Verkrampftes, sondern einfach unkompliziert lecker. Bei eisiger K\u00e4lte serviert entfaltet sich das volle Potenzial dieses zeitlosen Klassikers. Genie\u00dfen Sie ihn zu leichten Vorspeisen, Austern oder einfach pur \u2013 dieser Champagner passt \u00fcberall hin wo es feierlich werden soll.<\/p>\n","protected":false},"excerpt":{"rendered":"<p>Champagner mit Charakter: frisch, spritzig und immer eine gute Wahl f\u00fcr besondere Momente.<\/p>\n","protected":false},"featured_media":12734,"comment_status":"open","ping_status":"closed","template":"","meta":{"_acf_changed":false,"_et_pb_use_builder":"","_et_pb_old_content":"","_et_gb_content_width":"","inline_featured_image":false,"_price":"46.90","_stock":"-1","_tribe_ticket_header":"","_tribe_default_ticket_provider":"","_ticket_start_date":"","_ticket_end_date":"","_tribe_ticket_show_description":"","_tribe_ticket_show_not_going":false,"_tribe_ticket_use_global_stock":"","_tribe_ticket_global_stock_level":"","_global_stock_mode":"","_global_stock_cap":"","_tribe_rsvp_for_event":"","_tribe_ticket_going_count":"","_tribe_ticket_not_going_count":"","_tribe_tickets_list":"[]","_tribe_ticket_has_attendee_info_fields":false},"product_brand":[],"product_cat":[136],"product_tag":[],"class_list":{"0":"post-12733","1":"product","2":"type-product","3":"status-publish","4":"has-post-thumbnail","6":"product_cat-schaumwein","8":"first","9":"outofstock","10":"taxable","11":"shipping-taxable","12":"purchasable","13":"product-type-simple"},"acf":[],"_links":{"self":[{"href":"https:\/\/weinhundert.styleinc.eu\/da\/wp-json\/wp\/v2\/product\/12733","targetHints":{"allow":["GET"]}}],"collection":[{"href":"https:\/\/weinhundert.styleinc.eu\/da\/wp-json\/wp\/v2\/product"}],"about":[{"href":"https:\/\/weinhundert.styleinc.eu\/da\/wp-json\/wp\/v2\/types\/product"}],"replies":[{"embeddable":true,"href":"https:\/\/weinhundert.styleinc.eu\/da\/wp-json\/wp\/v2\/comments?post=12733"}],"wp:featuredmedia":[{"embeddable":true,"href":"https:\/\/weinhundert.styleinc.eu\/da\/wp-json\/wp\/v2\/media\/12734"}],"wp:attachment":[{"href":"https:\/\/weinhundert.styleinc.eu\/da\/wp-json\/wp\/v2\/media?parent=12733"}],"wp:term":[{"taxonomy":"product_brand","embeddable":true,"href":"https:\/\/weinhundert.styleinc.eu\/da\/wp-json\/wp\/v2\/product_brand?post=12733"},{"taxonomy":"product_cat","embeddable":true,"href":"https:\/\/weinhundert.styleinc.eu\/da\/wp-json\/wp\/v2\/product_cat?post=12733"},{"taxonomy":"product_tag","embeddable":true,"href":"https:\/\/weinhundert.styleinc.eu\/da\/wp-json\/wp\/v2\/product_tag?post=12733"}],"curies":[{"name":"wp","href":"https:\/\/api.w.org\/{rel}","templated":true}]}}