{"id":12715,"date":"2026-03-03T22:35:50","date_gmt":"2026-03-03T21:35:50","guid":{"rendered":"https:\/\/weinhundert.styleinc.eu\/?post_type=product&#038;p=12715"},"modified":"2026-03-10T21:27:48","modified_gmt":"2026-03-10T20:27:48","slug":"termanthia-2012-075-l","status":"publish","type":"product","link":"https:\/\/weinhundert.styleinc.eu\/da\/produkt\/termanthia-2012-075-l\/","title":{"rendered":"Termanthia  2012 0,75 l"},"content":{"rendered":"<p>Dieser Tempranillo aus der rauen Region Toro zeigt dir, was spanische Rotweine wirklich k\u00f6nnen: Kraft, Tiefe und echte Pers\u00f6nlichkeit. Mit seinen 15% Alkohol und der Reife eines Jahrgangs 2012 pr\u00e4sentiert er sich selbstbewusst am Gaumen \u2013 intensive Schwarzfruchtnoten treffen auf w\u00fcrzige Noten und ein kraftvolles Finish, das noch lange nachwirkt. Der Termanthia von Bodegas Numanthia ist ein Wein, der Respekt einfl\u00f6\u00dft und dir zeigt, dass gro\u00dfe spanische Rotweine nicht immer aus La Rioja kommen m\u00fcssen. Dazu passt er hervorragend zu kr\u00e4ftigen Fleischgerichten wie Rindersteak oder geschmortem Lamm.<\/p>\n","protected":false},"excerpt":{"rendered":"<p>Kraftvoller Tempranillo aus Toro mit intensiven schwarzen Fr\u00fcchten und w\u00fcrziger Tiefe. Ein Rotwein mit Charakter und Nachdruck.<\/p>\n","protected":false},"featured_media":12716,"comment_status":"open","ping_status":"closed","template":"","meta":{"_acf_changed":false,"_et_pb_use_builder":"","_et_pb_old_content":"","_et_gb_content_width":"","inline_featured_image":false,"_price":"169.00","_stock":"-1","_tribe_ticket_header":"","_tribe_default_ticket_provider":"","_ticket_start_date":"","_ticket_end_date":"","_tribe_ticket_show_description":"","_tribe_ticket_show_not_going":false,"_tribe_ticket_use_global_stock":"","_tribe_ticket_global_stock_level":"","_global_stock_mode":"","_global_stock_cap":"","_tribe_rsvp_for_event":"","_tribe_ticket_going_count":"","_tribe_ticket_not_going_count":"","_tribe_tickets_list":"[]","_tribe_ticket_has_attendee_info_fields":false},"product_brand":[],"product_cat":[119],"product_tag":[],"class_list":{"0":"post-12715","1":"product","2":"type-product","3":"status-publish","4":"has-post-thumbnail","6":"product_cat-rotwein","8":"first","9":"outofstock","10":"taxable","11":"shipping-taxable","12":"purchasable","13":"product-type-simple"},"acf":[],"_links":{"self":[{"href":"https:\/\/weinhundert.styleinc.eu\/da\/wp-json\/wp\/v2\/product\/12715","targetHints":{"allow":["GET"]}}],"collection":[{"href":"https:\/\/weinhundert.styleinc.eu\/da\/wp-json\/wp\/v2\/product"}],"about":[{"href":"https:\/\/weinhundert.styleinc.eu\/da\/wp-json\/wp\/v2\/types\/product"}],"replies":[{"embeddable":true,"href":"https:\/\/weinhundert.styleinc.eu\/da\/wp-json\/wp\/v2\/comments?post=12715"}],"wp:featuredmedia":[{"embeddable":true,"href":"https:\/\/weinhundert.styleinc.eu\/da\/wp-json\/wp\/v2\/media\/12716"}],"wp:attachment":[{"href":"https:\/\/weinhundert.styleinc.eu\/da\/wp-json\/wp\/v2\/media?parent=12715"}],"wp:term":[{"taxonomy":"product_brand","embeddable":true,"href":"https:\/\/weinhundert.styleinc.eu\/da\/wp-json\/wp\/v2\/product_brand?post=12715"},{"taxonomy":"product_cat","embeddable":true,"href":"https:\/\/weinhundert.styleinc.eu\/da\/wp-json\/wp\/v2\/product_cat?post=12715"},{"taxonomy":"product_tag","embeddable":true,"href":"https:\/\/weinhundert.styleinc.eu\/da\/wp-json\/wp\/v2\/product_tag?post=12715"}],"curies":[{"name":"wp","href":"https:\/\/api.w.org\/{rel}","templated":true}]}}