{"id":12709,"date":"2026-03-03T22:35:44","date_gmt":"2026-03-03T21:35:44","guid":{"rendered":"https:\/\/weinhundert.styleinc.eu\/?post_type=product&#038;p=12709"},"modified":"2026-03-10T21:27:45","modified_gmt":"2026-03-10T20:27:45","slug":"numanthia-2011-075-l","status":"publish","type":"product","link":"https:\/\/weinhundert.styleinc.eu\/da\/produkt\/numanthia-2011-075-l\/","title":{"rendered":"Numanthia  2011 0,75 l"},"content":{"rendered":"<p>Dieser Tempranillo aus der spanischen Region Toro zeigt dir, warum dieses Anbaugebiet f\u00fcr kraftvolle Rotweine bekannt ist. Mit 15% Alkohol packt dieser Wein ordentlich Punch und besticht mit intensiven dunklen Fruchtaromen sowie w\u00fcrzigen Noten, die im Mund lange nachwirken. Der 2011er Jahrgang hat mittlerweile sch\u00f6ne Reife entwickelt und wirkt dadurch nicht mehr so kantig wie in jungen Jahren. Perfekt zu gegrilltem Fleisch, kr\u00e4ftigen Eint\u00f6pfen oder w\u00fcrzigen Gerichten \u2013 hier zeigt dieser Spanier seine ganze Kraft.<\/p>\n","protected":false},"excerpt":{"rendered":"<p>Kraftvoller Tempranillo aus Toro mit w\u00fcrzigem Charakter. Reif und drinkbar \u2013 ideal zu Grill und deftigen Speisen.<\/p>\n","protected":false},"featured_media":12710,"comment_status":"open","ping_status":"closed","template":"","meta":{"_acf_changed":false,"_et_pb_use_builder":"","_et_pb_old_content":"","_et_gb_content_width":"","inline_featured_image":false,"_price":"41.90","_stock":"-1","_tribe_ticket_header":"","_tribe_default_ticket_provider":"","_ticket_start_date":"","_ticket_end_date":"","_tribe_ticket_show_description":"","_tribe_ticket_show_not_going":false,"_tribe_ticket_use_global_stock":"","_tribe_ticket_global_stock_level":"","_global_stock_mode":"","_global_stock_cap":"","_tribe_rsvp_for_event":"","_tribe_ticket_going_count":"","_tribe_ticket_not_going_count":"","_tribe_tickets_list":"[]","_tribe_ticket_has_attendee_info_fields":false},"product_brand":[],"product_cat":[119],"product_tag":[],"class_list":{"0":"post-12709","1":"product","2":"type-product","3":"status-publish","4":"has-post-thumbnail","6":"product_cat-rotwein","8":"first","9":"outofstock","10":"taxable","11":"shipping-taxable","12":"purchasable","13":"product-type-simple"},"acf":[],"_links":{"self":[{"href":"https:\/\/weinhundert.styleinc.eu\/da\/wp-json\/wp\/v2\/product\/12709","targetHints":{"allow":["GET"]}}],"collection":[{"href":"https:\/\/weinhundert.styleinc.eu\/da\/wp-json\/wp\/v2\/product"}],"about":[{"href":"https:\/\/weinhundert.styleinc.eu\/da\/wp-json\/wp\/v2\/types\/product"}],"replies":[{"embeddable":true,"href":"https:\/\/weinhundert.styleinc.eu\/da\/wp-json\/wp\/v2\/comments?post=12709"}],"wp:featuredmedia":[{"embeddable":true,"href":"https:\/\/weinhundert.styleinc.eu\/da\/wp-json\/wp\/v2\/media\/12710"}],"wp:attachment":[{"href":"https:\/\/weinhundert.styleinc.eu\/da\/wp-json\/wp\/v2\/media?parent=12709"}],"wp:term":[{"taxonomy":"product_brand","embeddable":true,"href":"https:\/\/weinhundert.styleinc.eu\/da\/wp-json\/wp\/v2\/product_brand?post=12709"},{"taxonomy":"product_cat","embeddable":true,"href":"https:\/\/weinhundert.styleinc.eu\/da\/wp-json\/wp\/v2\/product_cat?post=12709"},{"taxonomy":"product_tag","embeddable":true,"href":"https:\/\/weinhundert.styleinc.eu\/da\/wp-json\/wp\/v2\/product_tag?post=12709"}],"curies":[{"name":"wp","href":"https:\/\/api.w.org\/{rel}","templated":true}]}}