{"id":12682,"date":"2026-03-03T22:35:23","date_gmt":"2026-03-03T21:35:23","guid":{"rendered":"https:\/\/weinhundert.styleinc.eu\/?post_type=product&#038;p=12682"},"modified":"2026-03-10T21:27:35","modified_gmt":"2026-03-10T20:27:35","slug":"biondi-santi-schidione-1997-150-l","status":"publish","type":"product","link":"https:\/\/weinhundert.styleinc.eu\/da\/produkt\/biondi-santi-schidione-1997-150-l\/","title":{"rendered":"Biondi Santi Schidione 1997 1,50 l"},"content":{"rendered":"<p>Hier haben wir einen echten Klassiker aus der Toskana, der zeigt, wie gut Sangiovese und Merlot zusammenpassen. Der Jahrgang 1997 hat jahrelang gereift und bringt dir jetzt eine beeindruckende Tiefe mit Noten von reifen Kirschen, w\u00fcrzigen Kr\u00e4utern und einem Hauch Leder. Die Struktur ist pr\u00e4sent, aber nicht aufdringlich \u2013 ein Wein, der mit Ruhe und Genuss funktioniert. Passt perfekt zu einem saftigen Steak, geschmorten Rindchen oder auch zu kr\u00e4ftigem K\u00e4se.<\/p>\n","protected":false},"excerpt":{"rendered":"<p>Ein reifer Toskana-Klassiker von 1997 mit Sangiovese und Merlot. W\u00fcrzig, strukturiert und immer noch voller Leben.<\/p>\n","protected":false},"featured_media":12683,"comment_status":"open","ping_status":"closed","template":"","meta":{"_acf_changed":false,"_et_pb_use_builder":"","_et_pb_old_content":"","_et_gb_content_width":"","inline_featured_image":false,"_price":"777.00","_stock":"-1","_tribe_ticket_header":"","_tribe_default_ticket_provider":"","_ticket_start_date":"","_ticket_end_date":"","_tribe_ticket_show_description":"","_tribe_ticket_show_not_going":false,"_tribe_ticket_use_global_stock":"","_tribe_ticket_global_stock_level":"","_global_stock_mode":"","_global_stock_cap":"","_tribe_rsvp_for_event":"","_tribe_ticket_going_count":"","_tribe_ticket_not_going_count":"","_tribe_tickets_list":"[]","_tribe_ticket_has_attendee_info_fields":false},"product_brand":[],"product_cat":[119],"product_tag":[],"class_list":{"0":"post-12682","1":"product","2":"type-product","3":"status-publish","4":"has-post-thumbnail","6":"product_cat-rotwein","8":"first","9":"outofstock","10":"taxable","11":"shipping-taxable","12":"purchasable","13":"product-type-simple"},"acf":[],"_links":{"self":[{"href":"https:\/\/weinhundert.styleinc.eu\/da\/wp-json\/wp\/v2\/product\/12682","targetHints":{"allow":["GET"]}}],"collection":[{"href":"https:\/\/weinhundert.styleinc.eu\/da\/wp-json\/wp\/v2\/product"}],"about":[{"href":"https:\/\/weinhundert.styleinc.eu\/da\/wp-json\/wp\/v2\/types\/product"}],"replies":[{"embeddable":true,"href":"https:\/\/weinhundert.styleinc.eu\/da\/wp-json\/wp\/v2\/comments?post=12682"}],"wp:featuredmedia":[{"embeddable":true,"href":"https:\/\/weinhundert.styleinc.eu\/da\/wp-json\/wp\/v2\/media\/12683"}],"wp:attachment":[{"href":"https:\/\/weinhundert.styleinc.eu\/da\/wp-json\/wp\/v2\/media?parent=12682"}],"wp:term":[{"taxonomy":"product_brand","embeddable":true,"href":"https:\/\/weinhundert.styleinc.eu\/da\/wp-json\/wp\/v2\/product_brand?post=12682"},{"taxonomy":"product_cat","embeddable":true,"href":"https:\/\/weinhundert.styleinc.eu\/da\/wp-json\/wp\/v2\/product_cat?post=12682"},{"taxonomy":"product_tag","embeddable":true,"href":"https:\/\/weinhundert.styleinc.eu\/da\/wp-json\/wp\/v2\/product_tag?post=12682"}],"curies":[{"name":"wp","href":"https:\/\/api.w.org\/{rel}","templated":true}]}}