{"id":12679,"date":"2026-03-03T22:35:19","date_gmt":"2026-03-03T21:35:19","guid":{"rendered":"https:\/\/weinhundert.styleinc.eu\/produkt\/chateau-cheval-blanc-2009-150-l\/"},"modified":"2026-03-10T21:27:32","modified_gmt":"2026-03-10T20:27:32","slug":"chateau-cheval-blanc-2009-150-l","status":"publish","type":"product","link":"https:\/\/weinhundert.styleinc.eu\/da\/produkt\/chateau-cheval-blanc-2009-150-l\/","title":{"rendered":"Chateau Cheval Blanc 2009 1,50 l"},"content":{"rendered":"<p>Dieser Bordeaux aus Saint-\u00c9milion zeigt, warum manche Weine einfach zeitlos sind \u2013 der 2009er von Ch\u00e2teau Cheval Blanc ist ein echter Klassiker, der mit Kraft und Finesse besticht. Die Mischung aus Cabernet Franc, Merlot und Cabernet Sauvignon bringt dir tiefe Beerenfrucht, w\u00fcrzige Noten und ein Mundgef\u00fchl, das richtig lange anh\u00e4lt. Mit 14 Prozent Alkohol sitzt er im perfekten Fenster \u2013 pr\u00e4sent, aber nicht schwer. Ein Wein, der nach Jahren im Glas immer noch zeigt, warum er seinen Ruf hat und sich schon jetzt trinken l\u00e4sst, aber gerne noch ein paar Jahre warten kann.<\/p>\n","protected":false},"excerpt":{"rendered":"<p>Zeitlose Eleganz aus Saint-\u00c9milion: kraftvolle Beerenfrucht, w\u00fcrzige Komplexit\u00e4t und Finesse, die besticht. Entwicklung folgt.<\/p>\n","protected":false},"featured_media":12680,"comment_status":"open","ping_status":"closed","template":"","meta":{"_acf_changed":false,"_et_pb_use_builder":"","_et_pb_old_content":"","_et_gb_content_width":"","inline_featured_image":false,"_price":"2699.00","_stock":"3","_tribe_ticket_header":"","_tribe_default_ticket_provider":"","_ticket_start_date":"","_ticket_end_date":"","_tribe_ticket_show_description":"","_tribe_ticket_show_not_going":false,"_tribe_ticket_use_global_stock":"","_tribe_ticket_global_stock_level":"","_global_stock_mode":"","_global_stock_cap":"","_tribe_rsvp_for_event":"","_tribe_ticket_going_count":"","_tribe_ticket_not_going_count":"","_tribe_tickets_list":"[]","_tribe_ticket_has_attendee_info_fields":false},"product_brand":[],"product_cat":[119],"product_tag":[],"class_list":{"0":"post-12679","1":"product","2":"type-product","3":"status-publish","4":"has-post-thumbnail","6":"product_cat-rotwein","8":"first","9":"instock","10":"taxable","11":"shipping-taxable","12":"purchasable","13":"product-type-simple"},"acf":[],"_links":{"self":[{"href":"https:\/\/weinhundert.styleinc.eu\/da\/wp-json\/wp\/v2\/product\/12679","targetHints":{"allow":["GET"]}}],"collection":[{"href":"https:\/\/weinhundert.styleinc.eu\/da\/wp-json\/wp\/v2\/product"}],"about":[{"href":"https:\/\/weinhundert.styleinc.eu\/da\/wp-json\/wp\/v2\/types\/product"}],"replies":[{"embeddable":true,"href":"https:\/\/weinhundert.styleinc.eu\/da\/wp-json\/wp\/v2\/comments?post=12679"}],"wp:featuredmedia":[{"embeddable":true,"href":"https:\/\/weinhundert.styleinc.eu\/da\/wp-json\/wp\/v2\/media\/12680"}],"wp:attachment":[{"href":"https:\/\/weinhundert.styleinc.eu\/da\/wp-json\/wp\/v2\/media?parent=12679"}],"wp:term":[{"taxonomy":"product_brand","embeddable":true,"href":"https:\/\/weinhundert.styleinc.eu\/da\/wp-json\/wp\/v2\/product_brand?post=12679"},{"taxonomy":"product_cat","embeddable":true,"href":"https:\/\/weinhundert.styleinc.eu\/da\/wp-json\/wp\/v2\/product_cat?post=12679"},{"taxonomy":"product_tag","embeddable":true,"href":"https:\/\/weinhundert.styleinc.eu\/da\/wp-json\/wp\/v2\/product_tag?post=12679"}],"curies":[{"name":"wp","href":"https:\/\/api.w.org\/{rel}","templated":true}]}}