{"id":12670,"date":"2026-03-03T22:35:06","date_gmt":"2026-03-03T21:35:06","guid":{"rendered":"https:\/\/weinhundert.styleinc.eu\/?post_type=product&#038;p=12670"},"modified":"2026-03-10T21:27:30","modified_gmt":"2026-03-10T20:27:30","slug":"chateau-cheval-blanc-2004-075-l","status":"publish","type":"product","link":"https:\/\/weinhundert.styleinc.eu\/da\/produkt\/chateau-cheval-blanc-2004-075-l\/","title":{"rendered":"Chateau Cheval Blanc 2004 0,75 l"},"content":{"rendered":"<p>Dieser Bordeaux aus Saint-\u00c9milion ist ein echtes Schwergewicht, das nach zwei Jahrzehnten Reife zeigt, worum es geht. Die Mischung aus Merlot, Cabernet Franc und Cabernet Sauvignon bringt dir dunkle Fr\u00fcchte, feine Gew\u00fcrze und eine Struktur mit echtem Biss \u2013 nicht zu m\u00e4chtig, sondern ausgewogen und pr\u00e4sent. Mit 13,5% Alkohol sitzt der Wein perfekt im Sattel und entwickelt nun die samtigen Noten, die ihn zu einem echten Genussmoment machen. Perfekt zu gegrilltem Roastbeef oder reifem K\u00e4se.<\/p>\n","protected":false},"excerpt":{"rendered":"<p>Gro\u00dfer Saint-\u00c9milion von 2004 mit reifer Frucht, W\u00fcrze und nachhaltiger Struktur.<\/p>\n","protected":false},"featured_media":12671,"comment_status":"open","ping_status":"closed","template":"","meta":{"_acf_changed":false,"_et_pb_use_builder":"","_et_pb_old_content":"","_et_gb_content_width":"","inline_featured_image":false,"_price":"499.00","_stock":"-1","_tribe_ticket_header":"","_tribe_default_ticket_provider":"","_ticket_start_date":"","_ticket_end_date":"","_tribe_ticket_show_description":"","_tribe_ticket_show_not_going":false,"_tribe_ticket_use_global_stock":"","_tribe_ticket_global_stock_level":"","_global_stock_mode":"","_global_stock_cap":"","_tribe_rsvp_for_event":"","_tribe_ticket_going_count":"","_tribe_ticket_not_going_count":"","_tribe_tickets_list":"[]","_tribe_ticket_has_attendee_info_fields":false},"product_brand":[],"product_cat":[119],"product_tag":[],"class_list":{"0":"post-12670","1":"product","2":"type-product","3":"status-publish","4":"has-post-thumbnail","6":"product_cat-rotwein","8":"first","9":"outofstock","10":"taxable","11":"shipping-taxable","12":"purchasable","13":"product-type-simple"},"acf":[],"_links":{"self":[{"href":"https:\/\/weinhundert.styleinc.eu\/da\/wp-json\/wp\/v2\/product\/12670","targetHints":{"allow":["GET"]}}],"collection":[{"href":"https:\/\/weinhundert.styleinc.eu\/da\/wp-json\/wp\/v2\/product"}],"about":[{"href":"https:\/\/weinhundert.styleinc.eu\/da\/wp-json\/wp\/v2\/types\/product"}],"replies":[{"embeddable":true,"href":"https:\/\/weinhundert.styleinc.eu\/da\/wp-json\/wp\/v2\/comments?post=12670"}],"wp:featuredmedia":[{"embeddable":true,"href":"https:\/\/weinhundert.styleinc.eu\/da\/wp-json\/wp\/v2\/media\/12671"}],"wp:attachment":[{"href":"https:\/\/weinhundert.styleinc.eu\/da\/wp-json\/wp\/v2\/media?parent=12670"}],"wp:term":[{"taxonomy":"product_brand","embeddable":true,"href":"https:\/\/weinhundert.styleinc.eu\/da\/wp-json\/wp\/v2\/product_brand?post=12670"},{"taxonomy":"product_cat","embeddable":true,"href":"https:\/\/weinhundert.styleinc.eu\/da\/wp-json\/wp\/v2\/product_cat?post=12670"},{"taxonomy":"product_tag","embeddable":true,"href":"https:\/\/weinhundert.styleinc.eu\/da\/wp-json\/wp\/v2\/product_tag?post=12670"}],"curies":[{"name":"wp","href":"https:\/\/api.w.org\/{rel}","templated":true}]}}