{"id":12646,"date":"2026-03-03T22:34:52","date_gmt":"2026-03-03T21:34:52","guid":{"rendered":"https:\/\/weinhundert.styleinc.eu\/?post_type=product&#038;p=12646"},"modified":"2026-03-10T21:27:25","modified_gmt":"2026-03-10T20:27:25","slug":"chateau-mouton-rothschild-1991-075-l","status":"publish","type":"product","link":"https:\/\/weinhundert.styleinc.eu\/da\/produkt\/chateau-mouton-rothschild-1991-075-l\/","title":{"rendered":"Chateau Mouton Rothschild 1991 0,75 l"},"content":{"rendered":"<p>Dieser Bordeaux aus dem Jahrgang 1991 zeigt, warum Mouton Rothschild seit Generationen f\u00fcr Qualit\u00e4t steht. Die Mischung aus Cabernet Sauvignon und Merlot bringt dir intensive dunkle Beeren, ein feines Tannin-Ger\u00fcst und eine wunderbar ausgewogene Struktur ins Glas \u2013 absolut zeitlos und noch lange nicht am Ende seiner Entwicklung. Mit 12,5 Prozent Alkohol sitzt dieser Wein perfekt im Sattel und wartet darauf, zu einem besonderen Essen ausgepackt zu werden. Perfekt zu gegrilltem Rindfleisch, kr\u00e4ftigen Schmorgerichten oder reifem K\u00e4se.<\/p>\n","protected":false},"excerpt":{"rendered":"<p>Legend\u00e4rer Pauillac von 1991 \u2013 reife Eleganz, feines Tannin, zeitlos gro\u00dfartig.<\/p>\n","protected":false},"featured_media":12647,"comment_status":"open","ping_status":"closed","template":"","meta":{"_acf_changed":false,"_et_pb_use_builder":"","_et_pb_old_content":"","_et_gb_content_width":"","inline_featured_image":false,"_price":"399.00","_stock":"-1","_tribe_ticket_header":"","_tribe_default_ticket_provider":"","_ticket_start_date":"","_ticket_end_date":"","_tribe_ticket_show_description":"","_tribe_ticket_show_not_going":false,"_tribe_ticket_use_global_stock":"","_tribe_ticket_global_stock_level":"","_global_stock_mode":"","_global_stock_cap":"","_tribe_rsvp_for_event":"","_tribe_ticket_going_count":"","_tribe_ticket_not_going_count":"","_tribe_tickets_list":"[]","_tribe_ticket_has_attendee_info_fields":false},"product_brand":[],"product_cat":[119],"product_tag":[],"class_list":{"0":"post-12646","1":"product","2":"type-product","3":"status-publish","4":"has-post-thumbnail","6":"product_cat-rotwein","8":"first","9":"outofstock","10":"taxable","11":"shipping-taxable","12":"purchasable","13":"product-type-simple"},"acf":[],"_links":{"self":[{"href":"https:\/\/weinhundert.styleinc.eu\/da\/wp-json\/wp\/v2\/product\/12646","targetHints":{"allow":["GET"]}}],"collection":[{"href":"https:\/\/weinhundert.styleinc.eu\/da\/wp-json\/wp\/v2\/product"}],"about":[{"href":"https:\/\/weinhundert.styleinc.eu\/da\/wp-json\/wp\/v2\/types\/product"}],"replies":[{"embeddable":true,"href":"https:\/\/weinhundert.styleinc.eu\/da\/wp-json\/wp\/v2\/comments?post=12646"}],"wp:featuredmedia":[{"embeddable":true,"href":"https:\/\/weinhundert.styleinc.eu\/da\/wp-json\/wp\/v2\/media\/12647"}],"wp:attachment":[{"href":"https:\/\/weinhundert.styleinc.eu\/da\/wp-json\/wp\/v2\/media?parent=12646"}],"wp:term":[{"taxonomy":"product_brand","embeddable":true,"href":"https:\/\/weinhundert.styleinc.eu\/da\/wp-json\/wp\/v2\/product_brand?post=12646"},{"taxonomy":"product_cat","embeddable":true,"href":"https:\/\/weinhundert.styleinc.eu\/da\/wp-json\/wp\/v2\/product_cat?post=12646"},{"taxonomy":"product_tag","embeddable":true,"href":"https:\/\/weinhundert.styleinc.eu\/da\/wp-json\/wp\/v2\/product_tag?post=12646"}],"curies":[{"name":"wp","href":"https:\/\/api.w.org\/{rel}","templated":true}]}}