{"id":12643,"date":"2026-03-03T22:34:49","date_gmt":"2026-03-03T21:34:49","guid":{"rendered":"https:\/\/weinhundert.styleinc.eu\/?post_type=product&#038;p=12643"},"modified":"2026-03-10T21:27:23","modified_gmt":"2026-03-10T20:27:23","slug":"chateau-mouton-rothschild-1988-075-l","status":"publish","type":"product","link":"https:\/\/weinhundert.styleinc.eu\/da\/produkt\/chateau-mouton-rothschild-1988-075-l\/","title":{"rendered":"Chateau Mouton Rothschild 1988 0,75 l"},"content":{"rendered":"<p>Dieser 1988er aus dem legend\u00e4ren Ch\u00e2teau Mouton Rothschild in Pauillac ist ein echter Klassiker, der seine Reife jetzt voll ausspielt. Die Mischung aus Cabernet Sauvignon und Merlot sorgt f\u00fcr einen kraftvollen, aber auch samtigen Charakter mit dunklen Beerennoten und feinen Cedernuancen. Nach \u00fcber drei Jahrzehnten hat dieser Bordeaux die perfekte Balance zwischen Struktur und Trinkbarkeit gefunden \u2013 kein Warten mehr n\u00f6tig. Lass ihn zu einer sch\u00f6nen Ente mit Pilzso\u00dfe oder reifem K\u00e4se genie\u00dfen, dann offenbaren sich alle seine Facetten.<\/p>\n","protected":false},"excerpt":{"rendered":"<p>Reifer 1988er Pauillac mit Geschichte: Cabernet und Merlot im perfekten Einklang, jetzt genussreif.<\/p>\n","protected":false},"featured_media":12644,"comment_status":"open","ping_status":"closed","template":"","meta":{"_acf_changed":false,"_et_pb_use_builder":"","_et_pb_old_content":"","_et_gb_content_width":"","inline_featured_image":false,"_price":"349.00","_stock":"-1","_tribe_ticket_header":"","_tribe_default_ticket_provider":"","_ticket_start_date":"","_ticket_end_date":"","_tribe_ticket_show_description":"","_tribe_ticket_show_not_going":false,"_tribe_ticket_use_global_stock":"","_tribe_ticket_global_stock_level":"","_global_stock_mode":"","_global_stock_cap":"","_tribe_rsvp_for_event":"","_tribe_ticket_going_count":"","_tribe_ticket_not_going_count":"","_tribe_tickets_list":"[]","_tribe_ticket_has_attendee_info_fields":false},"product_brand":[],"product_cat":[119],"product_tag":[],"class_list":{"0":"post-12643","1":"product","2":"type-product","3":"status-publish","4":"has-post-thumbnail","6":"product_cat-rotwein","8":"first","9":"outofstock","10":"taxable","11":"shipping-taxable","12":"purchasable","13":"product-type-simple"},"acf":[],"_links":{"self":[{"href":"https:\/\/weinhundert.styleinc.eu\/da\/wp-json\/wp\/v2\/product\/12643","targetHints":{"allow":["GET"]}}],"collection":[{"href":"https:\/\/weinhundert.styleinc.eu\/da\/wp-json\/wp\/v2\/product"}],"about":[{"href":"https:\/\/weinhundert.styleinc.eu\/da\/wp-json\/wp\/v2\/types\/product"}],"replies":[{"embeddable":true,"href":"https:\/\/weinhundert.styleinc.eu\/da\/wp-json\/wp\/v2\/comments?post=12643"}],"wp:featuredmedia":[{"embeddable":true,"href":"https:\/\/weinhundert.styleinc.eu\/da\/wp-json\/wp\/v2\/media\/12644"}],"wp:attachment":[{"href":"https:\/\/weinhundert.styleinc.eu\/da\/wp-json\/wp\/v2\/media?parent=12643"}],"wp:term":[{"taxonomy":"product_brand","embeddable":true,"href":"https:\/\/weinhundert.styleinc.eu\/da\/wp-json\/wp\/v2\/product_brand?post=12643"},{"taxonomy":"product_cat","embeddable":true,"href":"https:\/\/weinhundert.styleinc.eu\/da\/wp-json\/wp\/v2\/product_cat?post=12643"},{"taxonomy":"product_tag","embeddable":true,"href":"https:\/\/weinhundert.styleinc.eu\/da\/wp-json\/wp\/v2\/product_tag?post=12643"}],"curies":[{"name":"wp","href":"https:\/\/api.w.org\/{rel}","templated":true}]}}