{"id":12616,"date":"2026-03-03T22:34:32","date_gmt":"2026-03-03T21:34:32","guid":{"rendered":"https:\/\/weinhundert.styleinc.eu\/?post_type=product&#038;p=12616"},"modified":"2026-03-10T21:27:16","modified_gmt":"2026-03-10T20:27:16","slug":"chateau-mouton-rothschild-1970-075-l","status":"publish","type":"product","link":"https:\/\/weinhundert.styleinc.eu\/da\/produkt\/chateau-mouton-rothschild-1970-075-l\/","title":{"rendered":"Chateau Mouton Rothschild 1970 0,75 l"},"content":{"rendered":"<p>Hier h\u00e4ltst du ein St\u00fcck Bordeaux-Geschichte in den H\u00e4nden \u2013 dieser 1970er Mouton Rothschild aus Pauillac ist ein echtes Zeitdokument mit Charakter. Die Mischung aus Cabernet Sauvignon und Merlot zeigt sich mit reifen, w\u00fcrzigen Noten und einer Kraft, die die Jahrzehnte souver\u00e4n getragen hat. Bei 13 % Alkohol bleibt er trotzdem zug\u00e4nglich und nicht schwer. Dieser Wein passt perfekt zu Roastbeef, geschmortem Rindfleisch oder w\u00fcrzigen K\u00e4sesorten \u2013 einfach das volle Programm.<\/p>\n","protected":false},"excerpt":{"rendered":"<p>Legend\u00e4rer 1970er aus Pauillac mit reifen Aromen und zeitlosen Charakter. Bordeaux-Klassiker, der immer noch begeistert.<\/p>\n","protected":false},"featured_media":12617,"comment_status":"open","ping_status":"closed","template":"","meta":{"_acf_changed":false,"_et_pb_use_builder":"","_et_pb_old_content":"","_et_gb_content_width":"","inline_featured_image":false,"_price":"299.00","_stock":"-1","_tribe_ticket_header":"","_tribe_default_ticket_provider":"","_ticket_start_date":"","_ticket_end_date":"","_tribe_ticket_show_description":"","_tribe_ticket_show_not_going":false,"_tribe_ticket_use_global_stock":"","_tribe_ticket_global_stock_level":"","_global_stock_mode":"","_global_stock_cap":"","_tribe_rsvp_for_event":"","_tribe_ticket_going_count":"","_tribe_ticket_not_going_count":"","_tribe_tickets_list":"[]","_tribe_ticket_has_attendee_info_fields":false},"product_brand":[],"product_cat":[119],"product_tag":[],"class_list":{"0":"post-12616","1":"product","2":"type-product","3":"status-publish","4":"has-post-thumbnail","6":"product_cat-rotwein","8":"first","9":"outofstock","10":"taxable","11":"shipping-taxable","12":"purchasable","13":"product-type-simple"},"acf":[],"_links":{"self":[{"href":"https:\/\/weinhundert.styleinc.eu\/da\/wp-json\/wp\/v2\/product\/12616","targetHints":{"allow":["GET"]}}],"collection":[{"href":"https:\/\/weinhundert.styleinc.eu\/da\/wp-json\/wp\/v2\/product"}],"about":[{"href":"https:\/\/weinhundert.styleinc.eu\/da\/wp-json\/wp\/v2\/types\/product"}],"replies":[{"embeddable":true,"href":"https:\/\/weinhundert.styleinc.eu\/da\/wp-json\/wp\/v2\/comments?post=12616"}],"wp:featuredmedia":[{"embeddable":true,"href":"https:\/\/weinhundert.styleinc.eu\/da\/wp-json\/wp\/v2\/media\/12617"}],"wp:attachment":[{"href":"https:\/\/weinhundert.styleinc.eu\/da\/wp-json\/wp\/v2\/media?parent=12616"}],"wp:term":[{"taxonomy":"product_brand","embeddable":true,"href":"https:\/\/weinhundert.styleinc.eu\/da\/wp-json\/wp\/v2\/product_brand?post=12616"},{"taxonomy":"product_cat","embeddable":true,"href":"https:\/\/weinhundert.styleinc.eu\/da\/wp-json\/wp\/v2\/product_cat?post=12616"},{"taxonomy":"product_tag","embeddable":true,"href":"https:\/\/weinhundert.styleinc.eu\/da\/wp-json\/wp\/v2\/product_tag?post=12616"}],"curies":[{"name":"wp","href":"https:\/\/api.w.org\/{rel}","templated":true}]}}