{"id":12613,"date":"2026-03-03T22:34:30","date_gmt":"2026-03-03T21:34:30","guid":{"rendered":"https:\/\/weinhundert.styleinc.eu\/?post_type=product&#038;p=12613"},"modified":"2026-03-10T21:27:16","modified_gmt":"2026-03-10T20:27:16","slug":"chateau-la-fleur-petrus-2000-075-l","status":"publish","type":"product","link":"https:\/\/weinhundert.styleinc.eu\/da\/produkt\/chateau-la-fleur-petrus-2000-075-l\/","title":{"rendered":"Chateau La-Fleur Petrus 2000 0,75 l"},"content":{"rendered":"<p>Dieser Bordeaux aus dem Jahr 2000 ist ein echtes Zeitdokument \u2013 damals, als viele Dinge noch anders liefen und auch die Weine im Pomerol ihren ganz eigenen Charakter hatten. Die Mischung aus Merlot und Cabernet Franc bringt dir ein intensives Aromaspiel mit dunklen Fr\u00fcchten, feinen Kr\u00e4uternoten und einer mineralischen Tiefe, die dich auf eine kleine Reise durch die Reben von Libourne mitnimmt. Nach \u00fcber zwei Jahrzehnten hat dieser Wein eine wunderbare Reife entwickelt \u2013 perfekt zu einem saftigen Steak oder kr\u00e4ftiger Wildgerichte, wo er seine Kraft richtig ausspielen kann.<\/p>\n","protected":false},"excerpt":{"rendered":"<p>Gereifter Pomerol-Klassiker aus 2000 mit intensiver Tiefe. Das perfekte Statement-St\u00fcck f\u00fcr ambitionierte Rotweinliebhaber.<\/p>\n","protected":false},"featured_media":12614,"comment_status":"open","ping_status":"closed","template":"","meta":{"_acf_changed":false,"_et_pb_use_builder":"","_et_pb_old_content":"","_et_gb_content_width":"","inline_featured_image":false,"_price":"259.00","_stock":"-1","_tribe_ticket_header":"","_tribe_default_ticket_provider":"","_ticket_start_date":"","_ticket_end_date":"","_tribe_ticket_show_description":"","_tribe_ticket_show_not_going":false,"_tribe_ticket_use_global_stock":"","_tribe_ticket_global_stock_level":"","_global_stock_mode":"","_global_stock_cap":"","_tribe_rsvp_for_event":"","_tribe_ticket_going_count":"","_tribe_ticket_not_going_count":"","_tribe_tickets_list":"[]","_tribe_ticket_has_attendee_info_fields":false},"product_brand":[],"product_cat":[119],"product_tag":[],"class_list":{"0":"post-12613","1":"product","2":"type-product","3":"status-publish","4":"has-post-thumbnail","6":"product_cat-rotwein","8":"first","9":"outofstock","10":"taxable","11":"shipping-taxable","12":"purchasable","13":"product-type-simple"},"acf":[],"_links":{"self":[{"href":"https:\/\/weinhundert.styleinc.eu\/da\/wp-json\/wp\/v2\/product\/12613","targetHints":{"allow":["GET"]}}],"collection":[{"href":"https:\/\/weinhundert.styleinc.eu\/da\/wp-json\/wp\/v2\/product"}],"about":[{"href":"https:\/\/weinhundert.styleinc.eu\/da\/wp-json\/wp\/v2\/types\/product"}],"replies":[{"embeddable":true,"href":"https:\/\/weinhundert.styleinc.eu\/da\/wp-json\/wp\/v2\/comments?post=12613"}],"wp:featuredmedia":[{"embeddable":true,"href":"https:\/\/weinhundert.styleinc.eu\/da\/wp-json\/wp\/v2\/media\/12614"}],"wp:attachment":[{"href":"https:\/\/weinhundert.styleinc.eu\/da\/wp-json\/wp\/v2\/media?parent=12613"}],"wp:term":[{"taxonomy":"product_brand","embeddable":true,"href":"https:\/\/weinhundert.styleinc.eu\/da\/wp-json\/wp\/v2\/product_brand?post=12613"},{"taxonomy":"product_cat","embeddable":true,"href":"https:\/\/weinhundert.styleinc.eu\/da\/wp-json\/wp\/v2\/product_cat?post=12613"},{"taxonomy":"product_tag","embeddable":true,"href":"https:\/\/weinhundert.styleinc.eu\/da\/wp-json\/wp\/v2\/product_tag?post=12613"}],"curies":[{"name":"wp","href":"https:\/\/api.w.org\/{rel}","templated":true}]}}