{"id":12610,"date":"2026-03-03T22:34:29","date_gmt":"2026-03-03T21:34:29","guid":{"rendered":"https:\/\/weinhundert.styleinc.eu\/?post_type=product&#038;p=12610"},"modified":"2026-03-10T21:27:15","modified_gmt":"2026-03-10T20:27:15","slug":"chateau-haut-brion-2002-075-l","status":"publish","type":"product","link":"https:\/\/weinhundert.styleinc.eu\/da\/produkt\/chateau-haut-brion-2002-075-l\/","title":{"rendered":"Chateau Haut Brion 2002 0,75 l"},"content":{"rendered":"<p>Hier hast du einen echten Klassiker aus dem Jahr 2002 \u2013 einen Bordeaux, der zeigt, warum Ch\u00e2teau Haut-Brion seit Jahrhunderten seinen guten Ruf hat. Die Mischung aus Cabernet Sauvignon, Merlot und Cabernet Franc bringt dir dunkle Beeren, feine Kr\u00e4uternoten und eine wunderbar reife Struktur ins Glas. Nach \u00fcber zwei Dekaden hat dieser Wein zu einer sch\u00f6nen Reife gefunden und trinkt sich jetzt einfach herrlich. Perfekt zu gegrilltem Rind, kr\u00e4ftigen K\u00e4sesorten oder einfach pur zum Genie\u00dfen an einem entspannten Abend.<\/p>\n","protected":false},"excerpt":{"rendered":"<p>Reifer Bordeaux-Klassiker von 2002 mit feiner Kr\u00e4uterw\u00fcrze und dunklem Beerenspiel. Ein Wein f\u00fcr Kenner.<\/p>\n","protected":false},"featured_media":12611,"comment_status":"open","ping_status":"closed","template":"","meta":{"_acf_changed":false,"_et_pb_use_builder":"","_et_pb_old_content":"","_et_gb_content_width":"","inline_featured_image":false,"_price":"389.00","_stock":"-1","_tribe_ticket_header":"","_tribe_default_ticket_provider":"","_ticket_start_date":"","_ticket_end_date":"","_tribe_ticket_show_description":"","_tribe_ticket_show_not_going":false,"_tribe_ticket_use_global_stock":"","_tribe_ticket_global_stock_level":"","_global_stock_mode":"","_global_stock_cap":"","_tribe_rsvp_for_event":"","_tribe_ticket_going_count":"","_tribe_ticket_not_going_count":"","_tribe_tickets_list":"[]","_tribe_ticket_has_attendee_info_fields":false},"product_brand":[],"product_cat":[119],"product_tag":[],"class_list":{"0":"post-12610","1":"product","2":"type-product","3":"status-publish","4":"has-post-thumbnail","6":"product_cat-rotwein","8":"first","9":"outofstock","10":"taxable","11":"shipping-taxable","12":"purchasable","13":"product-type-simple"},"acf":[],"_links":{"self":[{"href":"https:\/\/weinhundert.styleinc.eu\/da\/wp-json\/wp\/v2\/product\/12610","targetHints":{"allow":["GET"]}}],"collection":[{"href":"https:\/\/weinhundert.styleinc.eu\/da\/wp-json\/wp\/v2\/product"}],"about":[{"href":"https:\/\/weinhundert.styleinc.eu\/da\/wp-json\/wp\/v2\/types\/product"}],"replies":[{"embeddable":true,"href":"https:\/\/weinhundert.styleinc.eu\/da\/wp-json\/wp\/v2\/comments?post=12610"}],"wp:featuredmedia":[{"embeddable":true,"href":"https:\/\/weinhundert.styleinc.eu\/da\/wp-json\/wp\/v2\/media\/12611"}],"wp:attachment":[{"href":"https:\/\/weinhundert.styleinc.eu\/da\/wp-json\/wp\/v2\/media?parent=12610"}],"wp:term":[{"taxonomy":"product_brand","embeddable":true,"href":"https:\/\/weinhundert.styleinc.eu\/da\/wp-json\/wp\/v2\/product_brand?post=12610"},{"taxonomy":"product_cat","embeddable":true,"href":"https:\/\/weinhundert.styleinc.eu\/da\/wp-json\/wp\/v2\/product_cat?post=12610"},{"taxonomy":"product_tag","embeddable":true,"href":"https:\/\/weinhundert.styleinc.eu\/da\/wp-json\/wp\/v2\/product_tag?post=12610"}],"curies":[{"name":"wp","href":"https:\/\/api.w.org\/{rel}","templated":true}]}}