{"id":12607,"date":"2026-03-03T22:34:27","date_gmt":"2026-03-03T21:34:27","guid":{"rendered":"https:\/\/weinhundert.styleinc.eu\/?post_type=product&#038;p=12607"},"modified":"2026-03-10T21:27:14","modified_gmt":"2026-03-10T20:27:14","slug":"chateau-forts-de-latour-2003-075-l","status":"publish","type":"product","link":"https:\/\/weinhundert.styleinc.eu\/da\/produkt\/chateau-forts-de-latour-2003-075-l\/","title":{"rendered":"Chateau Forts de Latour 2003 0,75 l"},"content":{"rendered":"<p>Dieser Bordeaux aus dem legend\u00e4ren Ch\u00e2teau Latour bringt dir die Kraft und Tiefe eines gro\u00dfen Pauillac ins Glas \u2013 2003 war ein starker Jahrgang f\u00fcr die Region. Die Mischung aus Cabernet Sauvignon, Merlot und Cabernet Franc ergibt einen Wein mit intensiven dunklen Fr\u00fcchten, w\u00fcrzigen Noten und einer beeindruckenden Struktur, die auch nach Jahren noch volle Spannung hat. Beim C\u00f4te de Beef oder einem kr\u00e4ftigen Wildgericht zeigt dieser Burgunder sein ganzes Potenzial, aber auch pur ist er absolut lohnenswert.<\/p>\n","protected":false},"excerpt":{"rendered":"<p>Chateau Latour 2003: Kraftvoller Pauillac mit Tiefe und Geschichte \u2013 reif und komplett.<\/p>\n","protected":false},"featured_media":12608,"comment_status":"open","ping_status":"closed","template":"","meta":{"_acf_changed":false,"_et_pb_use_builder":"","_et_pb_old_content":"","_et_gb_content_width":"","inline_featured_image":false,"_price":"219.00","_stock":"-1","_tribe_ticket_header":"","_tribe_default_ticket_provider":"","_ticket_start_date":"","_ticket_end_date":"","_tribe_ticket_show_description":"","_tribe_ticket_show_not_going":false,"_tribe_ticket_use_global_stock":"","_tribe_ticket_global_stock_level":"","_global_stock_mode":"","_global_stock_cap":"","_tribe_rsvp_for_event":"","_tribe_ticket_going_count":"","_tribe_ticket_not_going_count":"","_tribe_tickets_list":"[]","_tribe_ticket_has_attendee_info_fields":false},"product_brand":[],"product_cat":[119],"product_tag":[],"class_list":{"0":"post-12607","1":"product","2":"type-product","3":"status-publish","4":"has-post-thumbnail","6":"product_cat-rotwein","8":"first","9":"outofstock","10":"taxable","11":"shipping-taxable","12":"purchasable","13":"product-type-simple"},"acf":[],"_links":{"self":[{"href":"https:\/\/weinhundert.styleinc.eu\/da\/wp-json\/wp\/v2\/product\/12607","targetHints":{"allow":["GET"]}}],"collection":[{"href":"https:\/\/weinhundert.styleinc.eu\/da\/wp-json\/wp\/v2\/product"}],"about":[{"href":"https:\/\/weinhundert.styleinc.eu\/da\/wp-json\/wp\/v2\/types\/product"}],"replies":[{"embeddable":true,"href":"https:\/\/weinhundert.styleinc.eu\/da\/wp-json\/wp\/v2\/comments?post=12607"}],"wp:featuredmedia":[{"embeddable":true,"href":"https:\/\/weinhundert.styleinc.eu\/da\/wp-json\/wp\/v2\/media\/12608"}],"wp:attachment":[{"href":"https:\/\/weinhundert.styleinc.eu\/da\/wp-json\/wp\/v2\/media?parent=12607"}],"wp:term":[{"taxonomy":"product_brand","embeddable":true,"href":"https:\/\/weinhundert.styleinc.eu\/da\/wp-json\/wp\/v2\/product_brand?post=12607"},{"taxonomy":"product_cat","embeddable":true,"href":"https:\/\/weinhundert.styleinc.eu\/da\/wp-json\/wp\/v2\/product_cat?post=12607"},{"taxonomy":"product_tag","embeddable":true,"href":"https:\/\/weinhundert.styleinc.eu\/da\/wp-json\/wp\/v2\/product_tag?post=12607"}],"curies":[{"name":"wp","href":"https:\/\/api.w.org\/{rel}","templated":true}]}}