{"id":12562,"date":"2026-03-03T22:33:35","date_gmt":"2026-03-03T21:33:35","guid":{"rendered":"https:\/\/weinhundert.styleinc.eu\/produkt\/chateau-gloria-1995-075-l\/"},"modified":"2026-03-10T21:26:58","modified_gmt":"2026-03-10T20:26:58","slug":"chateau-gloria-1995-075-l","status":"publish","type":"product","link":"https:\/\/weinhundert.styleinc.eu\/da\/produkt\/chateau-gloria-1995-075-l\/","title":{"rendered":"Chateau Gloria 1995 0,75 l"},"content":{"rendered":"<p>Dieser 1995er aus Saint-Julien zeigt, was Bordeaux kann: reife Cabernet Sauvignon und Merlot vereint mit der w\u00fcrzigen Note von Cabernet Franc. Nach fast 30 Jahren hat dieser Wein sein volles Potenzial erreicht \u2013 tiefe Farbe, reife rote Fr\u00fcchte mit einem Hauch von Tabak und Leder, dazu eine sch\u00f6ne Struktur, die immer noch Kraft hat, aber jetzt schon wunderbar zu trinken ist. Vom Ch\u00e2teau Gloria, einem echten Saint-Julien-Klassiker mit Geschichte. Perfekt zu Roastbeef, w\u00fcrzigen Schmmorgerichten oder einfach zum Geniessen mit guten Freunden.<\/p>\n","protected":false},"excerpt":{"rendered":"<p>Ein w\u00fcrziger Bordeaux-Klassiker von 1995: reife Cabernet Sauvignon mit Tabak und Leder, jetzt in voller Pracht genussbereit.<\/p>\n","protected":false},"featured_media":12563,"comment_status":"open","ping_status":"closed","template":"","meta":{"_acf_changed":false,"_et_pb_use_builder":"","_et_pb_old_content":"","_et_gb_content_width":"","inline_featured_image":false,"_price":"49.90","_stock":"7","_tribe_ticket_header":"","_tribe_default_ticket_provider":"","_ticket_start_date":"","_ticket_end_date":"","_tribe_ticket_show_description":"","_tribe_ticket_show_not_going":false,"_tribe_ticket_use_global_stock":"","_tribe_ticket_global_stock_level":"","_global_stock_mode":"","_global_stock_cap":"","_tribe_rsvp_for_event":"","_tribe_ticket_going_count":"","_tribe_ticket_not_going_count":"","_tribe_tickets_list":"[]","_tribe_ticket_has_attendee_info_fields":false},"product_brand":[],"product_cat":[119],"product_tag":[],"class_list":{"0":"post-12562","1":"product","2":"type-product","3":"status-publish","4":"has-post-thumbnail","6":"product_cat-rotwein","8":"first","9":"instock","10":"taxable","11":"shipping-taxable","12":"purchasable","13":"product-type-simple"},"acf":[],"_links":{"self":[{"href":"https:\/\/weinhundert.styleinc.eu\/da\/wp-json\/wp\/v2\/product\/12562","targetHints":{"allow":["GET"]}}],"collection":[{"href":"https:\/\/weinhundert.styleinc.eu\/da\/wp-json\/wp\/v2\/product"}],"about":[{"href":"https:\/\/weinhundert.styleinc.eu\/da\/wp-json\/wp\/v2\/types\/product"}],"replies":[{"embeddable":true,"href":"https:\/\/weinhundert.styleinc.eu\/da\/wp-json\/wp\/v2\/comments?post=12562"}],"wp:featuredmedia":[{"embeddable":true,"href":"https:\/\/weinhundert.styleinc.eu\/da\/wp-json\/wp\/v2\/media\/12563"}],"wp:attachment":[{"href":"https:\/\/weinhundert.styleinc.eu\/da\/wp-json\/wp\/v2\/media?parent=12562"}],"wp:term":[{"taxonomy":"product_brand","embeddable":true,"href":"https:\/\/weinhundert.styleinc.eu\/da\/wp-json\/wp\/v2\/product_brand?post=12562"},{"taxonomy":"product_cat","embeddable":true,"href":"https:\/\/weinhundert.styleinc.eu\/da\/wp-json\/wp\/v2\/product_cat?post=12562"},{"taxonomy":"product_tag","embeddable":true,"href":"https:\/\/weinhundert.styleinc.eu\/da\/wp-json\/wp\/v2\/product_tag?post=12562"}],"curies":[{"name":"wp","href":"https:\/\/api.w.org\/{rel}","templated":true}]}}