{"id":12559,"date":"2026-03-03T22:33:30","date_gmt":"2026-03-03T21:33:30","guid":{"rendered":"https:\/\/weinhundert.styleinc.eu\/produkt\/chateau-gloria-1994-075-l\/"},"modified":"2026-03-10T21:26:58","modified_gmt":"2026-03-10T20:26:58","slug":"chateau-gloria-1994-075-l","status":"publish","type":"product","link":"https:\/\/weinhundert.styleinc.eu\/da\/produkt\/chateau-gloria-1994-075-l\/","title":{"rendered":"Chateau Gloria 1994 0,75 l"},"content":{"rendered":"<p>Dieser Bordeaux von 1994 ist ein echter Zeitzeuge \u2013 fast 30 Jahre Reife haben diesem Blend aus Cabernet Sauvignon, Merlot und Cabernet Franc eine wunderbar samtige Textur und tiefe rote Fr\u00fcchte verliehen. Du bekommst hier die authentische Kraft des Saint-Julien mit feinen Noten von dunklem Kirschkompott, Zedernholz und einer angenehmen mineralischen Tiefe, die typisch f\u00fcr das Ch\u00e2teau Gloria ist. Das Weingut hat sich immer als verl\u00e4sslicher Qualit\u00e4tsbringer bewiesen \u2013 kein gro\u00dfer Name, daf\u00fcr echte Handschrift. Ein Wein, der jetzt einfach perfekt trinkt und deine n\u00e4chste Dinnerparty mit Br<\/p>\n","protected":false},"excerpt":{"rendered":"<p>Authentischer Saint-Julien von 1994 \u2013 samtig gereift mit dunklen Fr\u00fcchten, Zedernholz und mineralischer Tiefe. Trinkreife Klassik.<\/p>\n","protected":false},"featured_media":12560,"comment_status":"open","ping_status":"closed","template":"","meta":{"_acf_changed":false,"_et_pb_use_builder":"","_et_pb_old_content":"","_et_gb_content_width":"","inline_featured_image":false,"_price":"39.90","_stock":"5","_tribe_ticket_header":"","_tribe_default_ticket_provider":"","_ticket_start_date":"","_ticket_end_date":"","_tribe_ticket_show_description":"","_tribe_ticket_show_not_going":false,"_tribe_ticket_use_global_stock":"","_tribe_ticket_global_stock_level":"","_global_stock_mode":"","_global_stock_cap":"","_tribe_rsvp_for_event":"","_tribe_ticket_going_count":"","_tribe_ticket_not_going_count":"","_tribe_tickets_list":"[]","_tribe_ticket_has_attendee_info_fields":false},"product_brand":[],"product_cat":[119],"product_tag":[],"class_list":{"0":"post-12559","1":"product","2":"type-product","3":"status-publish","4":"has-post-thumbnail","6":"product_cat-rotwein","8":"first","9":"instock","10":"taxable","11":"shipping-taxable","12":"purchasable","13":"product-type-simple"},"acf":[],"_links":{"self":[{"href":"https:\/\/weinhundert.styleinc.eu\/da\/wp-json\/wp\/v2\/product\/12559","targetHints":{"allow":["GET"]}}],"collection":[{"href":"https:\/\/weinhundert.styleinc.eu\/da\/wp-json\/wp\/v2\/product"}],"about":[{"href":"https:\/\/weinhundert.styleinc.eu\/da\/wp-json\/wp\/v2\/types\/product"}],"replies":[{"embeddable":true,"href":"https:\/\/weinhundert.styleinc.eu\/da\/wp-json\/wp\/v2\/comments?post=12559"}],"wp:featuredmedia":[{"embeddable":true,"href":"https:\/\/weinhundert.styleinc.eu\/da\/wp-json\/wp\/v2\/media\/12560"}],"wp:attachment":[{"href":"https:\/\/weinhundert.styleinc.eu\/da\/wp-json\/wp\/v2\/media?parent=12559"}],"wp:term":[{"taxonomy":"product_brand","embeddable":true,"href":"https:\/\/weinhundert.styleinc.eu\/da\/wp-json\/wp\/v2\/product_brand?post=12559"},{"taxonomy":"product_cat","embeddable":true,"href":"https:\/\/weinhundert.styleinc.eu\/da\/wp-json\/wp\/v2\/product_cat?post=12559"},{"taxonomy":"product_tag","embeddable":true,"href":"https:\/\/weinhundert.styleinc.eu\/da\/wp-json\/wp\/v2\/product_tag?post=12559"}],"curies":[{"name":"wp","href":"https:\/\/api.w.org\/{rel}","templated":true}]}}