{"id":12541,"date":"2026-03-03T22:33:06","date_gmt":"2026-03-03T21:33:06","guid":{"rendered":"https:\/\/weinhundert.styleinc.eu\/?post_type=product&#038;p=12541"},"modified":"2026-03-10T21:26:50","modified_gmt":"2026-03-10T20:26:50","slug":"la-braccesca-achelo-cortona-syrah-2016-075-l","status":"publish","type":"product","link":"https:\/\/weinhundert.styleinc.eu\/da\/produkt\/la-braccesca-achelo-cortona-syrah-2016-075-l\/","title":{"rendered":"La Braccesca Achelo Cortona Syrah 2016 0,75 l"},"content":{"rendered":"<p>Dieser Syrah aus der Toskana zeigt dir, wie gut Italiener die franz\u00f6sische Rebsorte im Griff haben. Mit intensivem Kirsch- und Pfefferspiel sowie einer feinen Mineralit\u00e4t schmeckt er nach sonnengereiften Trauben und s\u00fcdl\u00e4ndischer Kraft, ohne dabei anzugeben. Das Weingut Antinori hat hier einen Wein geschaffen, der sowohl unkompliziert als auch interessant ist \u2013 perfekt f\u00fcr Abende, an denen du guten Wein trinken m\u00f6chtest, ohne dich dabei verbiegen zu m\u00fcssen. Serviere ihn leicht gek\u00fchlt zu gegrilltem Fleisch oder w\u00fcrzigem Pasta-Gericht.<\/p>\n","protected":false},"excerpt":{"rendered":"<p>Toskanischer Syrah mit Kirsch- und Pfeffernoten \u2013 kraftvoll und charmant zugleich.<\/p>\n","protected":false},"featured_media":12542,"comment_status":"open","ping_status":"closed","template":"","meta":{"_acf_changed":false,"_et_pb_use_builder":"","_et_pb_old_content":"","_et_gb_content_width":"","inline_featured_image":false,"_price":"10.99","_stock":"-1","_tribe_ticket_header":"","_tribe_default_ticket_provider":"","_ticket_start_date":"","_ticket_end_date":"","_tribe_ticket_show_description":"","_tribe_ticket_show_not_going":false,"_tribe_ticket_use_global_stock":"","_tribe_ticket_global_stock_level":"","_global_stock_mode":"","_global_stock_cap":"","_tribe_rsvp_for_event":"","_tribe_ticket_going_count":"","_tribe_ticket_not_going_count":"","_tribe_tickets_list":"[]","_tribe_ticket_has_attendee_info_fields":false},"product_brand":[],"product_cat":[119],"product_tag":[],"class_list":{"0":"post-12541","1":"product","2":"type-product","3":"status-publish","4":"has-post-thumbnail","6":"product_cat-rotwein","8":"first","9":"outofstock","10":"taxable","11":"shipping-taxable","12":"purchasable","13":"product-type-simple"},"acf":[],"_links":{"self":[{"href":"https:\/\/weinhundert.styleinc.eu\/da\/wp-json\/wp\/v2\/product\/12541","targetHints":{"allow":["GET"]}}],"collection":[{"href":"https:\/\/weinhundert.styleinc.eu\/da\/wp-json\/wp\/v2\/product"}],"about":[{"href":"https:\/\/weinhundert.styleinc.eu\/da\/wp-json\/wp\/v2\/types\/product"}],"replies":[{"embeddable":true,"href":"https:\/\/weinhundert.styleinc.eu\/da\/wp-json\/wp\/v2\/comments?post=12541"}],"wp:featuredmedia":[{"embeddable":true,"href":"https:\/\/weinhundert.styleinc.eu\/da\/wp-json\/wp\/v2\/media\/12542"}],"wp:attachment":[{"href":"https:\/\/weinhundert.styleinc.eu\/da\/wp-json\/wp\/v2\/media?parent=12541"}],"wp:term":[{"taxonomy":"product_brand","embeddable":true,"href":"https:\/\/weinhundert.styleinc.eu\/da\/wp-json\/wp\/v2\/product_brand?post=12541"},{"taxonomy":"product_cat","embeddable":true,"href":"https:\/\/weinhundert.styleinc.eu\/da\/wp-json\/wp\/v2\/product_cat?post=12541"},{"taxonomy":"product_tag","embeddable":true,"href":"https:\/\/weinhundert.styleinc.eu\/da\/wp-json\/wp\/v2\/product_tag?post=12541"}],"curies":[{"name":"wp","href":"https:\/\/api.w.org\/{rel}","templated":true}]}}