{"id":12532,"date":"2026-03-03T22:32:55","date_gmt":"2026-03-03T21:32:55","guid":{"rendered":"https:\/\/weinhundert.styleinc.eu\/?post_type=product&#038;p=12532"},"modified":"2026-03-10T21:26:46","modified_gmt":"2026-03-10T20:26:46","slug":"strozzi-sodole-2011-075-l","status":"publish","type":"product","link":"https:\/\/weinhundert.styleinc.eu\/da\/produkt\/strozzi-sodole-2011-075-l\/","title":{"rendered":"Strozzi Sodole  2011 0,75 l"},"content":{"rendered":"<p>Dieser Sangiovese aus der Toskana zeigt dir, warum diese Rebsorte im Herzen Italiens zu Hause ist. Mit seiner w\u00fcrzigen S\u00e4ure und den feinen Kirsch- und Pflaumennoten bringt der Strozzi Sodole von 2011 Charakter ins Glas \u2013 nicht zu schwer, nicht zu leicht, sondern genau richtig f\u00fcr echte Weinmomente. Das Weingut Tenute Guicciardini Strozzi versteht es, aus dieser klassischen Rebsorte einen Wein zu keltern, der sich einfach gerne trinken l\u00e4sst. Passt perfekt zu Pasta mit Fleischso\u00dfe, gegrilltem Lamm oder w\u00fcrzigem Risotto.<\/p>\n","protected":false},"excerpt":{"rendered":"<p>W\u00fcrziger Toskaner mit Charakter: Sangiovese von 2011 mit feinen Kirsch- und Pflaumennoten.<\/p>\n","protected":false},"featured_media":12533,"comment_status":"open","ping_status":"closed","template":"","meta":{"_acf_changed":false,"_et_pb_use_builder":"","_et_pb_old_content":"","_et_gb_content_width":"","inline_featured_image":false,"_price":"24.90","_stock":"-1","_tribe_ticket_header":"","_tribe_default_ticket_provider":"","_ticket_start_date":"","_ticket_end_date":"","_tribe_ticket_show_description":"","_tribe_ticket_show_not_going":false,"_tribe_ticket_use_global_stock":"","_tribe_ticket_global_stock_level":"","_global_stock_mode":"","_global_stock_cap":"","_tribe_rsvp_for_event":"","_tribe_ticket_going_count":"","_tribe_ticket_not_going_count":"","_tribe_tickets_list":"[]","_tribe_ticket_has_attendee_info_fields":false},"product_brand":[],"product_cat":[119],"product_tag":[],"class_list":{"0":"post-12532","1":"product","2":"type-product","3":"status-publish","4":"has-post-thumbnail","6":"product_cat-rotwein","8":"first","9":"outofstock","10":"taxable","11":"shipping-taxable","12":"purchasable","13":"product-type-simple"},"acf":[],"_links":{"self":[{"href":"https:\/\/weinhundert.styleinc.eu\/da\/wp-json\/wp\/v2\/product\/12532","targetHints":{"allow":["GET"]}}],"collection":[{"href":"https:\/\/weinhundert.styleinc.eu\/da\/wp-json\/wp\/v2\/product"}],"about":[{"href":"https:\/\/weinhundert.styleinc.eu\/da\/wp-json\/wp\/v2\/types\/product"}],"replies":[{"embeddable":true,"href":"https:\/\/weinhundert.styleinc.eu\/da\/wp-json\/wp\/v2\/comments?post=12532"}],"wp:featuredmedia":[{"embeddable":true,"href":"https:\/\/weinhundert.styleinc.eu\/da\/wp-json\/wp\/v2\/media\/12533"}],"wp:attachment":[{"href":"https:\/\/weinhundert.styleinc.eu\/da\/wp-json\/wp\/v2\/media?parent=12532"}],"wp:term":[{"taxonomy":"product_brand","embeddable":true,"href":"https:\/\/weinhundert.styleinc.eu\/da\/wp-json\/wp\/v2\/product_brand?post=12532"},{"taxonomy":"product_cat","embeddable":true,"href":"https:\/\/weinhundert.styleinc.eu\/da\/wp-json\/wp\/v2\/product_cat?post=12532"},{"taxonomy":"product_tag","embeddable":true,"href":"https:\/\/weinhundert.styleinc.eu\/da\/wp-json\/wp\/v2\/product_tag?post=12532"}],"curies":[{"name":"wp","href":"https:\/\/api.w.org\/{rel}","templated":true}]}}