{"id":12511,"date":"2026-03-03T22:32:31","date_gmt":"2026-03-03T21:32:31","guid":{"rendered":"https:\/\/weinhundert.styleinc.eu\/?post_type=product&#038;p=12511"},"modified":"2026-03-10T21:26:39","modified_gmt":"2026-03-10T20:26:39","slug":"tenuta-san-guido-le-difese-2015-075-l","status":"publish","type":"product","link":"https:\/\/weinhundert.styleinc.eu\/da\/produkt\/tenuta-san-guido-le-difese-2015-075-l\/","title":{"rendered":"Tenuta San Guido Le Difese 2015 0,75 l"},"content":{"rendered":"<p>Hier kommt ein Wein, der zeigt, dass Italien auch au\u00dferhalb der klassischen Sangiovese-Pfade gro\u00dfartig spielen kann. Die Le Difese verbindet Cabernet Sauvignon und Sangiovese zu einer Mischung, die kraftvoll und gleichzeitig seidig daherkommt \u2013 perfekt f\u00fcr alle, die es etwas rustikaler und authentischer m\u00f6gen. Der 2015er Jahrgang bringt mediterrane W\u00fcrze, dunkle Fr\u00fcchte und ein beeindruckendes Stoma mit. Pair ihn zu gegrilltem Rindfleisch, reifem K\u00e4se oder einem herzhaften Wildragout und du wirst verstehen, warum dieses Weingut Kultklasse hat.<\/p>\n","protected":false},"excerpt":{"rendered":"<p>Toskanischer Klassiker mit Cabernet-Power und Sangiovese-Seele. Kraftvoll, w\u00fcrzig, authentisch.<\/p>\n","protected":false},"featured_media":12512,"comment_status":"open","ping_status":"closed","template":"","meta":{"_acf_changed":false,"_et_pb_use_builder":"","_et_pb_old_content":"","_et_gb_content_width":"","inline_featured_image":false,"_price":"13.99","_stock":"-1","_tribe_ticket_header":"","_tribe_default_ticket_provider":"","_ticket_start_date":"","_ticket_end_date":"","_tribe_ticket_show_description":"","_tribe_ticket_show_not_going":false,"_tribe_ticket_use_global_stock":"","_tribe_ticket_global_stock_level":"","_global_stock_mode":"","_global_stock_cap":"","_tribe_rsvp_for_event":"","_tribe_ticket_going_count":"","_tribe_ticket_not_going_count":"","_tribe_tickets_list":"[]","_tribe_ticket_has_attendee_info_fields":false},"product_brand":[],"product_cat":[119],"product_tag":[],"class_list":{"0":"post-12511","1":"product","2":"type-product","3":"status-publish","4":"has-post-thumbnail","6":"product_cat-rotwein","8":"first","9":"outofstock","10":"taxable","11":"shipping-taxable","12":"purchasable","13":"product-type-simple"},"acf":[],"_links":{"self":[{"href":"https:\/\/weinhundert.styleinc.eu\/da\/wp-json\/wp\/v2\/product\/12511","targetHints":{"allow":["GET"]}}],"collection":[{"href":"https:\/\/weinhundert.styleinc.eu\/da\/wp-json\/wp\/v2\/product"}],"about":[{"href":"https:\/\/weinhundert.styleinc.eu\/da\/wp-json\/wp\/v2\/types\/product"}],"replies":[{"embeddable":true,"href":"https:\/\/weinhundert.styleinc.eu\/da\/wp-json\/wp\/v2\/comments?post=12511"}],"wp:featuredmedia":[{"embeddable":true,"href":"https:\/\/weinhundert.styleinc.eu\/da\/wp-json\/wp\/v2\/media\/12512"}],"wp:attachment":[{"href":"https:\/\/weinhundert.styleinc.eu\/da\/wp-json\/wp\/v2\/media?parent=12511"}],"wp:term":[{"taxonomy":"product_brand","embeddable":true,"href":"https:\/\/weinhundert.styleinc.eu\/da\/wp-json\/wp\/v2\/product_brand?post=12511"},{"taxonomy":"product_cat","embeddable":true,"href":"https:\/\/weinhundert.styleinc.eu\/da\/wp-json\/wp\/v2\/product_cat?post=12511"},{"taxonomy":"product_tag","embeddable":true,"href":"https:\/\/weinhundert.styleinc.eu\/da\/wp-json\/wp\/v2\/product_tag?post=12511"}],"curies":[{"name":"wp","href":"https:\/\/api.w.org\/{rel}","templated":true}]}}