{"id":12508,"date":"2026-03-03T22:32:28","date_gmt":"2026-03-03T21:32:28","guid":{"rendered":"https:\/\/weinhundert.styleinc.eu\/?post_type=product&#038;p=12508"},"modified":"2026-03-10T21:26:38","modified_gmt":"2026-03-10T20:26:38","slug":"vieux-telegraphe-rouge-2014-075-l","status":"publish","type":"product","link":"https:\/\/weinhundert.styleinc.eu\/da\/produkt\/vieux-telegraphe-rouge-2014-075-l\/","title":{"rendered":"Vieux Telegraphe Rouge  2014 0,75 l"},"content":{"rendered":"<p>Dieser Ch\u00e2teauneuf-du-Pape von Vieux Telegraphe zeigt dir, warum die Rh\u00f4ne dich abh\u00e4ngig machen kann. Der 2014er vereint die Kraft von Grenache, Syrah und Mourv\u00e8dre zu einem kraftvollen Rotwein, der mit reifen Fr\u00fcchten, w\u00fcrzigen Noten und ordentlich Charakter \u00fcberzeugt. Das Weingut Brunier &amp; Fils versteht sein Handwerk seit Generationen, und das schmeckst du in jedem Schluck. Dieser Wein passt perfekt zu gegrilltem Fleisch, Wildgerichten oder einem guten Steak.<\/p>\n","protected":false},"excerpt":{"rendered":"<p>Klassischer Ch\u00e2teauneuf mit Kraft und Charakter \u2013 perfekt zu Grill und Wildgerichten.<\/p>\n","protected":false},"featured_media":12509,"comment_status":"open","ping_status":"closed","template":"","meta":{"_acf_changed":false,"_et_pb_use_builder":"","_et_pb_old_content":"","_et_gb_content_width":"","inline_featured_image":false,"_price":"63.90","_stock":"-1","_tribe_ticket_header":"","_tribe_default_ticket_provider":"","_ticket_start_date":"","_ticket_end_date":"","_tribe_ticket_show_description":"","_tribe_ticket_show_not_going":false,"_tribe_ticket_use_global_stock":"","_tribe_ticket_global_stock_level":"","_global_stock_mode":"","_global_stock_cap":"","_tribe_rsvp_for_event":"","_tribe_ticket_going_count":"","_tribe_ticket_not_going_count":"","_tribe_tickets_list":"[]","_tribe_ticket_has_attendee_info_fields":false},"product_brand":[],"product_cat":[119],"product_tag":[],"class_list":{"0":"post-12508","1":"product","2":"type-product","3":"status-publish","4":"has-post-thumbnail","6":"product_cat-rotwein","8":"first","9":"outofstock","10":"taxable","11":"shipping-taxable","12":"purchasable","13":"product-type-simple"},"acf":[],"_links":{"self":[{"href":"https:\/\/weinhundert.styleinc.eu\/da\/wp-json\/wp\/v2\/product\/12508","targetHints":{"allow":["GET"]}}],"collection":[{"href":"https:\/\/weinhundert.styleinc.eu\/da\/wp-json\/wp\/v2\/product"}],"about":[{"href":"https:\/\/weinhundert.styleinc.eu\/da\/wp-json\/wp\/v2\/types\/product"}],"replies":[{"embeddable":true,"href":"https:\/\/weinhundert.styleinc.eu\/da\/wp-json\/wp\/v2\/comments?post=12508"}],"wp:featuredmedia":[{"embeddable":true,"href":"https:\/\/weinhundert.styleinc.eu\/da\/wp-json\/wp\/v2\/media\/12509"}],"wp:attachment":[{"href":"https:\/\/weinhundert.styleinc.eu\/da\/wp-json\/wp\/v2\/media?parent=12508"}],"wp:term":[{"taxonomy":"product_brand","embeddable":true,"href":"https:\/\/weinhundert.styleinc.eu\/da\/wp-json\/wp\/v2\/product_brand?post=12508"},{"taxonomy":"product_cat","embeddable":true,"href":"https:\/\/weinhundert.styleinc.eu\/da\/wp-json\/wp\/v2\/product_cat?post=12508"},{"taxonomy":"product_tag","embeddable":true,"href":"https:\/\/weinhundert.styleinc.eu\/da\/wp-json\/wp\/v2\/product_tag?post=12508"}],"curies":[{"name":"wp","href":"https:\/\/api.w.org\/{rel}","templated":true}]}}