{"id":12421,"date":"2026-03-03T22:30:48","date_gmt":"2026-03-03T21:30:48","guid":{"rendered":"https:\/\/weinhundert.styleinc.eu\/produkt\/scheibel-alte-zeit-bergpflaume-070-l\/"},"modified":"2026-03-10T21:26:10","modified_gmt":"2026-03-10T20:26:10","slug":"scheibel-alte-zeit-bergpflaume-070-l","status":"publish","type":"product","link":"https:\/\/weinhundert.styleinc.eu\/da\/produkt\/scheibel-alte-zeit-bergpflaume-070-l\/","title":{"rendered":"Scheibel Alte Zeit BergPflaume 0,70 l"},"content":{"rendered":"<p>Dieser Schwarzw\u00e4lder Pflaumenbrand aus dem Hause Scheibel bringt dir echte Handwerkskunst ins Glas \u2013 kein industrielles Ged\u00f6ns, sondern echte Kleinbrennerei-Tradition. Die Fr\u00fcchte werden sorgf\u00e4ltig verarbeitet, sodass intensive Pflaumennoten mit einer feinen W\u00fcrzigkeit zusammenkommen, die deinen Gaumen richtig wachr\u00fcttelt. Mit 44 % Alkohol hat er Kraft, ohne dabei zu zusclagen, und die alte deutsche Brennerkunst schmeckt man deutlich heraus. Ein Schluck, der dich direkt in den Schwarzwald entf\u00fchrt \u2013 genie\u00dfen kannst du ihn pur, auf Eis oder als Digestif nach einem deftigen Essen. Tipp:<\/p>\n","protected":false},"excerpt":{"rendered":"<p>Handwerklich destilliert: intensive Pflaumennoten treffen feine W\u00fcrzigkeit. Schwarzw\u00e4lder Tradition pur, 44% Alkohol, vielseitig genie\u00dfbar.<\/p>\n","protected":false},"featured_media":12422,"comment_status":"open","ping_status":"closed","template":"","meta":{"_acf_changed":false,"_et_pb_use_builder":"","_et_pb_old_content":"","_et_gb_content_width":"","inline_featured_image":false,"_price":"89.90","_stock":"2","_tribe_ticket_header":"","_tribe_default_ticket_provider":"","_ticket_start_date":"","_ticket_end_date":"","_tribe_ticket_show_description":"","_tribe_ticket_show_not_going":false,"_tribe_ticket_use_global_stock":"","_tribe_ticket_global_stock_level":"","_global_stock_mode":"","_global_stock_cap":"","_tribe_rsvp_for_event":"","_tribe_ticket_going_count":"","_tribe_ticket_not_going_count":"","_tribe_tickets_list":"[]","_tribe_ticket_has_attendee_info_fields":false},"product_brand":[],"product_cat":[134],"product_tag":[],"class_list":{"0":"post-12421","1":"product","2":"type-product","3":"status-publish","4":"has-post-thumbnail","6":"product_cat-spirituosen","8":"first","9":"instock","10":"taxable","11":"shipping-taxable","12":"purchasable","13":"product-type-simple"},"acf":[],"_links":{"self":[{"href":"https:\/\/weinhundert.styleinc.eu\/da\/wp-json\/wp\/v2\/product\/12421","targetHints":{"allow":["GET"]}}],"collection":[{"href":"https:\/\/weinhundert.styleinc.eu\/da\/wp-json\/wp\/v2\/product"}],"about":[{"href":"https:\/\/weinhundert.styleinc.eu\/da\/wp-json\/wp\/v2\/types\/product"}],"replies":[{"embeddable":true,"href":"https:\/\/weinhundert.styleinc.eu\/da\/wp-json\/wp\/v2\/comments?post=12421"}],"wp:featuredmedia":[{"embeddable":true,"href":"https:\/\/weinhundert.styleinc.eu\/da\/wp-json\/wp\/v2\/media\/12422"}],"wp:attachment":[{"href":"https:\/\/weinhundert.styleinc.eu\/da\/wp-json\/wp\/v2\/media?parent=12421"}],"wp:term":[{"taxonomy":"product_brand","embeddable":true,"href":"https:\/\/weinhundert.styleinc.eu\/da\/wp-json\/wp\/v2\/product_brand?post=12421"},{"taxonomy":"product_cat","embeddable":true,"href":"https:\/\/weinhundert.styleinc.eu\/da\/wp-json\/wp\/v2\/product_cat?post=12421"},{"taxonomy":"product_tag","embeddable":true,"href":"https:\/\/weinhundert.styleinc.eu\/da\/wp-json\/wp\/v2\/product_tag?post=12421"}],"curies":[{"name":"wp","href":"https:\/\/api.w.org\/{rel}","templated":true}]}}