{"id":12418,"date":"2026-03-03T22:30:43","date_gmt":"2026-03-03T21:30:43","guid":{"rendered":"https:\/\/weinhundert.styleinc.eu\/produkt\/scheibel-alte-zeit-bergkirsch-070-l\/"},"modified":"2026-03-10T21:26:09","modified_gmt":"2026-03-10T20:26:09","slug":"scheibel-alte-zeit-bergkirsch-070-l","status":"publish","type":"product","link":"https:\/\/weinhundert.styleinc.eu\/da\/produkt\/scheibel-alte-zeit-bergkirsch-070-l\/","title":{"rendered":"Scheibel Alte Zeit Bergkirsch 0,70 l"},"content":{"rendered":"<p>Dieser Schwarzw\u00e4lder Kirschbrand von Scheibel ist pure Handwerkskunst aus der Flasche \u2013 intensiv fruchtig, mit dieser wunderbaren Balance zwischen s\u00fc\u00dfer Kirschnote und feuer-w\u00fcrziger W\u00e4rme. Der 44er Alkoholgehalt macht ihn zu einem echten Charakter, der dir direkt im Mund zeigt, was in ihm steckt. Die Brennerei E. Scheibel sch\u00f6pft hier aus Jahrzehnten Erfahrung und setzt auf beste Schwarzw\u00e4lder Kirschen \u2013 das schmeckst du deutlich. Perfekt pur genossen als After-Dinner-Digestif oder in einem Cocktail mit Tonic und Zitrone, um die Frucht richtig zum Leben zu wecken.<\/p>\n","protected":false},"excerpt":{"rendered":"<p>Intensiv fruchtige Schwarzw\u00e4lder Kirschessenz mit w\u00fcrziger W\u00e4rme \u2013 Handwerkskunst pur, perfekt pur oder im Cocktail.<\/p>\n","protected":false},"featured_media":12419,"comment_status":"open","ping_status":"closed","template":"","meta":{"_acf_changed":false,"_et_pb_use_builder":"","_et_pb_old_content":"","_et_gb_content_width":"","inline_featured_image":false,"_price":"69.90","_stock":"5","_tribe_ticket_header":"","_tribe_default_ticket_provider":"","_ticket_start_date":"","_ticket_end_date":"","_tribe_ticket_show_description":"","_tribe_ticket_show_not_going":false,"_tribe_ticket_use_global_stock":"","_tribe_ticket_global_stock_level":"","_global_stock_mode":"","_global_stock_cap":"","_tribe_rsvp_for_event":"","_tribe_ticket_going_count":"","_tribe_ticket_not_going_count":"","_tribe_tickets_list":"[]","_tribe_ticket_has_attendee_info_fields":false},"product_brand":[],"product_cat":[134],"product_tag":[],"class_list":{"0":"post-12418","1":"product","2":"type-product","3":"status-publish","4":"has-post-thumbnail","6":"product_cat-spirituosen","8":"first","9":"instock","10":"taxable","11":"shipping-taxable","12":"purchasable","13":"product-type-simple"},"acf":[],"_links":{"self":[{"href":"https:\/\/weinhundert.styleinc.eu\/da\/wp-json\/wp\/v2\/product\/12418","targetHints":{"allow":["GET"]}}],"collection":[{"href":"https:\/\/weinhundert.styleinc.eu\/da\/wp-json\/wp\/v2\/product"}],"about":[{"href":"https:\/\/weinhundert.styleinc.eu\/da\/wp-json\/wp\/v2\/types\/product"}],"replies":[{"embeddable":true,"href":"https:\/\/weinhundert.styleinc.eu\/da\/wp-json\/wp\/v2\/comments?post=12418"}],"wp:featuredmedia":[{"embeddable":true,"href":"https:\/\/weinhundert.styleinc.eu\/da\/wp-json\/wp\/v2\/media\/12419"}],"wp:attachment":[{"href":"https:\/\/weinhundert.styleinc.eu\/da\/wp-json\/wp\/v2\/media?parent=12418"}],"wp:term":[{"taxonomy":"product_brand","embeddable":true,"href":"https:\/\/weinhundert.styleinc.eu\/da\/wp-json\/wp\/v2\/product_brand?post=12418"},{"taxonomy":"product_cat","embeddable":true,"href":"https:\/\/weinhundert.styleinc.eu\/da\/wp-json\/wp\/v2\/product_cat?post=12418"},{"taxonomy":"product_tag","embeddable":true,"href":"https:\/\/weinhundert.styleinc.eu\/da\/wp-json\/wp\/v2\/product_tag?post=12418"}],"curies":[{"name":"wp","href":"https:\/\/api.w.org\/{rel}","templated":true}]}}