{"id":12406,"date":"2026-03-03T22:30:30","date_gmt":"2026-03-03T21:30:30","guid":{"rendered":"https:\/\/weinhundert.styleinc.eu\/?post_type=product&#038;p=12406"},"modified":"2026-03-10T21:26:05","modified_gmt":"2026-03-10T20:26:05","slug":"chateau-olivier-roughe-2006-075-l","status":"publish","type":"product","link":"https:\/\/weinhundert.styleinc.eu\/da\/produkt\/chateau-olivier-roughe-2006-075-l\/","title":{"rendered":"Chateau Olivier Roughe 2006 0,75 l"},"content":{"rendered":"<p>Dieser Bordeaux aus dem Jahrgang 2006 zeigt dir, wie zeitlos gute Rotweine sein k\u00f6nnen \u2013 nach fast zwei Jahrzehnten hat er immer noch viel zu erz\u00e4hlen. Die Mischung aus Cabernet Sauvignon und Merlot bringt dir reife dunkle Fr\u00fcchte, dezente Gew\u00fcrznoten und eine wunderbar strukturierte Art mit sich, die nicht aufdringlich wirkt. Mit 13 Prozent Alkohol sitzt er perfekt im Gleichgewicht und l\u00e4dt dich zu einem gem\u00fctlichen Abend ein. Passt hervorragend zu kr\u00e4ftigem Schmorfleisch, Rinderbraten oder auch zu einer guten K\u00e4seplatte.<\/p>\n","protected":false},"excerpt":{"rendered":"<p>Reifer Bordeaux-Klassiker mit Tiefgang \u2013 Cabernet und Merlot in perfektem Einklang, bereit zum Genie\u00dfen.<\/p>\n","protected":false},"featured_media":12407,"comment_status":"open","ping_status":"closed","template":"","meta":{"_acf_changed":false,"_et_pb_use_builder":"","_et_pb_old_content":"","_et_gb_content_width":"","inline_featured_image":false,"_price":"19.99","_stock":"-1","_tribe_ticket_header":"","_tribe_default_ticket_provider":"","_ticket_start_date":"","_ticket_end_date":"","_tribe_ticket_show_description":"","_tribe_ticket_show_not_going":false,"_tribe_ticket_use_global_stock":"","_tribe_ticket_global_stock_level":"","_global_stock_mode":"","_global_stock_cap":"","_tribe_rsvp_for_event":"","_tribe_ticket_going_count":"","_tribe_ticket_not_going_count":"","_tribe_tickets_list":"[]","_tribe_ticket_has_attendee_info_fields":false},"product_brand":[],"product_cat":[119],"product_tag":[],"class_list":{"0":"post-12406","1":"product","2":"type-product","3":"status-publish","4":"has-post-thumbnail","6":"product_cat-rotwein","8":"first","9":"outofstock","10":"taxable","11":"shipping-taxable","12":"purchasable","13":"product-type-simple"},"acf":[],"_links":{"self":[{"href":"https:\/\/weinhundert.styleinc.eu\/da\/wp-json\/wp\/v2\/product\/12406","targetHints":{"allow":["GET"]}}],"collection":[{"href":"https:\/\/weinhundert.styleinc.eu\/da\/wp-json\/wp\/v2\/product"}],"about":[{"href":"https:\/\/weinhundert.styleinc.eu\/da\/wp-json\/wp\/v2\/types\/product"}],"replies":[{"embeddable":true,"href":"https:\/\/weinhundert.styleinc.eu\/da\/wp-json\/wp\/v2\/comments?post=12406"}],"wp:featuredmedia":[{"embeddable":true,"href":"https:\/\/weinhundert.styleinc.eu\/da\/wp-json\/wp\/v2\/media\/12407"}],"wp:attachment":[{"href":"https:\/\/weinhundert.styleinc.eu\/da\/wp-json\/wp\/v2\/media?parent=12406"}],"wp:term":[{"taxonomy":"product_brand","embeddable":true,"href":"https:\/\/weinhundert.styleinc.eu\/da\/wp-json\/wp\/v2\/product_brand?post=12406"},{"taxonomy":"product_cat","embeddable":true,"href":"https:\/\/weinhundert.styleinc.eu\/da\/wp-json\/wp\/v2\/product_cat?post=12406"},{"taxonomy":"product_tag","embeddable":true,"href":"https:\/\/weinhundert.styleinc.eu\/da\/wp-json\/wp\/v2\/product_tag?post=12406"}],"curies":[{"name":"wp","href":"https:\/\/api.w.org\/{rel}","templated":true}]}}