{"id":12400,"date":"2026-03-03T22:30:26","date_gmt":"2026-03-03T21:30:26","guid":{"rendered":"https:\/\/weinhundert.styleinc.eu\/?post_type=product&#038;p=12400"},"modified":"2026-03-10T21:26:03","modified_gmt":"2026-03-10T20:26:03","slug":"telegramme-chateauneuf-du-pape-2015-075-l","status":"publish","type":"product","link":"https:\/\/weinhundert.styleinc.eu\/da\/produkt\/telegramme-chateauneuf-du-pape-2015-075-l\/","title":{"rendered":"T\u00e9l\u00e9gramme Ch\u00e2teauneuf du Pape 2015 0,75 l"},"content":{"rendered":"<p>Dieser Ch\u00e2teauneuf du Pape zeigt dir, warum die s\u00fcdliche Rh\u00f4ne seit Jahrhunderten Weinlegenden schreibt. Die Grenache bildet das Fundament, wird aber von Syrah, Mourv\u00e8dre und Cinsault kr\u00e4ftig unterst\u00fctzt \u2013 das Ergebnis ist ein Rotwein mit Tiefgang, der nach dunklen Beeren, Kr\u00e4utern und einer Spur Pfeffer duftet. Der 2015er Jahrgang hat dem Wein dabei eine wunderbare Reife gegeben, ohne ihn zu \u00fcberlasten. Genie\u00dfen kannst du ihn schon jetzt, am besten zu einem saftigen Rinderbraten oder Lamm vom Grill.<\/p>\n","protected":false},"excerpt":{"rendered":"<p>S\u00fcdfranz\u00f6sische Kraft trifft Charakter: Ein Ch\u00e2teauneuf du Pape mit Beeren, Kr\u00e4utern und echtem Biss.<\/p>\n","protected":false},"featured_media":12401,"comment_status":"open","ping_status":"closed","template":"","meta":{"_acf_changed":false,"_et_pb_use_builder":"","_et_pb_old_content":"","_et_gb_content_width":"","inline_featured_image":false,"_price":"27.90","_stock":"-1","_tribe_ticket_header":"","_tribe_default_ticket_provider":"","_ticket_start_date":"","_ticket_end_date":"","_tribe_ticket_show_description":"","_tribe_ticket_show_not_going":false,"_tribe_ticket_use_global_stock":"","_tribe_ticket_global_stock_level":"","_global_stock_mode":"","_global_stock_cap":"","_tribe_rsvp_for_event":"","_tribe_ticket_going_count":"","_tribe_ticket_not_going_count":"","_tribe_tickets_list":"[]","_tribe_ticket_has_attendee_info_fields":false},"product_brand":[],"product_cat":[119],"product_tag":[],"class_list":{"0":"post-12400","1":"product","2":"type-product","3":"status-publish","4":"has-post-thumbnail","6":"product_cat-rotwein","8":"first","9":"outofstock","10":"taxable","11":"shipping-taxable","12":"purchasable","13":"product-type-simple"},"acf":[],"_links":{"self":[{"href":"https:\/\/weinhundert.styleinc.eu\/da\/wp-json\/wp\/v2\/product\/12400","targetHints":{"allow":["GET"]}}],"collection":[{"href":"https:\/\/weinhundert.styleinc.eu\/da\/wp-json\/wp\/v2\/product"}],"about":[{"href":"https:\/\/weinhundert.styleinc.eu\/da\/wp-json\/wp\/v2\/types\/product"}],"replies":[{"embeddable":true,"href":"https:\/\/weinhundert.styleinc.eu\/da\/wp-json\/wp\/v2\/comments?post=12400"}],"wp:featuredmedia":[{"embeddable":true,"href":"https:\/\/weinhundert.styleinc.eu\/da\/wp-json\/wp\/v2\/media\/12401"}],"wp:attachment":[{"href":"https:\/\/weinhundert.styleinc.eu\/da\/wp-json\/wp\/v2\/media?parent=12400"}],"wp:term":[{"taxonomy":"product_brand","embeddable":true,"href":"https:\/\/weinhundert.styleinc.eu\/da\/wp-json\/wp\/v2\/product_brand?post=12400"},{"taxonomy":"product_cat","embeddable":true,"href":"https:\/\/weinhundert.styleinc.eu\/da\/wp-json\/wp\/v2\/product_cat?post=12400"},{"taxonomy":"product_tag","embeddable":true,"href":"https:\/\/weinhundert.styleinc.eu\/da\/wp-json\/wp\/v2\/product_tag?post=12400"}],"curies":[{"name":"wp","href":"https:\/\/api.w.org\/{rel}","templated":true}]}}