{"id":12379,"date":"2026-03-03T22:30:10","date_gmt":"2026-03-03T21:30:10","guid":{"rendered":"https:\/\/weinhundert.styleinc.eu\/produkt\/torres-reserva-real-1997-075-l\/"},"modified":"2026-03-10T21:25:58","modified_gmt":"2026-03-10T20:25:58","slug":"torres-reserva-real-1997-075-l","status":"publish","type":"product","link":"https:\/\/weinhundert.styleinc.eu\/da\/produkt\/torres-reserva-real-1997-075-l\/","title":{"rendered":"Torres Reserva Real  1997 0,75 l"},"content":{"rendered":"<p>Dieser spanische Klassiker aus dem Penedes wartet mit einer wunderbaren Reife auf dich. Der Torres Reserva Real 1997 ist ein kraftvoller Blend aus Cabernet Sauvignon, Cabernet Franc und Merlot, der \u00fcber die Jahrzehnte seine wilde Jugend gegen w\u00fcrzige Tiefe getauscht hat. Du bekommst hier ein St\u00fcck spanische Weingeschichte mit reifer Frucht, feinen Ledernoten und einer samtigen Textur, die zeigt, wie guter Wein mit Zeit wirklich sch\u00f6ner wird. Perfect zu reifem Rindfleisch, kr\u00e4ftigen Schmorgerichten oder w\u00fcrzigen Hartk\u00e4sesorten \u2013 einfach ein Wein mit Charakter und Geschichte.<\/p>\n","protected":false},"excerpt":{"rendered":"<p>Jahrgangsjuwel aus Spanien: Reife Frucht, w\u00fcrzige Tiefe und samtige Textur. Ein kraftvoller Klassiker mit Geschichte.<\/p>\n","protected":false},"featured_media":12380,"comment_status":"open","ping_status":"closed","template":"","meta":{"_acf_changed":false,"_et_pb_use_builder":"","_et_pb_old_content":"","_et_gb_content_width":"","inline_featured_image":false,"_price":"95.00","_stock":"3","_tribe_ticket_header":"","_tribe_default_ticket_provider":"","_ticket_start_date":"","_ticket_end_date":"","_tribe_ticket_show_description":"","_tribe_ticket_show_not_going":false,"_tribe_ticket_use_global_stock":"","_tribe_ticket_global_stock_level":"","_global_stock_mode":"","_global_stock_cap":"","_tribe_rsvp_for_event":"","_tribe_ticket_going_count":"","_tribe_ticket_not_going_count":"","_tribe_tickets_list":"[]","_tribe_ticket_has_attendee_info_fields":false},"product_brand":[],"product_cat":[119],"product_tag":[],"class_list":{"0":"post-12379","1":"product","2":"type-product","3":"status-publish","4":"has-post-thumbnail","6":"product_cat-rotwein","8":"first","9":"instock","10":"taxable","11":"shipping-taxable","12":"purchasable","13":"product-type-simple"},"acf":[],"_links":{"self":[{"href":"https:\/\/weinhundert.styleinc.eu\/da\/wp-json\/wp\/v2\/product\/12379","targetHints":{"allow":["GET"]}}],"collection":[{"href":"https:\/\/weinhundert.styleinc.eu\/da\/wp-json\/wp\/v2\/product"}],"about":[{"href":"https:\/\/weinhundert.styleinc.eu\/da\/wp-json\/wp\/v2\/types\/product"}],"replies":[{"embeddable":true,"href":"https:\/\/weinhundert.styleinc.eu\/da\/wp-json\/wp\/v2\/comments?post=12379"}],"wp:featuredmedia":[{"embeddable":true,"href":"https:\/\/weinhundert.styleinc.eu\/da\/wp-json\/wp\/v2\/media\/12380"}],"wp:attachment":[{"href":"https:\/\/weinhundert.styleinc.eu\/da\/wp-json\/wp\/v2\/media?parent=12379"}],"wp:term":[{"taxonomy":"product_brand","embeddable":true,"href":"https:\/\/weinhundert.styleinc.eu\/da\/wp-json\/wp\/v2\/product_brand?post=12379"},{"taxonomy":"product_cat","embeddable":true,"href":"https:\/\/weinhundert.styleinc.eu\/da\/wp-json\/wp\/v2\/product_cat?post=12379"},{"taxonomy":"product_tag","embeddable":true,"href":"https:\/\/weinhundert.styleinc.eu\/da\/wp-json\/wp\/v2\/product_tag?post=12379"}],"curies":[{"name":"wp","href":"https:\/\/api.w.org\/{rel}","templated":true}]}}