{"id":12361,"date":"2026-03-03T22:29:46","date_gmt":"2026-03-03T21:29:46","guid":{"rendered":"https:\/\/weinhundert.styleinc.eu\/produkt\/lupicaia-1998-075-l\/"},"modified":"2026-03-10T21:25:53","modified_gmt":"2026-03-10T20:25:53","slug":"lupicaia-1998-075-l","status":"publish","type":"product","link":"https:\/\/weinhundert.styleinc.eu\/da\/produkt\/lupicaia-1998-075-l\/","title":{"rendered":"Lupicaia  1998 0,75 l"},"content":{"rendered":"<p>Dieser Lupicaia aus dem Jahrgang 1998 ist ein echter Klassiker aus der Toskana, der zeigt, wie gut italienische Rotweine aus Merlot und Cabernet Sauvignon sein k\u00f6nnen. Nach \u00fcber zwei Dekaden hat dieser Wein eine beeindruckende Reife entwickelt \u2013 die Frucht ist subtiler geworden, daf\u00fcr kommen mineralische Noten und eine wunderbar seidige Struktur zum Vorschein. Mit 14% Alkohol sitzt er perfekt im Gleichgewicht und trinkt sich absolut angenehm. Das ist ein Wein f\u00fcr alle, die gerne in die Geschichte eines Weinguts eintauchen und verstehen m\u00f6chten, wie Zeit im Glas wirkt. Dazu passt perfekt ein sch\u00f6nes Steak, Wild<\/p>\n","protected":false},"excerpt":{"rendered":"<p>Reifer Klassiker aus 1998: Lupicaia zeigt mineralische Eleganz, seidig-vollendete Struktur und das Potenzial italienischer Weinkunst.<\/p>\n","protected":false},"featured_media":12362,"comment_status":"open","ping_status":"closed","template":"","meta":{"_acf_changed":false,"_et_pb_use_builder":"","_et_pb_old_content":"","_et_gb_content_width":"","inline_featured_image":false,"_price":"79.90","_stock":"4","_tribe_ticket_header":"","_tribe_default_ticket_provider":"","_ticket_start_date":"","_ticket_end_date":"","_tribe_ticket_show_description":"","_tribe_ticket_show_not_going":false,"_tribe_ticket_use_global_stock":"","_tribe_ticket_global_stock_level":"","_global_stock_mode":"","_global_stock_cap":"","_tribe_rsvp_for_event":"","_tribe_ticket_going_count":"","_tribe_ticket_not_going_count":"","_tribe_tickets_list":"[]","_tribe_ticket_has_attendee_info_fields":false},"product_brand":[],"product_cat":[119],"product_tag":[],"class_list":{"0":"post-12361","1":"product","2":"type-product","3":"status-publish","4":"has-post-thumbnail","6":"product_cat-rotwein","8":"first","9":"instock","10":"taxable","11":"shipping-taxable","12":"purchasable","13":"product-type-simple"},"acf":[],"_links":{"self":[{"href":"https:\/\/weinhundert.styleinc.eu\/da\/wp-json\/wp\/v2\/product\/12361","targetHints":{"allow":["GET"]}}],"collection":[{"href":"https:\/\/weinhundert.styleinc.eu\/da\/wp-json\/wp\/v2\/product"}],"about":[{"href":"https:\/\/weinhundert.styleinc.eu\/da\/wp-json\/wp\/v2\/types\/product"}],"replies":[{"embeddable":true,"href":"https:\/\/weinhundert.styleinc.eu\/da\/wp-json\/wp\/v2\/comments?post=12361"}],"wp:featuredmedia":[{"embeddable":true,"href":"https:\/\/weinhundert.styleinc.eu\/da\/wp-json\/wp\/v2\/media\/12362"}],"wp:attachment":[{"href":"https:\/\/weinhundert.styleinc.eu\/da\/wp-json\/wp\/v2\/media?parent=12361"}],"wp:term":[{"taxonomy":"product_brand","embeddable":true,"href":"https:\/\/weinhundert.styleinc.eu\/da\/wp-json\/wp\/v2\/product_brand?post=12361"},{"taxonomy":"product_cat","embeddable":true,"href":"https:\/\/weinhundert.styleinc.eu\/da\/wp-json\/wp\/v2\/product_cat?post=12361"},{"taxonomy":"product_tag","embeddable":true,"href":"https:\/\/weinhundert.styleinc.eu\/da\/wp-json\/wp\/v2\/product_tag?post=12361"}],"curies":[{"name":"wp","href":"https:\/\/api.w.org\/{rel}","templated":true}]}}