{"id":12358,"date":"2026-03-03T22:29:42","date_gmt":"2026-03-03T21:29:42","guid":{"rendered":"https:\/\/weinhundert.styleinc.eu\/produkt\/petrolo-torrione-1998-075-l\/"},"modified":"2026-03-10T21:25:52","modified_gmt":"2026-03-10T20:25:52","slug":"petrolo-torrione-1998-075-l","status":"publish","type":"product","link":"https:\/\/weinhundert.styleinc.eu\/da\/produkt\/petrolo-torrione-1998-075-l\/","title":{"rendered":"Petrolo Torrione  1998 0,75 l"},"content":{"rendered":"<p>Dieser Sangiovese aus der Toskana zeigt dir, wie zeitlos gute Weine sein k\u00f6nnen \u2013 auch nach \u00fcber zwei Dekaden. Der Torrione von Petrolo besticht mit intensiver Frucht, feinen W\u00fcrznoten und einer Mineralit\u00e4t, die dich sofort in die toskanischen H\u00fcgel versetzt. Mit 13 % Alkohol sitzt er perfekt im Gleichgewicht, ohne dabei schwer zu wirken. Dieser Wein hat Charakter und Tiefe entwickelt, ohne dabei in die Jahre gekommen zu sein \u2013 ein echter Klassiker, den du jetzt entdecken solltest, bevor er weg ist. Perfekt zu Rotwild, gegrilltem Rind oder auch zu einem w\u00fcrzigen Risotto.<\/p>\n","protected":false},"excerpt":{"rendered":"<p>Toskanischer Sangiovese mit zeitloser Eleganz: intensive Frucht, feine W\u00fcrze und mineralische Tiefe nach zwei Dekaden.<\/p>\n","protected":false},"featured_media":12359,"comment_status":"open","ping_status":"closed","template":"","meta":{"_acf_changed":false,"_et_pb_use_builder":"","_et_pb_old_content":"","_et_gb_content_width":"","inline_featured_image":false,"_price":"39.90","_stock":"6","_tribe_ticket_header":"","_tribe_default_ticket_provider":"","_ticket_start_date":"","_ticket_end_date":"","_tribe_ticket_show_description":"","_tribe_ticket_show_not_going":false,"_tribe_ticket_use_global_stock":"","_tribe_ticket_global_stock_level":"","_global_stock_mode":"","_global_stock_cap":"","_tribe_rsvp_for_event":"","_tribe_ticket_going_count":"","_tribe_ticket_not_going_count":"","_tribe_tickets_list":"[]","_tribe_ticket_has_attendee_info_fields":false},"product_brand":[],"product_cat":[119],"product_tag":[],"class_list":{"0":"post-12358","1":"product","2":"type-product","3":"status-publish","4":"has-post-thumbnail","6":"product_cat-rotwein","8":"first","9":"instock","10":"taxable","11":"shipping-taxable","12":"purchasable","13":"product-type-simple"},"acf":[],"_links":{"self":[{"href":"https:\/\/weinhundert.styleinc.eu\/da\/wp-json\/wp\/v2\/product\/12358","targetHints":{"allow":["GET"]}}],"collection":[{"href":"https:\/\/weinhundert.styleinc.eu\/da\/wp-json\/wp\/v2\/product"}],"about":[{"href":"https:\/\/weinhundert.styleinc.eu\/da\/wp-json\/wp\/v2\/types\/product"}],"replies":[{"embeddable":true,"href":"https:\/\/weinhundert.styleinc.eu\/da\/wp-json\/wp\/v2\/comments?post=12358"}],"wp:featuredmedia":[{"embeddable":true,"href":"https:\/\/weinhundert.styleinc.eu\/da\/wp-json\/wp\/v2\/media\/12359"}],"wp:attachment":[{"href":"https:\/\/weinhundert.styleinc.eu\/da\/wp-json\/wp\/v2\/media?parent=12358"}],"wp:term":[{"taxonomy":"product_brand","embeddable":true,"href":"https:\/\/weinhundert.styleinc.eu\/da\/wp-json\/wp\/v2\/product_brand?post=12358"},{"taxonomy":"product_cat","embeddable":true,"href":"https:\/\/weinhundert.styleinc.eu\/da\/wp-json\/wp\/v2\/product_cat?post=12358"},{"taxonomy":"product_tag","embeddable":true,"href":"https:\/\/weinhundert.styleinc.eu\/da\/wp-json\/wp\/v2\/product_tag?post=12358"}],"curies":[{"name":"wp","href":"https:\/\/api.w.org\/{rel}","templated":true}]}}