{"id":12331,"date":"2026-03-03T22:29:01","date_gmt":"2026-03-03T21:29:01","guid":{"rendered":"https:\/\/weinhundert.styleinc.eu\/?post_type=product&#038;p=12331"},"modified":"2026-03-10T21:25:40","modified_gmt":"2026-03-10T20:25:40","slug":"kim-crawford-chardonnay-2013-075-l","status":"publish","type":"product","link":"https:\/\/weinhundert.styleinc.eu\/da\/produkt\/kim-crawford-chardonnay-2013-075-l\/","title":{"rendered":"Kim Crawford Chardonnay  2013 0,75 l"},"content":{"rendered":"<p>Dieser Chardonnay aus Neuseeland zeigt, dass die Kiwis auch bei klassischen Rebsorten richtig Sachen k\u00f6nnen. Mit seiner frischen S\u00e4ure und feinen Vanillenoten entpuppt sich der Kim Crawford als perfekter Partner f\u00fcr alle, die ihren Chardonnay lieber munter als schwer m\u00f6gen. Das Bouquet erinnert an Zitrusfr\u00fcchte und gebutterte Toast \u2013 ein feines Spiel zwischen Frucht und Tiefe. Probier ihn zu Pasta mit Meeresfr\u00fcchten oder zu leichtem H\u00e4hnchen.<\/p>\n","protected":false},"excerpt":{"rendered":"<p>Neuseel\u00e4ndischer Chardonnay mit Zitrus und Toast-Noten. Frisch, fruchtig und absolut trinkvergn\u00fcglich.<\/p>\n","protected":false},"featured_media":12332,"comment_status":"open","ping_status":"closed","template":"","meta":{"_acf_changed":false,"_et_pb_use_builder":"","_et_pb_old_content":"","_et_gb_content_width":"","inline_featured_image":false,"_price":"11.99","_stock":"-1","_tribe_ticket_header":"","_tribe_default_ticket_provider":"","_ticket_start_date":"","_ticket_end_date":"","_tribe_ticket_show_description":"","_tribe_ticket_show_not_going":false,"_tribe_ticket_use_global_stock":"","_tribe_ticket_global_stock_level":"","_global_stock_mode":"","_global_stock_cap":"","_tribe_rsvp_for_event":"","_tribe_ticket_going_count":"","_tribe_ticket_not_going_count":"","_tribe_tickets_list":"[]","_tribe_ticket_has_attendee_info_fields":false},"product_brand":[],"product_cat":[120],"product_tag":[],"class_list":{"0":"post-12331","1":"product","2":"type-product","3":"status-publish","4":"has-post-thumbnail","6":"product_cat-weisswein","8":"first","9":"outofstock","10":"taxable","11":"shipping-taxable","12":"purchasable","13":"product-type-simple"},"acf":[],"_links":{"self":[{"href":"https:\/\/weinhundert.styleinc.eu\/da\/wp-json\/wp\/v2\/product\/12331","targetHints":{"allow":["GET"]}}],"collection":[{"href":"https:\/\/weinhundert.styleinc.eu\/da\/wp-json\/wp\/v2\/product"}],"about":[{"href":"https:\/\/weinhundert.styleinc.eu\/da\/wp-json\/wp\/v2\/types\/product"}],"replies":[{"embeddable":true,"href":"https:\/\/weinhundert.styleinc.eu\/da\/wp-json\/wp\/v2\/comments?post=12331"}],"wp:featuredmedia":[{"embeddable":true,"href":"https:\/\/weinhundert.styleinc.eu\/da\/wp-json\/wp\/v2\/media\/12332"}],"wp:attachment":[{"href":"https:\/\/weinhundert.styleinc.eu\/da\/wp-json\/wp\/v2\/media?parent=12331"}],"wp:term":[{"taxonomy":"product_brand","embeddable":true,"href":"https:\/\/weinhundert.styleinc.eu\/da\/wp-json\/wp\/v2\/product_brand?post=12331"},{"taxonomy":"product_cat","embeddable":true,"href":"https:\/\/weinhundert.styleinc.eu\/da\/wp-json\/wp\/v2\/product_cat?post=12331"},{"taxonomy":"product_tag","embeddable":true,"href":"https:\/\/weinhundert.styleinc.eu\/da\/wp-json\/wp\/v2\/product_tag?post=12331"}],"curies":[{"name":"wp","href":"https:\/\/api.w.org\/{rel}","templated":true}]}}