{"id":12243,"date":"2026-02-27T08:56:12","date_gmt":"2026-02-27T07:56:12","guid":{"rendered":"https:\/\/weinhundert.styleinc.eu\/produkt\/chateau-desclans-whispering-angel-2024-075-l\/"},"modified":"2026-03-10T21:32:56","modified_gmt":"2026-03-10T20:32:56","slug":"chateau-desclans-whispering-angel-2024-075-l","status":"publish","type":"product","link":"https:\/\/weinhundert.styleinc.eu\/da\/produkt\/chateau-desclans-whispering-angel-2024-075-l\/","title":{"rendered":"Chateau d&#8217;Esclans Whispering Angel 2024 0,75 l"},"content":{"rendered":"<p>Der Chateau d&#8217;Esclans Whispering Angel 2024 ist wie ein Sonnenstrahl an einem warmen Sommertag \u2013 er bringt pure Lebensfreude ins Glas. Mit seiner frischen und fruchtigen Note von reifen Erdbeeren und einem Hauch von Zitrusfr\u00fcchten l\u00e4dt dieser Ros\u00e9 dazu ein, einfach mal die Seele baumeln zu lassen. Aus dem malerischen Provence stammend, verbindet er das Beste aus der Region mit einem unbeschwerten, l\u00e4ssigen Charme. Ob beim Picknick im Park oder beim entspannten Grillabend mit Freunden, dieser Wein ist der perfekte Begleiter. Probiere ihn zu einem leichten Salat mit Ziegenk\u00e4se oder zu frischen Meeresfr\u00fcchten \u2013 du wirst ihn lieben!<\/p>\n","protected":false},"excerpt":{"rendered":"<p>Frischer Provence-Ros\u00e9 mit Erdbeeren und Zitrus \u2013 pure Lebensfreude f\u00fcr Picknick und Grillabend.<\/p>\n","protected":false},"featured_media":12244,"comment_status":"open","ping_status":"closed","template":"","meta":{"_acf_changed":false,"_et_pb_use_builder":"","_et_pb_old_content":"","_et_gb_content_width":"","inline_featured_image":false,"_price":"17.49","_stock":"20","_tribe_ticket_header":"","_tribe_default_ticket_provider":"","_ticket_start_date":"","_ticket_end_date":"","_tribe_ticket_show_description":"","_tribe_ticket_show_not_going":false,"_tribe_ticket_use_global_stock":"","_tribe_ticket_global_stock_level":"","_global_stock_mode":"","_global_stock_cap":"","_tribe_rsvp_for_event":"","_tribe_ticket_going_count":"","_tribe_ticket_not_going_count":"","_tribe_tickets_list":"[]","_tribe_ticket_has_attendee_info_fields":false},"product_brand":[],"product_cat":[135],"product_tag":[],"class_list":{"0":"post-12243","1":"product","2":"type-product","3":"status-publish","4":"has-post-thumbnail","6":"product_cat-rosewein","8":"first","9":"instock","10":"taxable","11":"shipping-taxable","12":"purchasable","13":"product-type-simple"},"acf":[],"_links":{"self":[{"href":"https:\/\/weinhundert.styleinc.eu\/da\/wp-json\/wp\/v2\/product\/12243","targetHints":{"allow":["GET"]}}],"collection":[{"href":"https:\/\/weinhundert.styleinc.eu\/da\/wp-json\/wp\/v2\/product"}],"about":[{"href":"https:\/\/weinhundert.styleinc.eu\/da\/wp-json\/wp\/v2\/types\/product"}],"replies":[{"embeddable":true,"href":"https:\/\/weinhundert.styleinc.eu\/da\/wp-json\/wp\/v2\/comments?post=12243"}],"wp:featuredmedia":[{"embeddable":true,"href":"https:\/\/weinhundert.styleinc.eu\/da\/wp-json\/wp\/v2\/media\/12244"}],"wp:attachment":[{"href":"https:\/\/weinhundert.styleinc.eu\/da\/wp-json\/wp\/v2\/media?parent=12243"}],"wp:term":[{"taxonomy":"product_brand","embeddable":true,"href":"https:\/\/weinhundert.styleinc.eu\/da\/wp-json\/wp\/v2\/product_brand?post=12243"},{"taxonomy":"product_cat","embeddable":true,"href":"https:\/\/weinhundert.styleinc.eu\/da\/wp-json\/wp\/v2\/product_cat?post=12243"},{"taxonomy":"product_tag","embeddable":true,"href":"https:\/\/weinhundert.styleinc.eu\/da\/wp-json\/wp\/v2\/product_tag?post=12243"}],"curies":[{"name":"wp","href":"https:\/\/api.w.org\/{rel}","templated":true}]}}