{"id":12240,"date":"2026-02-27T08:56:05","date_gmt":"2026-02-27T07:56:05","guid":{"rendered":"https:\/\/weinhundert.styleinc.eu\/produkt\/chateau-desclans-rock-angel-2024-075-l\/"},"modified":"2026-03-10T21:32:55","modified_gmt":"2026-03-10T20:32:55","slug":"chateau-desclans-rock-angel-2024-075-l","status":"publish","type":"product","link":"https:\/\/weinhundert.styleinc.eu\/da\/produkt\/chateau-desclans-rock-angel-2024-075-l\/","title":{"rendered":"Chateau d&#8217;Esclans Rock Angel 2024 0,75 l"},"content":{"rendered":"<p>Der Chateau d&#8217;Esclans Rock Angel 2024 ist wie ein frischer Wind aus der Provence, der dich sofort in Urlaubsstimmung versetzt. Mit seinen spritzigen Aromen von Erdbeeren und einem Hauch von Zitrusfr\u00fcchten bringt dieser Ros\u00e9 das Gef\u00fchl von warmen Sommertagen direkt ins Glas. Die Cinsault- und Grenache-Trauben verleihen ihm eine fruchtige Note, die einfach Lust auf mehr macht. Dieser Wein ist der perfekte Begleiter f\u00fcr einen entspannten Abend mit Freunden \u2013 ob zu leichten Salaten, gegrilltem Gem\u00fcse oder einer herzhaften Quiche. G\u00f6nn dir ein Glas und lass dich von der Provence verzaubern!<\/p>\n","protected":false},"excerpt":{"rendered":"<p>Spritziger Provence-Ros\u00e9 mit Erdbeere und Zitrus \u2013 der perfekte Sommerwein f\u00fcr entspannte Abende mit Freunden.<\/p>\n","protected":false},"featured_media":12241,"comment_status":"open","ping_status":"closed","template":"","meta":{"_acf_changed":false,"_et_pb_use_builder":"","_et_pb_old_content":"","_et_gb_content_width":"","inline_featured_image":false,"_price":"23.90","_stock":"18","_tribe_ticket_header":"","_tribe_default_ticket_provider":"","_ticket_start_date":"","_ticket_end_date":"","_tribe_ticket_show_description":"","_tribe_ticket_show_not_going":false,"_tribe_ticket_use_global_stock":"","_tribe_ticket_global_stock_level":"","_global_stock_mode":"","_global_stock_cap":"","_tribe_rsvp_for_event":"","_tribe_ticket_going_count":"","_tribe_ticket_not_going_count":"","_tribe_tickets_list":"[]","_tribe_ticket_has_attendee_info_fields":false},"product_brand":[],"product_cat":[135],"product_tag":[],"class_list":{"0":"post-12240","1":"product","2":"type-product","3":"status-publish","4":"has-post-thumbnail","6":"product_cat-rosewein","8":"first","9":"instock","10":"taxable","11":"shipping-taxable","12":"purchasable","13":"product-type-simple"},"acf":[],"_links":{"self":[{"href":"https:\/\/weinhundert.styleinc.eu\/da\/wp-json\/wp\/v2\/product\/12240","targetHints":{"allow":["GET"]}}],"collection":[{"href":"https:\/\/weinhundert.styleinc.eu\/da\/wp-json\/wp\/v2\/product"}],"about":[{"href":"https:\/\/weinhundert.styleinc.eu\/da\/wp-json\/wp\/v2\/types\/product"}],"replies":[{"embeddable":true,"href":"https:\/\/weinhundert.styleinc.eu\/da\/wp-json\/wp\/v2\/comments?post=12240"}],"wp:featuredmedia":[{"embeddable":true,"href":"https:\/\/weinhundert.styleinc.eu\/da\/wp-json\/wp\/v2\/media\/12241"}],"wp:attachment":[{"href":"https:\/\/weinhundert.styleinc.eu\/da\/wp-json\/wp\/v2\/media?parent=12240"}],"wp:term":[{"taxonomy":"product_brand","embeddable":true,"href":"https:\/\/weinhundert.styleinc.eu\/da\/wp-json\/wp\/v2\/product_brand?post=12240"},{"taxonomy":"product_cat","embeddable":true,"href":"https:\/\/weinhundert.styleinc.eu\/da\/wp-json\/wp\/v2\/product_cat?post=12240"},{"taxonomy":"product_tag","embeddable":true,"href":"https:\/\/weinhundert.styleinc.eu\/da\/wp-json\/wp\/v2\/product_tag?post=12240"}],"curies":[{"name":"wp","href":"https:\/\/api.w.org\/{rel}","templated":true}]}}