{"id":12213,"date":"2026-02-27T08:55:14","date_gmt":"2026-02-27T07:55:14","guid":{"rendered":"https:\/\/weinhundert.styleinc.eu\/produkt\/schneider-mele-kalikimaka-2021-075-l\/"},"modified":"2026-03-10T21:32:50","modified_gmt":"2026-03-10T20:32:50","slug":"schneider-mele-kalikimaka-2021-075-l","status":"publish","type":"product","link":"https:\/\/weinhundert.styleinc.eu\/da\/produkt\/schneider-mele-kalikimaka-2021-075-l\/","title":{"rendered":"Schneider Mele Kalikimaka 2021 0,75 l"},"content":{"rendered":"<p>Lass dich von der Sonne der Pfalz mit dem Schneider Mele Kalikimaka verzaubern! Dieser Rotwein aus 2021 vereint die geschmacklichen St\u00e4rken von Merlot und Cabernet Dosa zu einem fruchtigen Erlebnis, das deine Geschmacksknospen tanzen l\u00e4sst. Mit seinen kr\u00e4ftigen Aromen von reifen Beeren und einem Hauch von Gew\u00fcrzen ist er der perfekte Begleiter f\u00fcr gesellige Abende und entspannte Dinnerpartys. Egal, ob du ihn zu einem saftigen Steak oder einer herzhaften Pasta servierst \u2013 dieser Wein bringt immer gute Laune ins Glas. G\u00f6nn dir einen Schluck und f\u00fchl dich wie im Urlaub!<\/p>\n","protected":false},"excerpt":{"rendered":"<p>Sonnige Pfalz trifft fruchtigen Genuss: Reife Beerennoten und Gew\u00fcrzaromen f\u00fcr gesellige Abende mit Urlaubsfeeling.<\/p>\n","protected":false},"featured_media":12214,"comment_status":"open","ping_status":"closed","template":"","meta":{"_acf_changed":false,"_et_pb_use_builder":"","_et_pb_old_content":"","_et_gb_content_width":"","inline_featured_image":false,"_price":"19.99","_stock":"6","_tribe_ticket_header":"","_tribe_default_ticket_provider":"","_ticket_start_date":"","_ticket_end_date":"","_tribe_ticket_show_description":"","_tribe_ticket_show_not_going":false,"_tribe_ticket_use_global_stock":"","_tribe_ticket_global_stock_level":"","_global_stock_mode":"","_global_stock_cap":"","_tribe_rsvp_for_event":"","_tribe_ticket_going_count":"","_tribe_ticket_not_going_count":"","_tribe_tickets_list":"[]","_tribe_ticket_has_attendee_info_fields":false},"product_brand":[],"product_cat":[119],"product_tag":[],"class_list":{"0":"post-12213","1":"product","2":"type-product","3":"status-publish","4":"has-post-thumbnail","6":"product_cat-rotwein","8":"first","9":"instock","10":"taxable","11":"shipping-taxable","12":"purchasable","13":"product-type-simple"},"acf":[],"_links":{"self":[{"href":"https:\/\/weinhundert.styleinc.eu\/da\/wp-json\/wp\/v2\/product\/12213","targetHints":{"allow":["GET"]}}],"collection":[{"href":"https:\/\/weinhundert.styleinc.eu\/da\/wp-json\/wp\/v2\/product"}],"about":[{"href":"https:\/\/weinhundert.styleinc.eu\/da\/wp-json\/wp\/v2\/types\/product"}],"replies":[{"embeddable":true,"href":"https:\/\/weinhundert.styleinc.eu\/da\/wp-json\/wp\/v2\/comments?post=12213"}],"wp:featuredmedia":[{"embeddable":true,"href":"https:\/\/weinhundert.styleinc.eu\/da\/wp-json\/wp\/v2\/media\/12214"}],"wp:attachment":[{"href":"https:\/\/weinhundert.styleinc.eu\/da\/wp-json\/wp\/v2\/media?parent=12213"}],"wp:term":[{"taxonomy":"product_brand","embeddable":true,"href":"https:\/\/weinhundert.styleinc.eu\/da\/wp-json\/wp\/v2\/product_brand?post=12213"},{"taxonomy":"product_cat","embeddable":true,"href":"https:\/\/weinhundert.styleinc.eu\/da\/wp-json\/wp\/v2\/product_cat?post=12213"},{"taxonomy":"product_tag","embeddable":true,"href":"https:\/\/weinhundert.styleinc.eu\/da\/wp-json\/wp\/v2\/product_tag?post=12213"}],"curies":[{"name":"wp","href":"https:\/\/api.w.org\/{rel}","templated":true}]}}