{"id":12032,"date":"2026-02-27T08:50:24","date_gmt":"2026-02-27T07:50:24","guid":{"rendered":"https:\/\/weinhundert.styleinc.eu\/produkt\/cayuse-cailloux-vineyard-syrah-2007-075-l\/"},"modified":"2026-03-10T21:32:15","modified_gmt":"2026-03-10T20:32:15","slug":"cayuse-cailloux-vineyard-syrah-2007-075-l","status":"publish","type":"product","link":"https:\/\/weinhundert.styleinc.eu\/da\/produkt\/cayuse-cailloux-vineyard-syrah-2007-075-l\/","title":{"rendered":"Cayuse Cailloux Vineyard Syrah 2007 0,75 l"},"content":{"rendered":"<p>Der Cayuse Cailloux Vineyard Syrah aus dem Jahr 2007 ist wie ein Roadtrip durch die Weiten des Washington State \u2013 aufregend und voller \u00dcberraschungen! Mit seinem fruchtigen Charakter und den feinen W\u00fcrznoten zieht er dich sofort in seinen Bann. Hier trifft saftige dunkle Beere auf einen Hauch von Rauch und einer angenehmen Mineralit\u00e4t, die an den Boden der Region erinnert. Dieser Wein ist nicht nur f\u00fcr den gem\u00fctlichen Abend auf der Couch gemacht, sondern auch f\u00fcr gesellige Runden mit Freunden. Am besten passt er zu einem saftigen Steak vom Grill oder zu einer herzhaften Ratatouille. G\u00f6nn dir diesen besonderen Tropfen und lass dich von seinem Charme verzaubern!<\/p>\n","protected":false},"excerpt":{"rendered":"<p>Rauchiger Syrah aus Washington: dunkle Beeren, mineralische W\u00fcrze und perfekter Begleiter zu Grill und Fleisch.<\/p>\n","protected":false},"featured_media":12033,"comment_status":"open","ping_status":"closed","template":"","meta":{"_acf_changed":false,"_et_pb_use_builder":"","_et_pb_old_content":"","_et_gb_content_width":"","inline_featured_image":false,"_price":"199.00","_stock":"3","_tribe_ticket_header":"","_tribe_default_ticket_provider":"","_ticket_start_date":"","_ticket_end_date":"","_tribe_ticket_show_description":"","_tribe_ticket_show_not_going":false,"_tribe_ticket_use_global_stock":"","_tribe_ticket_global_stock_level":"","_global_stock_mode":"","_global_stock_cap":"","_tribe_rsvp_for_event":"","_tribe_ticket_going_count":"","_tribe_ticket_not_going_count":"","_tribe_tickets_list":"[]","_tribe_ticket_has_attendee_info_fields":false},"product_brand":[],"product_cat":[119],"product_tag":[],"class_list":{"0":"post-12032","1":"product","2":"type-product","3":"status-publish","4":"has-post-thumbnail","6":"product_cat-rotwein","8":"first","9":"instock","10":"taxable","11":"shipping-taxable","12":"purchasable","13":"product-type-simple"},"acf":[],"_links":{"self":[{"href":"https:\/\/weinhundert.styleinc.eu\/da\/wp-json\/wp\/v2\/product\/12032","targetHints":{"allow":["GET"]}}],"collection":[{"href":"https:\/\/weinhundert.styleinc.eu\/da\/wp-json\/wp\/v2\/product"}],"about":[{"href":"https:\/\/weinhundert.styleinc.eu\/da\/wp-json\/wp\/v2\/types\/product"}],"replies":[{"embeddable":true,"href":"https:\/\/weinhundert.styleinc.eu\/da\/wp-json\/wp\/v2\/comments?post=12032"}],"wp:featuredmedia":[{"embeddable":true,"href":"https:\/\/weinhundert.styleinc.eu\/da\/wp-json\/wp\/v2\/media\/12033"}],"wp:attachment":[{"href":"https:\/\/weinhundert.styleinc.eu\/da\/wp-json\/wp\/v2\/media?parent=12032"}],"wp:term":[{"taxonomy":"product_brand","embeddable":true,"href":"https:\/\/weinhundert.styleinc.eu\/da\/wp-json\/wp\/v2\/product_brand?post=12032"},{"taxonomy":"product_cat","embeddable":true,"href":"https:\/\/weinhundert.styleinc.eu\/da\/wp-json\/wp\/v2\/product_cat?post=12032"},{"taxonomy":"product_tag","embeddable":true,"href":"https:\/\/weinhundert.styleinc.eu\/da\/wp-json\/wp\/v2\/product_tag?post=12032"}],"curies":[{"name":"wp","href":"https:\/\/api.w.org\/{rel}","templated":true}]}}