{"id":11972,"date":"2026-02-27T08:48:50","date_gmt":"2026-02-27T07:48:50","guid":{"rendered":"https:\/\/weinhundert.styleinc.eu\/produkt\/pinea-korde-rose-2022-075-l\/"},"modified":"2026-03-10T21:31:43","modified_gmt":"2026-03-10T20:31:43","slug":"pinea-korde-rose-2022-075-l","status":"publish","type":"product","link":"https:\/\/weinhundert.styleinc.eu\/da\/produkt\/pinea-korde-rose-2022-075-l\/","title":{"rendered":"Pinea Korde Ros\u00e9 2022 0,75 l"},"content":{"rendered":"<p>Mach dich bereit, in die sonnigen Weiten Spaniens einzutauchen! Der Pinea Korde Ros\u00e9 2022 aus der ber\u00fchmten Ribera del Duero Region ist ein echtes Fruchtfeuerwerk, das dich mit seinen Aromen von saftigen Erdbeeren und frischen Himbeeren direkt in den Sommer katapultiert. Der Mix aus den Rebsorten Albillo Mayor und Tempranillo bringt eine spritzige Frische mit, die perfekt ins Glas passt, egal ob du am Strand chillst oder mit Freunden beim Grillen anst\u00f6\u00dft. Mit seinen 15% Alkohol hat er einen angenehmen Biss, der Lust auf mehr macht. Probiere ihn zu gegrilltem Gem\u00fcse oder einem knackigen Salat \u2013 der perfekte Begleiter f\u00fcr unvergessliche Momente!<\/p>\n","protected":false},"excerpt":{"rendered":"<p>Fruchtiges Feuerwerk aus Spanien: Erdbeeren und Himbeeren treffen spritzige Frische \u2013 perfekt zu Grill und Salat.<\/p>\n","protected":false},"featured_media":11973,"comment_status":"open","ping_status":"closed","template":"","meta":{"_acf_changed":false,"_et_pb_use_builder":"","_et_pb_old_content":"","_et_gb_content_width":"","inline_featured_image":false,"_price":"54.90","_stock":"15","_tribe_ticket_header":"","_tribe_default_ticket_provider":"","_ticket_start_date":"","_ticket_end_date":"","_tribe_ticket_show_description":"","_tribe_ticket_show_not_going":false,"_tribe_ticket_use_global_stock":"","_tribe_ticket_global_stock_level":"","_global_stock_mode":"","_global_stock_cap":"","_tribe_rsvp_for_event":"","_tribe_ticket_going_count":"","_tribe_ticket_not_going_count":"","_tribe_tickets_list":"[]","_tribe_ticket_has_attendee_info_fields":false},"product_brand":[],"product_cat":[135],"product_tag":[],"class_list":{"0":"post-11972","1":"product","2":"type-product","3":"status-publish","4":"has-post-thumbnail","6":"product_cat-rosewein","8":"first","9":"instock","10":"taxable","11":"shipping-taxable","12":"purchasable","13":"product-type-simple"},"acf":[],"_links":{"self":[{"href":"https:\/\/weinhundert.styleinc.eu\/da\/wp-json\/wp\/v2\/product\/11972","targetHints":{"allow":["GET"]}}],"collection":[{"href":"https:\/\/weinhundert.styleinc.eu\/da\/wp-json\/wp\/v2\/product"}],"about":[{"href":"https:\/\/weinhundert.styleinc.eu\/da\/wp-json\/wp\/v2\/types\/product"}],"replies":[{"embeddable":true,"href":"https:\/\/weinhundert.styleinc.eu\/da\/wp-json\/wp\/v2\/comments?post=11972"}],"wp:featuredmedia":[{"embeddable":true,"href":"https:\/\/weinhundert.styleinc.eu\/da\/wp-json\/wp\/v2\/media\/11973"}],"wp:attachment":[{"href":"https:\/\/weinhundert.styleinc.eu\/da\/wp-json\/wp\/v2\/media?parent=11972"}],"wp:term":[{"taxonomy":"product_brand","embeddable":true,"href":"https:\/\/weinhundert.styleinc.eu\/da\/wp-json\/wp\/v2\/product_brand?post=11972"},{"taxonomy":"product_cat","embeddable":true,"href":"https:\/\/weinhundert.styleinc.eu\/da\/wp-json\/wp\/v2\/product_cat?post=11972"},{"taxonomy":"product_tag","embeddable":true,"href":"https:\/\/weinhundert.styleinc.eu\/da\/wp-json\/wp\/v2\/product_tag?post=11972"}],"curies":[{"name":"wp","href":"https:\/\/api.w.org\/{rel}","templated":true}]}}