{"id":11969,"date":"2026-02-27T08:48:44","date_gmt":"2026-02-27T07:48:44","guid":{"rendered":"https:\/\/weinhundert.styleinc.eu\/produkt\/pinea-17-2021-075-l\/"},"modified":"2026-03-10T21:31:42","modified_gmt":"2026-03-10T20:31:42","slug":"pinea-17-2021-075-l","status":"publish","type":"product","link":"https:\/\/weinhundert.styleinc.eu\/da\/produkt\/pinea-17-2021-075-l\/","title":{"rendered":"Pinea 17 2021 0,75 l"},"content":{"rendered":"<p>Lass dich von Pinea 17 aus der traumhaften Region Ribera del Duero verzaubern! Dieser Rotwein aus dem Jahr 2021 bringt die Seele Spaniens direkt in dein Glas. Hergestellt aus der charaktervollen Tempranillo-Traube, entfaltet er Aromen von reifen Kirschen und einer feinen W\u00fcrze, die dich sofort in seinen Bann ziehen. Mit einem kr\u00e4ftigen Alkoholgehalt von 15 % passt er perfekt zu herzhaften Gerichten wie einer saftigen Lammkeule oder einem w\u00fcrzigen Rindfleisch-Eintopf. Mach es dir gem\u00fctlich, schnapp dir eine Flasche Pinea 17 und lass die Geschmacksexplosion beginnen \u2013 cheers!<\/p>\n","protected":false},"excerpt":{"rendered":"<p>Temperamentvoller Tempranillo aus Ribera del Duero mit Kirschen und W\u00fcrze. Kraftvoll, charakterstark und perfekt zu Fleischgerichten.<\/p>\n","protected":false},"featured_media":11970,"comment_status":"open","ping_status":"closed","template":"","meta":{"_acf_changed":false,"_et_pb_use_builder":"","_et_pb_old_content":"","_et_gb_content_width":"","inline_featured_image":false,"_price":"59.90","_stock":"41","_tribe_ticket_header":"","_tribe_default_ticket_provider":"","_ticket_start_date":"","_ticket_end_date":"","_tribe_ticket_show_description":"","_tribe_ticket_show_not_going":false,"_tribe_ticket_use_global_stock":"","_tribe_ticket_global_stock_level":"","_global_stock_mode":"","_global_stock_cap":"","_tribe_rsvp_for_event":"","_tribe_ticket_going_count":"","_tribe_ticket_not_going_count":"","_tribe_tickets_list":"[]","_tribe_ticket_has_attendee_info_fields":false},"product_brand":[],"product_cat":[119],"product_tag":[],"class_list":{"0":"post-11969","1":"product","2":"type-product","3":"status-publish","4":"has-post-thumbnail","6":"product_cat-rotwein","8":"first","9":"instock","10":"taxable","11":"shipping-taxable","12":"purchasable","13":"product-type-simple"},"acf":[],"_links":{"self":[{"href":"https:\/\/weinhundert.styleinc.eu\/da\/wp-json\/wp\/v2\/product\/11969","targetHints":{"allow":["GET"]}}],"collection":[{"href":"https:\/\/weinhundert.styleinc.eu\/da\/wp-json\/wp\/v2\/product"}],"about":[{"href":"https:\/\/weinhundert.styleinc.eu\/da\/wp-json\/wp\/v2\/types\/product"}],"replies":[{"embeddable":true,"href":"https:\/\/weinhundert.styleinc.eu\/da\/wp-json\/wp\/v2\/comments?post=11969"}],"wp:featuredmedia":[{"embeddable":true,"href":"https:\/\/weinhundert.styleinc.eu\/da\/wp-json\/wp\/v2\/media\/11970"}],"wp:attachment":[{"href":"https:\/\/weinhundert.styleinc.eu\/da\/wp-json\/wp\/v2\/media?parent=11969"}],"wp:term":[{"taxonomy":"product_brand","embeddable":true,"href":"https:\/\/weinhundert.styleinc.eu\/da\/wp-json\/wp\/v2\/product_brand?post=11969"},{"taxonomy":"product_cat","embeddable":true,"href":"https:\/\/weinhundert.styleinc.eu\/da\/wp-json\/wp\/v2\/product_cat?post=11969"},{"taxonomy":"product_tag","embeddable":true,"href":"https:\/\/weinhundert.styleinc.eu\/da\/wp-json\/wp\/v2\/product_tag?post=11969"}],"curies":[{"name":"wp","href":"https:\/\/api.w.org\/{rel}","templated":true}]}}