{"id":11956,"date":"2026-02-27T08:48:22","date_gmt":"2026-02-27T07:48:22","guid":{"rendered":"https:\/\/weinhundert.styleinc.eu\/produkt\/dreissigacker-wunderwerk-grauburgunder-2022-075-l\/"},"modified":"2026-03-10T21:31:39","modified_gmt":"2026-03-10T20:31:39","slug":"dreissigacker-wunderwerk-grauburgunder-2022-075-l","status":"publish","type":"product","link":"https:\/\/weinhundert.styleinc.eu\/da\/produkt\/dreissigacker-wunderwerk-grauburgunder-2022-075-l\/","title":{"rendered":"Dreissigacker Wunderwerk Grauburgunder 2022 0,75 l"},"content":{"rendered":"<p>Entdecke den Dreissigacker Wunderwerk Grauburgunder aus dem Jahr 2022 \u2013 ein Wei\u00dfwein, der dir die Sonne Rheinhessens direkt ins Glas bringt! Mit seinen fruchtigen Aromen von saftigen Birnen und einem Hauch von Zitrus ist dieser Grauburgunder der perfekte Begleiter f\u00fcr entspannte Abende mit Freunden. Er bringt eine erfrischende Leichtigkeit mit, die Lust auf mehr macht. Ideal zu gegrilltem Fisch oder einer knackigen Sommersalat-Bowl, sorgt er f\u00fcr das richtige Feeling und hebt jede Gelegenheit auf ein neues Level. G\u00f6nn dir diesen kleinen Genussmoment und lass dich von seinem Charakter \u00fcberraschen!<\/p>\n","protected":false},"excerpt":{"rendered":"<p>Sonnige Birnen und Zitrus: Dieser Grauburgunder bringt Rheinhessens Leichtigkeit ins Glas \u2013 perfekt zu Fisch und Salat.<\/p>\n","protected":false},"featured_media":11957,"comment_status":"open","ping_status":"closed","template":"","meta":{"_acf_changed":false,"_et_pb_use_builder":"","_et_pb_old_content":"","_et_gb_content_width":"","inline_featured_image":false,"_price":"26.90","_stock":"6","_tribe_ticket_header":"","_tribe_default_ticket_provider":"","_ticket_start_date":"","_ticket_end_date":"","_tribe_ticket_show_description":"","_tribe_ticket_show_not_going":false,"_tribe_ticket_use_global_stock":"","_tribe_ticket_global_stock_level":"","_global_stock_mode":"","_global_stock_cap":"","_tribe_rsvp_for_event":"","_tribe_ticket_going_count":"","_tribe_ticket_not_going_count":"","_tribe_tickets_list":"[]","_tribe_ticket_has_attendee_info_fields":false},"product_brand":[],"product_cat":[120],"product_tag":[],"class_list":{"0":"post-11956","1":"product","2":"type-product","3":"status-publish","4":"has-post-thumbnail","6":"product_cat-weisswein","8":"first","9":"instock","10":"taxable","11":"shipping-taxable","12":"purchasable","13":"product-type-simple"},"acf":[],"_links":{"self":[{"href":"https:\/\/weinhundert.styleinc.eu\/da\/wp-json\/wp\/v2\/product\/11956","targetHints":{"allow":["GET"]}}],"collection":[{"href":"https:\/\/weinhundert.styleinc.eu\/da\/wp-json\/wp\/v2\/product"}],"about":[{"href":"https:\/\/weinhundert.styleinc.eu\/da\/wp-json\/wp\/v2\/types\/product"}],"replies":[{"embeddable":true,"href":"https:\/\/weinhundert.styleinc.eu\/da\/wp-json\/wp\/v2\/comments?post=11956"}],"wp:featuredmedia":[{"embeddable":true,"href":"https:\/\/weinhundert.styleinc.eu\/da\/wp-json\/wp\/v2\/media\/11957"}],"wp:attachment":[{"href":"https:\/\/weinhundert.styleinc.eu\/da\/wp-json\/wp\/v2\/media?parent=11956"}],"wp:term":[{"taxonomy":"product_brand","embeddable":true,"href":"https:\/\/weinhundert.styleinc.eu\/da\/wp-json\/wp\/v2\/product_brand?post=11956"},{"taxonomy":"product_cat","embeddable":true,"href":"https:\/\/weinhundert.styleinc.eu\/da\/wp-json\/wp\/v2\/product_cat?post=11956"},{"taxonomy":"product_tag","embeddable":true,"href":"https:\/\/weinhundert.styleinc.eu\/da\/wp-json\/wp\/v2\/product_tag?post=11956"}],"curies":[{"name":"wp","href":"https:\/\/api.w.org\/{rel}","templated":true}]}}