{"id":11941,"date":"2026-02-27T08:48:00","date_gmt":"2026-02-27T07:48:00","guid":{"rendered":"https:\/\/weinhundert.styleinc.eu\/produkt\/dreissigacker-einzigacker-weissburgunder-2020-075-l\/"},"modified":"2026-03-10T21:31:36","modified_gmt":"2026-03-10T20:31:36","slug":"dreissigacker-einzigacker-weissburgunder-2020-075-l","status":"publish","type":"product","link":"https:\/\/weinhundert.styleinc.eu\/da\/produkt\/dreissigacker-einzigacker-weissburgunder-2020-075-l\/","title":{"rendered":"Dreissigacker Einzigacker Weissburgunder 2020 0,75 l"},"content":{"rendered":"<p>Entdecke den Dreissigacker Einzigacker Weissburgunder 2020 \u2013 ein Wein, der dich mit seiner charmanten Frische sofort in seinen Bann zieht. Aus der sonnenverw\u00f6hnten Region Rheinhessen stammend, vereint dieser Weissburgunder die besten Eigenschaften seiner Rebsorte und bringt fruchtige Aromen von knackigen \u00c4pfeln und saftigen Birnen in dein Glas. Der 14,5% Alkoholgehalt sorgt f\u00fcr einen angenehm runden Abgang, der dir den perfekten Schluck Genuss schenkt. Egal, ob du ihn solo genie\u00dft oder zu einem leichten Fischgericht oder einer sommerlichen Gem\u00fcsepfanne servierst \u2013 dieser Wein ist immer eine gute Wahl. G\u00f6nn dir ein St\u00fcck Rheinhessen und lass dich begeistern!<\/p>\n","protected":false},"excerpt":{"rendered":"<p>Frische Rheinhessen-Eleganz: Knackige Apfel- und Birnennoten, angenehm rund mit 14,5% Alkohol \u2013 perfekt zu Fisch und Gem\u00fcse.<\/p>\n","protected":false},"featured_media":11942,"comment_status":"open","ping_status":"closed","template":"","meta":{"_acf_changed":false,"_et_pb_use_builder":"","_et_pb_old_content":"","_et_gb_content_width":"","inline_featured_image":false,"_price":"103.00","_stock":"6","_tribe_ticket_header":"","_tribe_default_ticket_provider":"","_ticket_start_date":"","_ticket_end_date":"","_tribe_ticket_show_description":"","_tribe_ticket_show_not_going":false,"_tribe_ticket_use_global_stock":"","_tribe_ticket_global_stock_level":"","_global_stock_mode":"","_global_stock_cap":"","_tribe_rsvp_for_event":"","_tribe_ticket_going_count":"","_tribe_ticket_not_going_count":"","_tribe_tickets_list":"[]","_tribe_ticket_has_attendee_info_fields":false},"product_brand":[],"product_cat":[120],"product_tag":[],"class_list":{"0":"post-11941","1":"product","2":"type-product","3":"status-publish","4":"has-post-thumbnail","6":"product_cat-weisswein","8":"first","9":"instock","10":"taxable","11":"shipping-taxable","12":"purchasable","13":"product-type-simple"},"acf":[],"_links":{"self":[{"href":"https:\/\/weinhundert.styleinc.eu\/da\/wp-json\/wp\/v2\/product\/11941","targetHints":{"allow":["GET"]}}],"collection":[{"href":"https:\/\/weinhundert.styleinc.eu\/da\/wp-json\/wp\/v2\/product"}],"about":[{"href":"https:\/\/weinhundert.styleinc.eu\/da\/wp-json\/wp\/v2\/types\/product"}],"replies":[{"embeddable":true,"href":"https:\/\/weinhundert.styleinc.eu\/da\/wp-json\/wp\/v2\/comments?post=11941"}],"wp:featuredmedia":[{"embeddable":true,"href":"https:\/\/weinhundert.styleinc.eu\/da\/wp-json\/wp\/v2\/media\/11942"}],"wp:attachment":[{"href":"https:\/\/weinhundert.styleinc.eu\/da\/wp-json\/wp\/v2\/media?parent=11941"}],"wp:term":[{"taxonomy":"product_brand","embeddable":true,"href":"https:\/\/weinhundert.styleinc.eu\/da\/wp-json\/wp\/v2\/product_brand?post=11941"},{"taxonomy":"product_cat","embeddable":true,"href":"https:\/\/weinhundert.styleinc.eu\/da\/wp-json\/wp\/v2\/product_cat?post=11941"},{"taxonomy":"product_tag","embeddable":true,"href":"https:\/\/weinhundert.styleinc.eu\/da\/wp-json\/wp\/v2\/product_tag?post=11941"}],"curies":[{"name":"wp","href":"https:\/\/api.w.org\/{rel}","templated":true}]}}